{"id":4113,"date":"2023-06-07T13:13:51","date_gmt":"2023-06-07T06:13:51","guid":{"rendered":"https:\/\/emotionguitars.com\/?post_type=product&#038;p=4113"},"modified":"2025-04-21T21:09:34","modified_gmt":"2025-04-21T14:09:34","slug":"matsuoka-mh100","status":"publish","type":"product","link":"https:\/\/emotionguitars.com\/en\/product\/matsuoka-mh100\/","title":{"rendered":"Matsuoka MH100 (excellent)"},"content":{"rendered":"<p>C\u00e2y \u0111\u00e0n \u0111\u01b0\u1ee3c th\u1ef1c hi\u1ec7n theo ki\u1ec3u d\u00e1ng v\u00e0 h\u1ec7 nan c\u1ee7a Hermann Hauser, v\u1edbi s\u1ef1 thanh l\u1ecbch c\u1ee7a ngo\u1ea1i h\u00ecnh v\u00e0 c\u00e2n \u0111\u1ed1i, trang tr\u1ecdng c\u1ee7a \u00e2m thanh.<\/p>\n<p>Matsuoka MH100 l\u00e2u nay \u0111\u00e3 l\u00e0 s\u1ef1 l\u1ef1a ch\u1ecdn c\u1ee7a nhi\u1ec1u b\u1ea1n y\u00eau guitar c\u1ea3 trong v\u00e0 ngo\u00e0i c\u00e1c tr\u01b0\u1eddng \u0111\u00e0o t\u1ea1o guitar chuy\u00ean s\u00e2u.<\/p>\n<p>\u2022 Th\u00f4ng s\u1ed1 \u0111\u00e0n:<\/p>\n<p>Top: spruce<\/p>\n<p>Back, side: India rose wood<\/p>\n<p>Scale, nut: 650mm, 52mm<\/p>\n<p>K\u00e8m case v\u00e0 d\u00e2y Savarez 500CR<\/p>","protected":false},"excerpt":{"rendered":"<p>C\u00e2y \u0111\u00e0n \u0111\u01b0\u1ee3c th\u1ef1c hi\u1ec7n theo ki\u1ec3u d\u00e1ng v\u00e0 h\u1ec7 nan c\u1ee7a Hermann Hauser, v\u1edbi s\u1ef1 thanh l\u1ecbch c\u1ee7a ngo\u1ea1i h\u00ecnh v\u00e0 c\u00e2n \u0111\u1ed1i, trang tr\u1ecdng c\u1ee7a \u00e2m thanh. Matsuoka MH100 l\u00e2u nay \u0111\u00e3 l\u00e0 s\u1ef1 l\u1ef1a ch\u1ecdn c\u1ee7a nhi\u1ec1u b\u1ea1n y\u00eau guitar c\u1ea3 trong v\u00e0 ngo\u00e0i c\u00e1c tr\u01b0\u1eddng \u0111\u00e0o t\u1ea1o guitar chuy\u00ean s\u00e2u. \u2022&#8230;<\/p>","protected":false},"featured_media":4114,"template":"","meta":[],"product_cat":[20,15],"product_tag":[],"class_list":["post-4113","product","type-product","status-publish","has-post-thumbnail","hentry","product_cat-dan-guitar","product_cat-chua-phan-loai"],"_links":{"self":[{"href":"https:\/\/emotionguitars.com\/en\/wp-json\/wp\/v2\/product\/4113","targetHints":{"allow":["GET"]}}],"collection":[{"href":"https:\/\/emotionguitars.com\/en\/wp-json\/wp\/v2\/product"}],"about":[{"href":"https:\/\/emotionguitars.com\/en\/wp-json\/wp\/v2\/types\/product"}],"wp:featuredmedia":[{"embeddable":true,"href":"https:\/\/emotionguitars.com\/en\/wp-json\/wp\/v2\/media\/4114"}],"wp:attachment":[{"href":"https:\/\/emotionguitars.com\/en\/wp-json\/wp\/v2\/media?parent=4113"}],"wp:term":[{"taxonomy":"product_cat","embeddable":true,"href":"https:\/\/emotionguitars.com\/en\/wp-json\/wp\/v2\/product_cat?post=4113"},{"taxonomy":"product_tag","embeddable":true,"href":"https:\/\/emotionguitars.com\/en\/wp-json\/wp\/v2\/product_tag?post=4113"}],"curies":[{"name":"wp","href":"https:\/\/api.w.org\/{rel}","templated":true}]}}