{"id":4121,"date":"2023-06-07T13:20:35","date_gmt":"2023-06-07T06:20:35","guid":{"rendered":"https:\/\/emotionguitars.com\/?post_type=product&#038;p=4121"},"modified":"2025-04-21T21:10:56","modified_gmt":"2025-04-21T14:10:56","slug":"matsuoka-mr150-excellent","status":"publish","type":"product","link":"https:\/\/emotionguitars.com\/en\/product\/matsuoka-mr150-excellent\/","title":{"rendered":"Matsuoka mr150 (excellent)"},"content":{"rendered":"<p>C\u00e2y \u0111\u00e0n c\u00f3 ngo\u1ea1i h\u00ecnh r\u1ea5t \u0111\u1eb9p c\u00f9ng \u00e2m thanh nh\u00e3 nh\u1eb7n, truy\u1ec1n c\u1ea3m. L\u00e2u nay, Matsuoka d\u00f2ng MR l\u00e0 m\u01a1 \u01b0\u1edbc c\u1ee7a nhi\u1ec1u ng\u01b0\u1eddi y\u00eau \u0111\u00e0n guitar classic t\u1ea1i Vi\u1ec7t Nam. \u0110\u1ed1i v\u1edbi c\u00e1c m\u1eabu n\u00e0y, s\u1ed1 l\u01b0\u1ee3ng ng\u00e0y c\u00e0ng \u00edt \u0111i v\u00e0 nh\u1eefng ng\u01b0\u1eddi may m\u1eafn s\u1edf h\u1eefu \u0111\u01b0\u1ee3c s\u1ebd r\u1ea5t \u00edt khi b\u00e1n l\u1ea1i.<\/p>\n<p>C\u00f3 th\u1ec3 n\u00f3i, Matsuoka mr150 l\u00e0 m\u1ed9t c\u00e2y \u0111\u00e0n trong t\u1ea7m gi\u00e1 30 tri\u1ec7u r\u1ea5t \u0111\u00e1ng s\u1edf h\u1eefu.<\/p>","protected":false},"excerpt":{"rendered":"<p>C\u00e2y \u0111\u00e0n c\u00f3 ngo\u1ea1i h\u00ecnh r\u1ea5t \u0111\u1eb9p c\u00f9ng \u00e2m thanh nh\u00e3 nh\u1eb7n, truy\u1ec1n c\u1ea3m. L\u00e2u nay, Matsuoka d\u00f2ng MR l\u00e0 m\u01a1 \u01b0\u1edbc c\u1ee7a nhi\u1ec1u ng\u01b0\u1eddi y\u00eau \u0111\u00e0n guitar classic t\u1ea1i Vi\u1ec7t Nam. \u0110\u1ed1i v\u1edbi c\u00e1c m\u1eabu n\u00e0y, s\u1ed1 l\u01b0\u1ee3ng ng\u00e0y c\u00e0ng \u00edt \u0111i v\u00e0 nh\u1eefng ng\u01b0\u1eddi may m\u1eafn s\u1edf h\u1eefu \u0111\u01b0\u1ee3c s\u1ebd r\u1ea5t \u00edt khi&#8230;<\/p>","protected":false},"featured_media":4122,"template":"","meta":[],"product_cat":[20,213],"product_tag":[],"class_list":["post-4121","product","type-product","status-publish","has-post-thumbnail","hentry","product_cat-dan-guitar","product_cat-dan-cao-cap"],"_links":{"self":[{"href":"https:\/\/emotionguitars.com\/en\/wp-json\/wp\/v2\/product\/4121","targetHints":{"allow":["GET"]}}],"collection":[{"href":"https:\/\/emotionguitars.com\/en\/wp-json\/wp\/v2\/product"}],"about":[{"href":"https:\/\/emotionguitars.com\/en\/wp-json\/wp\/v2\/types\/product"}],"wp:featuredmedia":[{"embeddable":true,"href":"https:\/\/emotionguitars.com\/en\/wp-json\/wp\/v2\/media\/4122"}],"wp:attachment":[{"href":"https:\/\/emotionguitars.com\/en\/wp-json\/wp\/v2\/media?parent=4121"}],"wp:term":[{"taxonomy":"product_cat","embeddable":true,"href":"https:\/\/emotionguitars.com\/en\/wp-json\/wp\/v2\/product_cat?post=4121"},{"taxonomy":"product_tag","embeddable":true,"href":"https:\/\/emotionguitars.com\/en\/wp-json\/wp\/v2\/product_tag?post=4121"}],"curies":[{"name":"wp","href":"https:\/\/api.w.org\/{rel}","templated":true}]}}