{"id":4128,"date":"2023-06-07T13:39:29","date_gmt":"2023-06-07T06:39:29","guid":{"rendered":"https:\/\/emotionguitars.com\/?post_type=product&#038;p=4128"},"modified":"2025-05-16T06:06:44","modified_gmt":"2025-05-15T23:06:44","slug":"masaru-kohno-5-1969-excellent","status":"publish","type":"product","link":"https:\/\/emotionguitars.com\/en\/product\/masaru-kohno-5-1969-excellent\/","title":{"rendered":"Masaru Kohno 5 &#8211; 1969 (excellent)"},"content":{"rendered":"<p>Nh\u1eefng n\u0103m tr\u01b0\u1edbc 1970, \u0111\u00e0n Kohno \u0111\u1eb7c bi\u1ec7t gi\u00e1 tr\u1ecb v\u00ec Kohno m\u1edbi d\u00e0nh gi\u1ea3i nh\u1ea5t guitar th\u1ebf gi\u1edbi t\u1ea1i B\u1ec9 v\u00e0 ch\u01b0a m\u1edf r\u1ed9ng quy m\u00f4 c\u0169ng nh\u01b0 v\u1eabn gi\u1eef c\u00e1c ti\u00eau chu\u1ea9n \u00e2m thanh c\u0169 c\u1ee7a m\u00ecnh.<\/p>\n<p>Kohno 5 &#8211; 1969 t\u1ea1i show room c\u00f3 \u0111\u1ed9 m\u1edbi \u0111\u1eb7c bi\u1ec7t, ho\u00e0n to\u00e0n nguy\u00ean b\u1ea3n d\u00f9 \u0111\u00e3 h\u01a1n 50 n\u0103m tu\u1ed5i. C\u1ea7n \u0111\u00e0n v\u00e0 action ho\u00e0n h\u1ea3o.<\/p>\n<p>\u2022 Th\u00f4ng s\u1ed1 \u0111\u00e0n:<\/p>\n<p>Top: spruce<\/p>\n<p>Back, side: Indian rose wood<\/p>\n<p>Scale, nut: 655mm, 52mm<\/p>\n<p>K\u00e8m case v\u00e0 d\u00e2y Savarez<\/p>","protected":false},"excerpt":{"rendered":"<p>Nh\u1eefng n\u0103m tr\u01b0\u1edbc 1970, \u0111\u00e0n Kohno \u0111\u1eb7c bi\u1ec7t gi\u00e1 tr\u1ecb v\u00ec Kohno m\u1edbi d\u00e0nh gi\u1ea3i nh\u1ea5t guitar th\u1ebf gi\u1edbi t\u1ea1i B\u1ec9 v\u00e0 ch\u01b0a m\u1edf r\u1ed9ng quy m\u00f4 c\u0169ng nh\u01b0 v\u1eabn gi\u1eef c\u00e1c ti\u00eau chu\u1ea9n \u00e2m thanh c\u0169 c\u1ee7a m\u00ecnh. Kohno 5 &#8211; 1969 t\u1ea1i show room c\u00f3 \u0111\u1ed9 m\u1edbi \u0111\u1eb7c bi\u1ec7t, ho\u00e0n to\u00e0n nguy\u00ean b\u1ea3n&#8230;<\/p>","protected":false},"featured_media":4129,"template":"","meta":[],"product_cat":[533,20,25,213],"product_tag":[203,692,693],"class_list":["post-4128","product","type-product","status-publish","has-post-thumbnail","hentry","product_cat-luxury","product_cat-dan-guitar","product_cat-sakurai-kohno","product_cat-dan-cao-cap","product_tag-ban-guitar-cao-cap","product_tag-kohno-5-1969","product_tag-sale-guitar-classic"],"_links":{"self":[{"href":"https:\/\/emotionguitars.com\/en\/wp-json\/wp\/v2\/product\/4128","targetHints":{"allow":["GET"]}}],"collection":[{"href":"https:\/\/emotionguitars.com\/en\/wp-json\/wp\/v2\/product"}],"about":[{"href":"https:\/\/emotionguitars.com\/en\/wp-json\/wp\/v2\/types\/product"}],"wp:featuredmedia":[{"embeddable":true,"href":"https:\/\/emotionguitars.com\/en\/wp-json\/wp\/v2\/media\/4129"}],"wp:attachment":[{"href":"https:\/\/emotionguitars.com\/en\/wp-json\/wp\/v2\/media?parent=4128"}],"wp:term":[{"taxonomy":"product_cat","embeddable":true,"href":"https:\/\/emotionguitars.com\/en\/wp-json\/wp\/v2\/product_cat?post=4128"},{"taxonomy":"product_tag","embeddable":true,"href":"https:\/\/emotionguitars.com\/en\/wp-json\/wp\/v2\/product_tag?post=4128"}],"curies":[{"name":"wp","href":"https:\/\/api.w.org\/{rel}","templated":true}]}}