{"id":4137,"date":"2023-06-09T00:50:33","date_gmt":"2023-06-08T17:50:33","guid":{"rendered":"https:\/\/emotionguitars.com\/?post_type=product&#038;p=4137"},"modified":"2025-04-21T21:11:29","modified_gmt":"2025-04-21T14:11:29","slug":"kodaira-ast60-like-new","status":"publish","type":"product","link":"https:\/\/emotionguitars.com\/en\/product\/kodaira-ast60-like-new\/","title":{"rendered":"Kodaira Ast60 (like new)"},"content":{"rendered":"<p>C\u00e2y \u0111\u00e0n Nh\u1eadt g\u1ea7n nh\u01b0 m\u1edbi 100%, c\u00f3 v\u1ebb nh\u01b0 tr\u01b0\u1edbc khi \u0111\u01b0\u1ee3c \u0111\u1ea5u gi\u00e1 v\u1ec1 \u0111\u1ebfn VN, c\u00e2y \u0111\u00e0n n\u00e0y v\u1eabn ch\u01b0a \u0111\u01b0\u1ee3c s\u1eed d\u1ee5ng.<\/p>\n<p>\u00c2m thanh d\u1ec5 ch\u1ecbu v\u00e0 h\u00e0i h\u00f2a, \u00e2m l\u01b0\u1ee3ng t\u1ed1t.<\/p>","protected":false},"excerpt":{"rendered":"<p>C\u00e2y \u0111\u00e0n Nh\u1eadt g\u1ea7n nh\u01b0 m\u1edbi 100%, c\u00f3 v\u1ebb nh\u01b0 tr\u01b0\u1edbc khi \u0111\u01b0\u1ee3c \u0111\u1ea5u gi\u00e1 v\u1ec1 \u0111\u1ebfn VN, c\u00e2y \u0111\u00e0n n\u00e0y v\u1eabn ch\u01b0a \u0111\u01b0\u1ee3c s\u1eed d\u1ee5ng. \u00c2m thanh d\u1ec5 ch\u1ecbu v\u00e0 h\u00e0i h\u00f2a, \u00e2m l\u01b0\u1ee3ng t\u1ed1t.<\/p>","protected":false},"featured_media":4138,"template":"","meta":[],"product_cat":[20,15],"product_tag":[],"class_list":["post-4137","product","type-product","status-publish","has-post-thumbnail","hentry","product_cat-dan-guitar","product_cat-chua-phan-loai"],"_links":{"self":[{"href":"https:\/\/emotionguitars.com\/en\/wp-json\/wp\/v2\/product\/4137","targetHints":{"allow":["GET"]}}],"collection":[{"href":"https:\/\/emotionguitars.com\/en\/wp-json\/wp\/v2\/product"}],"about":[{"href":"https:\/\/emotionguitars.com\/en\/wp-json\/wp\/v2\/types\/product"}],"wp:featuredmedia":[{"embeddable":true,"href":"https:\/\/emotionguitars.com\/en\/wp-json\/wp\/v2\/media\/4138"}],"wp:attachment":[{"href":"https:\/\/emotionguitars.com\/en\/wp-json\/wp\/v2\/media?parent=4137"}],"wp:term":[{"taxonomy":"product_cat","embeddable":true,"href":"https:\/\/emotionguitars.com\/en\/wp-json\/wp\/v2\/product_cat?post=4137"},{"taxonomy":"product_tag","embeddable":true,"href":"https:\/\/emotionguitars.com\/en\/wp-json\/wp\/v2\/product_tag?post=4137"}],"curies":[{"name":"wp","href":"https:\/\/api.w.org\/{rel}","templated":true}]}}