{"id":4145,"date":"2023-06-09T12:22:48","date_gmt":"2023-06-09T05:22:48","guid":{"rendered":"https:\/\/emotionguitars.com\/?post_type=product&#038;p=4145"},"modified":"2025-04-21T21:14:13","modified_gmt":"2025-04-21T14:14:13","slug":"masaru-kohno-10-1974-excellent","status":"publish","type":"product","link":"https:\/\/emotionguitars.com\/en\/product\/masaru-kohno-10-1974-excellent\/","title":{"rendered":"Masaru Kohno 10 &#8211; 1974 (excellent)"},"content":{"rendered":"<p>Masaru Kohno l\u00e0 ngh\u1ec7 nh\u00e2n huy\u1ec1n tho\u1ea1i, v\u0129 \u0111\u1ea1i nh\u1ea5t trong s\u1ed1 nh\u1eefng ngh\u1ec7 nh\u00e2n Nh\u1eadt B\u1ea3n. N\u0103m 1967, \u00f4ng \u0111\u01b0\u1ee3c gi\u1ea3i nh\u1ea5t cu\u1ed9c thi l\u00e0m \u0111\u00e0n th\u1ebf gi\u1edbi t\u1ea1i B\u1ec9, t\u1eeb \u0111\u00f3 \u00f4ng m\u1edf r\u1ed9ng quy m\u00f4 s\u1ea3n xu\u1ea5t c\u1ee7a x\u01b0\u1edfng v\u00e0 c\u00f9ng v\u1edbi ch\u00e1u \u00f4ng l\u00e0 Masaki Sakurai ch\u1ebf t\u00e1c th\u00eam h\u00e0ng ng\u00e0n s\u1ea3n ph\u1ea9m b\u00e1n ra kh\u1eafp th\u1ebf gi\u1edbi.<\/p>\n<p>\u0110\u00e0n c\u1ee7a Kohno l\u00e0 s\u1ef1 \u1ea3nh h\u01b0\u1edfng s\u00e2u s\u1eafc c\u1ee7a Ignacio Fleta v\u1edbi ki\u1ec3u \u00e2m thanh g\u1ecdn gh\u1ebd v\u00e0 n\u00f3ng b\u1ecfng. M\u1eb7c d\u00f9 sau n\u0103m 1970, Kohno thay \u0111\u1ed5i \u00edt nhi\u1ec1u v\u1ec1 c\u1ea5u tr\u00fac \u0111\u00e0n nh\u01b0ng \u00e2m thanh v\u1eabn r\u1ea5t truy\u1ec1n th\u1ed1ng v\u00e0 c\u00f3 g\u00ec \u0111\u00f3 kh\u00e1 qu\u00fd t\u1ed9c.<\/p>\n<p>C\u00e2y Kohno 10 c\u1ee7a Show room Emotion c\u00f3 \u0111\u1ed9 m\u1edbi \u0111\u1ebfn 90%, c\u00e1c ph\u00edm \u0111\u00e0n ho\u00e0n h\u1ea3o, action d\u1ec5 b\u1ea5m. L\u00e0 m\u1ed9t c\u00e2y \u0111\u00e0n hi\u1ebfm c\u00f3 n\u1ebfu x\u00e9t v\u1ec1 t\u00ecnh tr\u1ea1ng, n\u00f3 \u0111\u00e3 tr\u1ea3i qua 50 n\u0103m tu\u1ed5i nh\u01b0ng v\u1eabn kh\u00f4ng h\u1ec1 th\u1ea5y d\u1ea5u t\u00edch c\u1ee7a th\u1eddi gian d\u00f9 v\u1eabn nguy\u00ean b\u1ea3n.<\/p>\n<p>\u2022 Th\u00f4ng s\u1ed1 \u0111\u00e0n:<\/p>\n<p>Top: cedaz<\/p>\n<p>Back, side: India rose wood<\/p>\n<p>Scale, nut: 650mm, 52mm<\/p>\n<p>K\u00e8m case + d\u00e2y Savarez<\/p>","protected":false},"excerpt":{"rendered":"<p>Masaru Kohno l\u00e0 ngh\u1ec7 nh\u00e2n huy\u1ec1n tho\u1ea1i, v\u0129 \u0111\u1ea1i nh\u1ea5t trong s\u1ed1 nh\u1eefng ngh\u1ec7 nh\u00e2n Nh\u1eadt B\u1ea3n. N\u0103m 1967, \u00f4ng \u0111\u01b0\u1ee3c gi\u1ea3i nh\u1ea5t cu\u1ed9c thi l\u00e0m \u0111\u00e0n th\u1ebf gi\u1edbi t\u1ea1i B\u1ec9, t\u1eeb \u0111\u00f3 \u00f4ng m\u1edf r\u1ed9ng quy m\u00f4 s\u1ea3n xu\u1ea5t c\u1ee7a x\u01b0\u1edfng v\u00e0 c\u00f9ng v\u1edbi ch\u00e1u \u00f4ng l\u00e0 Masaki Sakurai ch\u1ebf t\u00e1c th\u00eam h\u00e0ng ng\u00e0n&#8230;<\/p>","protected":false},"featured_media":4146,"template":"","meta":[],"product_cat":[20,25,213],"product_tag":[694],"class_list":["post-4145","product","type-product","status-publish","has-post-thumbnail","hentry","product_cat-dan-guitar","product_cat-sakurai-kohno","product_cat-dan-cao-cap","product_tag-kohno-10"],"_links":{"self":[{"href":"https:\/\/emotionguitars.com\/en\/wp-json\/wp\/v2\/product\/4145","targetHints":{"allow":["GET"]}}],"collection":[{"href":"https:\/\/emotionguitars.com\/en\/wp-json\/wp\/v2\/product"}],"about":[{"href":"https:\/\/emotionguitars.com\/en\/wp-json\/wp\/v2\/types\/product"}],"wp:featuredmedia":[{"embeddable":true,"href":"https:\/\/emotionguitars.com\/en\/wp-json\/wp\/v2\/media\/4146"}],"wp:attachment":[{"href":"https:\/\/emotionguitars.com\/en\/wp-json\/wp\/v2\/media?parent=4145"}],"wp:term":[{"taxonomy":"product_cat","embeddable":true,"href":"https:\/\/emotionguitars.com\/en\/wp-json\/wp\/v2\/product_cat?post=4145"},{"taxonomy":"product_tag","embeddable":true,"href":"https:\/\/emotionguitars.com\/en\/wp-json\/wp\/v2\/product_tag?post=4145"}],"curies":[{"name":"wp","href":"https:\/\/api.w.org\/{rel}","templated":true}]}}