{"id":4152,"date":"2023-06-10T01:01:32","date_gmt":"2023-06-09T18:01:32","guid":{"rendered":"https:\/\/emotionguitars.com\/?post_type=product&#038;p=4152"},"modified":"2025-04-21T21:10:17","modified_gmt":"2025-04-21T14:10:17","slug":"enzo-rosa-2023-brand-new","status":"publish","type":"product","link":"https:\/\/emotionguitars.com\/en\/product\/enzo-rosa-2023-brand-new\/","title":{"rendered":"Enzo Rosa &#8211; 2023 (brand new)"},"content":{"rendered":"<p><strong>C\u00e2y \u0111\u00e0n c\u1ee7a ngh\u1ec7 nh\u1eadn Argentine l\u00e0m ho\u00e0n to\u00e0n th\u1ee7 c\u00f4ng, v\u1edbi \u00e2m thanh s\u1ed1ng \u0111\u1ed9ng v\u00e0 gi\u00e0u m\u00e0u s\u1eafc.<\/strong><\/p>","protected":false},"excerpt":{"rendered":"<p>C\u00e2y \u0111\u00e0n c\u1ee7a ngh\u1ec7 nh\u1eadn Argentine l\u00e0m ho\u00e0n to\u00e0n th\u1ee7 c\u00f4ng, v\u1edbi \u00e2m thanh s\u1ed1ng \u0111\u1ed9ng v\u00e0 gi\u00e0u m\u00e0u s\u1eafc.<\/p>","protected":false},"featured_media":4153,"template":"","meta":[],"product_cat":[20,213],"product_tag":[],"class_list":["post-4152","product","type-product","status-publish","has-post-thumbnail","hentry","product_cat-dan-guitar","product_cat-dan-cao-cap"],"_links":{"self":[{"href":"https:\/\/emotionguitars.com\/en\/wp-json\/wp\/v2\/product\/4152","targetHints":{"allow":["GET"]}}],"collection":[{"href":"https:\/\/emotionguitars.com\/en\/wp-json\/wp\/v2\/product"}],"about":[{"href":"https:\/\/emotionguitars.com\/en\/wp-json\/wp\/v2\/types\/product"}],"wp:featuredmedia":[{"embeddable":true,"href":"https:\/\/emotionguitars.com\/en\/wp-json\/wp\/v2\/media\/4153"}],"wp:attachment":[{"href":"https:\/\/emotionguitars.com\/en\/wp-json\/wp\/v2\/media?parent=4152"}],"wp:term":[{"taxonomy":"product_cat","embeddable":true,"href":"https:\/\/emotionguitars.com\/en\/wp-json\/wp\/v2\/product_cat?post=4152"},{"taxonomy":"product_tag","embeddable":true,"href":"https:\/\/emotionguitars.com\/en\/wp-json\/wp\/v2\/product_tag?post=4152"}],"curies":[{"name":"wp","href":"https:\/\/api.w.org\/{rel}","templated":true}]}}