{"id":4162,"date":"2023-06-12T23:13:19","date_gmt":"2023-06-12T16:13:19","guid":{"rendered":"https:\/\/emotionguitars.com\/?post_type=product&#038;p=4162"},"modified":"2025-05-16T06:07:05","modified_gmt":"2025-05-15T23:07:05","slug":"masaru-kohno-maestro-1986-excellent","status":"publish","type":"product","link":"https:\/\/emotionguitars.com\/en\/product\/masaru-kohno-maestro-1986-excellent\/","title":{"rendered":"Masaru Kohno Maestro &#8211; 1986 (excellent)"},"content":{"rendered":"<p>Masaru Kohno l\u00e0 ngh\u1ec7 nh\u00e2n \u0111\u01b0\u1ee3c xem l\u00e0 s\u1ed1 1 Nh\u1eadt B\u1ea3n. N\u0103m 1967, \u00f4ng gi\u00e0nh gi\u1ea3i nh\u1ea5t cu\u1ed9c thi l\u00e0m \u0111\u00e0n t\u1ea1i B\u1ec9, t\u1eeb \u0111\u00f3 danh ti\u1ebfng c\u1ee7a \u00f4ng nhanh ch\u00f3ng v\u01b0\u1ee3t ra ngo\u00e0i l\u00e3nh th\u1ed5 Nh\u1eadt.<\/p>\n<p>Maestro 1986 l\u00e0 c\u00e2y \u0111\u00e0n r\u1ea5t \u0111\u00e1ng \u0111\u1ec3 s\u01b0u t\u1ea7m b\u1edfi gi\u00e1 tr\u1ecb tuy\u1ec7t v\u1eddi c\u1ee7a n\u00f3.<\/p>\n<p>\u2022 Th\u00f4ng s\u1ed1 \u0111\u00e0n:<\/p>\n<p>Top: spruce<\/p>\n<p>Bach, side: Brazil rose wood<\/p>\n<p>Scale: 650mm, 52mm<\/p>\n<p>K\u00e8m casw v\u00e0 d\u00e2y Knobloch<\/p>","protected":false},"excerpt":{"rendered":"<p>Masaru Kohno l\u00e0 ngh\u1ec7 nh\u00e2n \u0111\u01b0\u1ee3c xem l\u00e0 s\u1ed1 1 Nh\u1eadt B\u1ea3n. N\u0103m 1967, \u00f4ng gi\u00e0nh gi\u1ea3i nh\u1ea5t cu\u1ed9c thi l\u00e0m \u0111\u00e0n t\u1ea1i B\u1ec9, t\u1eeb \u0111\u00f3 danh ti\u1ebfng c\u1ee7a \u00f4ng nhanh ch\u00f3ng v\u01b0\u1ee3t ra ngo\u00e0i l\u00e3nh th\u1ed5 Nh\u1eadt. Maestro 1986 l\u00e0 c\u00e2y \u0111\u00e0n r\u1ea5t \u0111\u00e1ng \u0111\u1ec3 s\u01b0u t\u1ea7m b\u1edfi gi\u00e1 tr\u1ecb tuy\u1ec7t v\u1eddi c\u1ee7a n\u00f3&#8230;.<\/p>","protected":false},"featured_media":4163,"template":"","meta":[],"product_cat":[533,20,213],"product_tag":[],"class_list":["post-4162","product","type-product","status-publish","has-post-thumbnail","hentry","product_cat-luxury","product_cat-dan-guitar","product_cat-dan-cao-cap"],"_links":{"self":[{"href":"https:\/\/emotionguitars.com\/en\/wp-json\/wp\/v2\/product\/4162","targetHints":{"allow":["GET"]}}],"collection":[{"href":"https:\/\/emotionguitars.com\/en\/wp-json\/wp\/v2\/product"}],"about":[{"href":"https:\/\/emotionguitars.com\/en\/wp-json\/wp\/v2\/types\/product"}],"wp:featuredmedia":[{"embeddable":true,"href":"https:\/\/emotionguitars.com\/en\/wp-json\/wp\/v2\/media\/4163"}],"wp:attachment":[{"href":"https:\/\/emotionguitars.com\/en\/wp-json\/wp\/v2\/media?parent=4162"}],"wp:term":[{"taxonomy":"product_cat","embeddable":true,"href":"https:\/\/emotionguitars.com\/en\/wp-json\/wp\/v2\/product_cat?post=4162"},{"taxonomy":"product_tag","embeddable":true,"href":"https:\/\/emotionguitars.com\/en\/wp-json\/wp\/v2\/product_tag?post=4162"}],"curies":[{"name":"wp","href":"https:\/\/api.w.org\/{rel}","templated":true}]}}