{"id":4169,"date":"2023-06-12T23:27:48","date_gmt":"2023-06-12T16:27:48","guid":{"rendered":"https:\/\/emotionguitars.com\/?post_type=product&#038;p=4169"},"modified":"2025-04-29T23:50:46","modified_gmt":"2025-04-29T16:50:46","slug":"sakazo-nakade-no-5000-1981-very-good","status":"publish","type":"product","link":"https:\/\/emotionguitars.com\/en\/product\/sakazo-nakade-no-5000-1981-very-good\/","title":{"rendered":"Sakazo Nakade no.5000 -.1981 (very good)"},"content":{"rendered":"<p>C\u00e2y \u0111\u00e0n top model c\u1ee7a Sakazo Nakade &#8211; m\u1ed9t trong nh\u1eefng ngh\u1ec7 nh\u00e2n ti\u00ean phong trong vi\u1ec7c \u0111i du h\u1ecdc v\u00e0 ph\u00e1t tri\u1ec3n ng\u00e0nh ngh\u1ec1 ch\u1ebf t\u00e1c guitar t\u1ea1i Nh\u1eadt.<\/p>\n<p>C\u00e2y \u0111\u00e0n no.5000 r\u1ea5t \u1ea5n t\u01b0\u1ee3ng \u1edf ch\u1ea5t \u00e2m n\u1ed3ng \u1ea5m v\u00e0 \u0111\u01b0\u1ee3m bu\u1ed3n.<\/p>\n<p>\u2022 Th\u00f4ng s\u1ed1 \u0111\u00e0n:<\/p>\n<p>Top: spruce<\/p>\n<p>Back, side: Brazil rose wood<\/p>\n<p>Scale, nut: 650mm, 52mm<\/p>\n<p>K\u00e8m case v\u00e0 d\u00e2y \u0111\u00e0n<\/p>","protected":false},"excerpt":{"rendered":"<p>C\u00e2y \u0111\u00e0n top model c\u1ee7a Sakazo Nakade &#8211; m\u1ed9t trong nh\u1eefng ngh\u1ec7 nh\u00e2n ti\u00ean phong trong vi\u1ec7c \u0111i du h\u1ecdc v\u00e0 ph\u00e1t tri\u1ec3n ng\u00e0nh ngh\u1ec1 ch\u1ebf t\u00e1c guitar t\u1ea1i Nh\u1eadt. C\u00e2y \u0111\u00e0n no.5000 r\u1ea5t \u1ea5n t\u01b0\u1ee3ng \u1edf ch\u1ea5t \u00e2m n\u1ed3ng \u1ea5m v\u00e0 \u0111\u01b0\u1ee3m bu\u1ed3n. \u2022 Th\u00f4ng s\u1ed1 \u0111\u00e0n: Top: spruce Back, side: Brazil rose wood&#8230;<\/p>","protected":false},"featured_media":4170,"template":"","meta":[],"product_cat":[533,20,213],"product_tag":[],"class_list":["post-4169","product","type-product","status-publish","has-post-thumbnail","hentry","product_cat-luxury","product_cat-dan-guitar","product_cat-dan-cao-cap"],"_links":{"self":[{"href":"https:\/\/emotionguitars.com\/en\/wp-json\/wp\/v2\/product\/4169","targetHints":{"allow":["GET"]}}],"collection":[{"href":"https:\/\/emotionguitars.com\/en\/wp-json\/wp\/v2\/product"}],"about":[{"href":"https:\/\/emotionguitars.com\/en\/wp-json\/wp\/v2\/types\/product"}],"wp:featuredmedia":[{"embeddable":true,"href":"https:\/\/emotionguitars.com\/en\/wp-json\/wp\/v2\/media\/4170"}],"wp:attachment":[{"href":"https:\/\/emotionguitars.com\/en\/wp-json\/wp\/v2\/media?parent=4169"}],"wp:term":[{"taxonomy":"product_cat","embeddable":true,"href":"https:\/\/emotionguitars.com\/en\/wp-json\/wp\/v2\/product_cat?post=4169"},{"taxonomy":"product_tag","embeddable":true,"href":"https:\/\/emotionguitars.com\/en\/wp-json\/wp\/v2\/product_tag?post=4169"}],"curies":[{"name":"wp","href":"https:\/\/api.w.org\/{rel}","templated":true}]}}