{"id":4178,"date":"2023-06-12T23:37:05","date_gmt":"2023-06-12T16:37:05","guid":{"rendered":"https:\/\/emotionguitars.com\/?post_type=product&#038;p=4178"},"modified":"2025-05-16T06:01:27","modified_gmt":"2025-05-15T23:01:27","slug":"yamaha-gc70-2010-excellent","status":"publish","type":"product","link":"https:\/\/emotionguitars.com\/en\/product\/yamaha-gc70-2010-excellent\/","title":{"rendered":"Yamaha Gc70 &#8211; 2010 (excellent)"},"content":{"rendered":"<p>C\u00e2y \u0111\u00e0n top model c\u1ee7a Yamaha r\u1ea5t \u0111\u1eb7c bi\u1ec7t t\u1eeb ngo\u1ea1i h\u00ecnh \u0111\u1ebfn \u00e2m thanh.<\/p>\n<p>B\u1ed9 g\u1ed7 Brazil r\u1ea5t l\u00e2u \u0111\u1eddi c\u00f9ng v\u1edbi n\u01b0\u1edbc s\u01a1n b\u00ed truy\u1ec1n, b\u00ean c\u1ea1nh \u0111\u00f3 l\u00e0 c\u00e1c chi ti\u1ebft th\u1ee7 c\u00f4ng \u0111\u1ea7y t\u00ednh th\u1ea9m m\u0129 \u0111\u00e3 t\u1ea1o n\u00ean m\u1ed9t t\u00e1c ph\u1ea9m ngh\u1ec7 thu\u1eadt th\u1ef1c s\u1ef1.<\/p>","protected":false},"excerpt":{"rendered":"<p>C\u00e2y \u0111\u00e0n top model c\u1ee7a Yamaha r\u1ea5t \u0111\u1eb7c bi\u1ec7t t\u1eeb ngo\u1ea1i h\u00ecnh \u0111\u1ebfn \u00e2m thanh. B\u1ed9 g\u1ed7 Brazil r\u1ea5t l\u00e2u \u0111\u1eddi c\u00f9ng v\u1edbi n\u01b0\u1edbc s\u01a1n b\u00ed truy\u1ec1n, b\u00ean c\u1ea1nh \u0111\u00f3 l\u00e0 c\u00e1c chi ti\u1ebft th\u1ee7 c\u00f4ng \u0111\u1ea7y t\u00ednh th\u1ea9m m\u0129 \u0111\u00e3 t\u1ea1o n\u00ean m\u1ed9t t\u00e1c ph\u1ea9m ngh\u1ec7 thu\u1eadt th\u1ef1c s\u1ef1.<\/p>","protected":false},"featured_media":4179,"template":"","meta":[],"product_cat":[533,20,23,213],"product_tag":[],"class_list":["post-4178","product","type-product","status-publish","has-post-thumbnail","hentry","product_cat-luxury","product_cat-dan-guitar","product_cat-yamaha-guitar","product_cat-dan-cao-cap"],"_links":{"self":[{"href":"https:\/\/emotionguitars.com\/en\/wp-json\/wp\/v2\/product\/4178","targetHints":{"allow":["GET"]}}],"collection":[{"href":"https:\/\/emotionguitars.com\/en\/wp-json\/wp\/v2\/product"}],"about":[{"href":"https:\/\/emotionguitars.com\/en\/wp-json\/wp\/v2\/types\/product"}],"wp:featuredmedia":[{"embeddable":true,"href":"https:\/\/emotionguitars.com\/en\/wp-json\/wp\/v2\/media\/4179"}],"wp:attachment":[{"href":"https:\/\/emotionguitars.com\/en\/wp-json\/wp\/v2\/media?parent=4178"}],"wp:term":[{"taxonomy":"product_cat","embeddable":true,"href":"https:\/\/emotionguitars.com\/en\/wp-json\/wp\/v2\/product_cat?post=4178"},{"taxonomy":"product_tag","embeddable":true,"href":"https:\/\/emotionguitars.com\/en\/wp-json\/wp\/v2\/product_tag?post=4178"}],"curies":[{"name":"wp","href":"https:\/\/api.w.org\/{rel}","templated":true}]}}