{"id":4213,"date":"2023-06-17T17:27:58","date_gmt":"2023-06-17T10:27:58","guid":{"rendered":"https:\/\/emotionguitars.com\/?post_type=product&#038;p=4213"},"modified":"2025-04-29T23:47:31","modified_gmt":"2025-04-29T16:47:31","slug":"suzuki-c200-very-good","status":"publish","type":"product","link":"https:\/\/emotionguitars.com\/en\/product\/suzuki-c200-very-good\/","title":{"rendered":"Suzuki C200 (very good)"},"content":{"rendered":"<p>C\u00e2y \u0111\u00e0n ph\u1ed5 th\u00f4ng r\u1ea5t \u1ea5n t\u01b0\u1ee3ng c\u1ee7a h\u00e3ng Suzuki &#8211;\u00a0 Nh\u1eadt B\u1ea3n.<\/p>\n<p>\u00c2m thanh c\u00e2n \u0111\u1ed1i v\u00e0 r\u00f5 r\u00e0ng, c\u1ea7n ph\u00edm chu\u1ea9n. L\u00e0 c\u00e2y \u0111\u00e0n Top spruce, c\u00f3 \u0111\u1ed9 b\u1ec1n cao v\u00e0 ph\u00f9 h\u1ee3p v\u1edbi nh\u1eefng ai \u0111ang tr\u00ean con \u0111\u01b0\u1eddng t\u1eadp luy\u1ec7n guitar classic.<\/p>","protected":false},"excerpt":{"rendered":"<p>C\u00e2y \u0111\u00e0n ph\u1ed5 th\u00f4ng r\u1ea5t \u1ea5n t\u01b0\u1ee3ng c\u1ee7a h\u00e3ng Suzuki &#8211;\u00a0 Nh\u1eadt B\u1ea3n. \u00c2m thanh c\u00e2n \u0111\u1ed1i v\u00e0 r\u00f5 r\u00e0ng, c\u1ea7n ph\u00edm chu\u1ea9n. L\u00e0 c\u00e2y \u0111\u00e0n Top spruce, c\u00f3 \u0111\u1ed9 b\u1ec1n cao v\u00e0 ph\u00f9 h\u1ee3p v\u1edbi nh\u1eefng ai \u0111ang tr\u00ean con \u0111\u01b0\u1eddng t\u1eadp luy\u1ec7n guitar classic.<\/p>","protected":false},"featured_media":4214,"template":"","meta":[],"product_cat":[20,37],"product_tag":[695],"class_list":["post-4213","product","type-product","status-publish","has-post-thumbnail","hentry","product_cat-dan-guitar","product_cat-nhat-cu","product_tag-suzuki-c200"],"_links":{"self":[{"href":"https:\/\/emotionguitars.com\/en\/wp-json\/wp\/v2\/product\/4213","targetHints":{"allow":["GET"]}}],"collection":[{"href":"https:\/\/emotionguitars.com\/en\/wp-json\/wp\/v2\/product"}],"about":[{"href":"https:\/\/emotionguitars.com\/en\/wp-json\/wp\/v2\/types\/product"}],"wp:featuredmedia":[{"embeddable":true,"href":"https:\/\/emotionguitars.com\/en\/wp-json\/wp\/v2\/media\/4214"}],"wp:attachment":[{"href":"https:\/\/emotionguitars.com\/en\/wp-json\/wp\/v2\/media?parent=4213"}],"wp:term":[{"taxonomy":"product_cat","embeddable":true,"href":"https:\/\/emotionguitars.com\/en\/wp-json\/wp\/v2\/product_cat?post=4213"},{"taxonomy":"product_tag","embeddable":true,"href":"https:\/\/emotionguitars.com\/en\/wp-json\/wp\/v2\/product_tag?post=4213"}],"curies":[{"name":"wp","href":"https:\/\/api.w.org\/{rel}","templated":true}]}}