{"id":4219,"date":"2023-06-18T00:27:36","date_gmt":"2023-06-17T17:27:36","guid":{"rendered":"https:\/\/emotionguitars.com\/?post_type=product&#038;p=4219"},"modified":"2025-04-21T21:14:36","modified_gmt":"2025-04-21T14:14:36","slug":"yamaha-c400-excellent","status":"publish","type":"product","link":"https:\/\/emotionguitars.com\/en\/product\/yamaha-c400-excellent\/","title":{"rendered":"Yamaha C400 (excellent)"},"content":{"rendered":"<p>Yamaha guitar l\u00e0 th\u01b0\u01a1ng hi\u1ec7u \u0111\u01b0\u1ee3c \u0111\u00f4ng \u0111\u1ea3o ng\u01b0\u1eddi ch\u01a1i guitar tr\u00ean th\u1ebf gi\u1edbi \u01b0a chu\u1ed9ng. T\u1eeb nh\u1eefng ph\u00e2n kh\u00fac th\u1ea5p \u0111\u1ebfn r\u1ea5t cao thu\u1ed9c d\u00f2ng Grand Concert nh\u01b0 GC10, GC30, GC40, GC70 qua nhi\u1ec1u th\u1ebf h\u1ec7, Yamaha lu\u00f4n \u0111\u01b0\u1ee3c \u0111\u00e1nh gi\u00e1 kh\u00e1 cao v\u1ec1 m\u1eb7t ch\u1ea5t l\u01b0\u1ee3ng c\u0169ng nh\u01b0 \u0111\u1ed9 b\u1ec1n.<\/p>\n<p>Yamaha C400 l\u00e0 model r\u1ea5t \u0111\u01b0\u1ee3c y\u00eau th\u00edch, l\u00e0 m\u1eabu model cao nh\u1ea5t c\u1ee7a d\u00f2ng C. H\u00ecnh th\u1ee9c c\u00e2y \u0111\u00e0n Yamaha C400 c\u1ee7a Emotion \u0111\u1eb9p \u0111\u1ebfn 90%, c\u1ea7n ph\u00edm ho\u00e0n h\u1ea3o, \u00e2m thanh t\u1ed1t.<\/p>\n<p>\u0110\u00e0n \u0111i k\u00e8m case Yamaha v\u00e0 d\u00e2y Savarez.<\/p>","protected":false},"excerpt":{"rendered":"<p>Yamaha guitar l\u00e0 th\u01b0\u01a1ng hi\u1ec7u \u0111\u01b0\u1ee3c \u0111\u00f4ng \u0111\u1ea3o ng\u01b0\u1eddi ch\u01a1i guitar tr\u00ean th\u1ebf gi\u1edbi \u01b0a chu\u1ed9ng. T\u1eeb nh\u1eefng ph\u00e2n kh\u00fac th\u1ea5p \u0111\u1ebfn r\u1ea5t cao thu\u1ed9c d\u00f2ng Grand Concert nh\u01b0 GC10, GC30, GC40, GC70 qua nhi\u1ec1u th\u1ebf h\u1ec7, Yamaha lu\u00f4n \u0111\u01b0\u1ee3c \u0111\u00e1nh gi\u00e1 kh\u00e1 cao v\u1ec1 m\u1eb7t ch\u1ea5t l\u01b0\u1ee3ng c\u0169ng nh\u01b0 \u0111\u1ed9 b\u1ec1n. Yamaha C400 l\u00e0&#8230;<\/p>","protected":false},"featured_media":4220,"template":"","meta":[],"product_cat":[20,23],"product_tag":[696],"class_list":["post-4219","product","type-product","status-publish","has-post-thumbnail","hentry","product_cat-dan-guitar","product_cat-yamaha-guitar","product_tag-yamaha-c400"],"_links":{"self":[{"href":"https:\/\/emotionguitars.com\/en\/wp-json\/wp\/v2\/product\/4219","targetHints":{"allow":["GET"]}}],"collection":[{"href":"https:\/\/emotionguitars.com\/en\/wp-json\/wp\/v2\/product"}],"about":[{"href":"https:\/\/emotionguitars.com\/en\/wp-json\/wp\/v2\/types\/product"}],"wp:featuredmedia":[{"embeddable":true,"href":"https:\/\/emotionguitars.com\/en\/wp-json\/wp\/v2\/media\/4220"}],"wp:attachment":[{"href":"https:\/\/emotionguitars.com\/en\/wp-json\/wp\/v2\/media?parent=4219"}],"wp:term":[{"taxonomy":"product_cat","embeddable":true,"href":"https:\/\/emotionguitars.com\/en\/wp-json\/wp\/v2\/product_cat?post=4219"},{"taxonomy":"product_tag","embeddable":true,"href":"https:\/\/emotionguitars.com\/en\/wp-json\/wp\/v2\/product_tag?post=4219"}],"curies":[{"name":"wp","href":"https:\/\/api.w.org\/{rel}","templated":true}]}}