{"id":4228,"date":"2023-06-18T00:33:26","date_gmt":"2023-06-17T17:33:26","guid":{"rendered":"https:\/\/emotionguitars.com\/?post_type=product&#038;p=4228"},"modified":"2025-04-29T23:58:05","modified_gmt":"2025-04-29T16:58:05","slug":"matsuoka-no-50-very-good","status":"publish","type":"product","link":"https:\/\/emotionguitars.com\/en\/product\/matsuoka-no-50-very-good\/","title":{"rendered":"Matsuoka no.50 (very good)"},"content":{"rendered":"<p>C\u00e2y \u0111\u00e0n c\u00f3 ngo\u1ea1i h\u00ecnh kh\u00e1 \u0111\u1eb9p, m\u1ed9t s\u1ed1 v\u1ebft x\u01b0\u1edbc kh\u00f4ng nghi\u00eam tr\u1ecdng xu\u1ea5t hi\u1ec7n tr\u00ean \u0111\u00e0n. C\u1ea7n ph\u00edm v\u00e0 \u00e2m thanh \u1ed5n \u0111\u1ecbnh.<\/p>\n<p>Matsuoka \u1edf VN lu\u00f4n \u0111\u01b0\u1ee3c \u01b0a chu\u1ed9ng do s\u1ef1 b\u1ec1n b\u1ec9 v\u1edbi th\u1eddi gian v\u00e0 \u00e2m thanh to, r\u00f5. M\u1ed9t c\u00e2y \u0111\u00e0n ph\u1ed5 th\u00f4ng r\u1ea5t \u0111\u00e1ng s\u1edf h\u1eefu.<\/p>","protected":false},"excerpt":{"rendered":"<p>C\u00e2y \u0111\u00e0n c\u00f3 ngo\u1ea1i h\u00ecnh kh\u00e1 \u0111\u1eb9p, m\u1ed9t s\u1ed1 v\u1ebft x\u01b0\u1edbc kh\u00f4ng nghi\u00eam tr\u1ecdng xu\u1ea5t hi\u1ec7n tr\u00ean \u0111\u00e0n. C\u1ea7n ph\u00edm v\u00e0 \u00e2m thanh \u1ed5n \u0111\u1ecbnh. Matsuoka \u1edf VN lu\u00f4n \u0111\u01b0\u1ee3c \u01b0a chu\u1ed9ng do s\u1ef1 b\u1ec1n b\u1ec9 v\u1edbi th\u1eddi gian v\u00e0 \u00e2m thanh to, r\u00f5. M\u1ed9t c\u00e2y \u0111\u00e0n ph\u1ed5 th\u00f4ng r\u1ea5t \u0111\u00e1ng s\u1edf h\u1eefu.<\/p>","protected":false},"featured_media":4229,"template":"","meta":[],"product_cat":[20],"product_tag":[697],"class_list":["post-4228","product","type-product","status-publish","has-post-thumbnail","hentry","product_cat-dan-guitar","product_tag-matsuoka-no50"],"_links":{"self":[{"href":"https:\/\/emotionguitars.com\/en\/wp-json\/wp\/v2\/product\/4228","targetHints":{"allow":["GET"]}}],"collection":[{"href":"https:\/\/emotionguitars.com\/en\/wp-json\/wp\/v2\/product"}],"about":[{"href":"https:\/\/emotionguitars.com\/en\/wp-json\/wp\/v2\/types\/product"}],"wp:featuredmedia":[{"embeddable":true,"href":"https:\/\/emotionguitars.com\/en\/wp-json\/wp\/v2\/media\/4229"}],"wp:attachment":[{"href":"https:\/\/emotionguitars.com\/en\/wp-json\/wp\/v2\/media?parent=4228"}],"wp:term":[{"taxonomy":"product_cat","embeddable":true,"href":"https:\/\/emotionguitars.com\/en\/wp-json\/wp\/v2\/product_cat?post=4228"},{"taxonomy":"product_tag","embeddable":true,"href":"https:\/\/emotionguitars.com\/en\/wp-json\/wp\/v2\/product_tag?post=4228"}],"curies":[{"name":"wp","href":"https:\/\/api.w.org\/{rel}","templated":true}]}}