{"id":4238,"date":"2023-06-21T00:03:44","date_gmt":"2023-06-20T17:03:44","guid":{"rendered":"https:\/\/emotionguitars.com\/?post_type=product&#038;p=4238"},"modified":"2025-04-27T00:33:15","modified_gmt":"2025-04-26T17:33:15","slug":"matsuoka-m30-good","status":"publish","type":"product","link":"https:\/\/emotionguitars.com\/en\/product\/matsuoka-m30-good\/","title":{"rendered":"Matsuoka M30 (good)"},"content":{"rendered":"<p>Matsuoka l\u00e0 h\u00e3ng \u0111\u00e0n ph\u1ed5 th\u00f4ng r\u1ea5t n\u1ed5i ti\u1ebfng \u1edf Nh\u1eadt. C\u00e1c c\u00e2y \u0111\u00e0n model 30 lu\u00f4n c\u00f3 ch\u1eef k\u00fd c\u1ee7a Ryoji Matsuoka v\u00e0 \u0111\u01b0\u1ee3c ch\u1ebf t\u00e1c th\u1ee7 c\u00f4ng kh\u00e1 t\u1ec9 m\u1ec9.<\/p>\n<p>C\u00e2y \u0111\u00e0n n\u00e0y h\u00ecnh th\u1ee9c kh\u00f4ng c\u00f2n qu\u00e1 \u0111\u1eb9p nh\u01b0ng \u00e2m thanh v\u00e0 k\u1ebft c\u1ea5u v\u1eabn r\u1ea5t t\u1ed1t, c\u1ea7n \u0111\u00e0n th\u1eb3ng, action d\u1ec5 b\u1ea5m.<\/p>","protected":false},"excerpt":{"rendered":"<p>Matsuoka l\u00e0 h\u00e3ng \u0111\u00e0n ph\u1ed5 th\u00f4ng r\u1ea5t n\u1ed5i ti\u1ebfng \u1edf Nh\u1eadt. C\u00e1c c\u00e2y \u0111\u00e0n model 30 lu\u00f4n c\u00f3 ch\u1eef k\u00fd c\u1ee7a Ryoji Matsuoka v\u00e0 \u0111\u01b0\u1ee3c ch\u1ebf t\u00e1c th\u1ee7 c\u00f4ng kh\u00e1 t\u1ec9 m\u1ec9. C\u00e2y \u0111\u00e0n n\u00e0y h\u00ecnh th\u1ee9c kh\u00f4ng c\u00f2n qu\u00e1 \u0111\u1eb9p nh\u01b0ng \u00e2m thanh v\u00e0 k\u1ebft c\u1ea5u v\u1eabn r\u1ea5t t\u1ed1t, c\u1ea7n \u0111\u00e0n th\u1eb3ng, action d\u1ec5&#8230;<\/p>","protected":false},"featured_media":4239,"template":"","meta":[],"product_cat":[20,37],"product_tag":[],"class_list":["post-4238","product","type-product","status-publish","has-post-thumbnail","hentry","product_cat-dan-guitar","product_cat-nhat-cu"],"_links":{"self":[{"href":"https:\/\/emotionguitars.com\/en\/wp-json\/wp\/v2\/product\/4238","targetHints":{"allow":["GET"]}}],"collection":[{"href":"https:\/\/emotionguitars.com\/en\/wp-json\/wp\/v2\/product"}],"about":[{"href":"https:\/\/emotionguitars.com\/en\/wp-json\/wp\/v2\/types\/product"}],"wp:featuredmedia":[{"embeddable":true,"href":"https:\/\/emotionguitars.com\/en\/wp-json\/wp\/v2\/media\/4239"}],"wp:attachment":[{"href":"https:\/\/emotionguitars.com\/en\/wp-json\/wp\/v2\/media?parent=4238"}],"wp:term":[{"taxonomy":"product_cat","embeddable":true,"href":"https:\/\/emotionguitars.com\/en\/wp-json\/wp\/v2\/product_cat?post=4238"},{"taxonomy":"product_tag","embeddable":true,"href":"https:\/\/emotionguitars.com\/en\/wp-json\/wp\/v2\/product_tag?post=4238"}],"curies":[{"name":"wp","href":"https:\/\/api.w.org\/{rel}","templated":true}]}}