{"id":4248,"date":"2023-06-21T00:09:12","date_gmt":"2023-06-20T17:09:12","guid":{"rendered":"https:\/\/emotionguitars.com\/?post_type=product&#038;p=4248"},"modified":"2025-04-29T23:57:42","modified_gmt":"2025-04-29T16:57:42","slug":"matsuoka-ms35-good","status":"publish","type":"product","link":"https:\/\/emotionguitars.com\/en\/product\/matsuoka-ms35-good\/","title":{"rendered":"Matsuoka MS35 (good)"},"content":{"rendered":"<p>\u0110\u00e2y l\u00e0 c\u00e2y \u0111\u00e0n h\u00e3ng Matsuoka nh\u01b0ng l\u1ea1i \u0111\u01b0\u1ee3c s\u1ea3n xu\u1ea5t t\u1ea1i T\u00e2y Ban Nha b\u1edfi h\u00e3ng \u0111\u00e0n Ahambra n\u1ed5i ti\u1ebfng.<\/p>\n<p>Ngo\u1ea1i h\u00ecnh kh\u00e1 \u0111\u1eb9p, c\u1ea7n th\u1eb3ng, \u00e2m thanh \u0111\u1eadm ch\u1ea5t T\u00e2y Ban Nha n\u1ed3ng \u1ea5m.<\/p>","protected":false},"excerpt":{"rendered":"<p>\u0110\u00e2y l\u00e0 c\u00e2y \u0111\u00e0n h\u00e3ng Matsuoka nh\u01b0ng l\u1ea1i \u0111\u01b0\u1ee3c s\u1ea3n xu\u1ea5t t\u1ea1i T\u00e2y Ban Nha b\u1edfi h\u00e3ng \u0111\u00e0n Ahambra n\u1ed5i ti\u1ebfng. Ngo\u1ea1i h\u00ecnh kh\u00e1 \u0111\u1eb9p, c\u1ea7n th\u1eb3ng, \u00e2m thanh \u0111\u1eadm ch\u1ea5t T\u00e2y Ban Nha n\u1ed3ng \u1ea5m.<\/p>","protected":false},"featured_media":4249,"template":"","meta":[],"product_cat":[20,15],"product_tag":[],"class_list":["post-4248","product","type-product","status-publish","has-post-thumbnail","hentry","product_cat-dan-guitar","product_cat-chua-phan-loai"],"_links":{"self":[{"href":"https:\/\/emotionguitars.com\/en\/wp-json\/wp\/v2\/product\/4248","targetHints":{"allow":["GET"]}}],"collection":[{"href":"https:\/\/emotionguitars.com\/en\/wp-json\/wp\/v2\/product"}],"about":[{"href":"https:\/\/emotionguitars.com\/en\/wp-json\/wp\/v2\/types\/product"}],"wp:featuredmedia":[{"embeddable":true,"href":"https:\/\/emotionguitars.com\/en\/wp-json\/wp\/v2\/media\/4249"}],"wp:attachment":[{"href":"https:\/\/emotionguitars.com\/en\/wp-json\/wp\/v2\/media?parent=4248"}],"wp:term":[{"taxonomy":"product_cat","embeddable":true,"href":"https:\/\/emotionguitars.com\/en\/wp-json\/wp\/v2\/product_cat?post=4248"},{"taxonomy":"product_tag","embeddable":true,"href":"https:\/\/emotionguitars.com\/en\/wp-json\/wp\/v2\/product_tag?post=4248"}],"curies":[{"name":"wp","href":"https:\/\/api.w.org\/{rel}","templated":true}]}}