{"id":4257,"date":"2023-06-23T12:44:28","date_gmt":"2023-06-23T05:44:28","guid":{"rendered":"https:\/\/emotionguitars.com\/?post_type=product&#038;p=4257"},"modified":"2025-04-21T21:09:25","modified_gmt":"2025-04-21T14:09:25","slug":"yukinobu-chai-no-10-very-good","status":"publish","type":"product","link":"https:\/\/emotionguitars.com\/en\/product\/yukinobu-chai-no-10-very-good\/","title":{"rendered":"Yukinobu Chai no.10 (very good)"},"content":{"rendered":"<p>M\u1ed9t c\u00e2y \u0111\u00e0n Nh\u1eadt ch\u1ea5t l\u01b0\u1ee3ng trong t\u1ea7m gi\u00e1 d\u01b0\u1edbi 20.000.000vnd. Mang d\u00e1ng v\u1ebb Ignacio Fleta c\u00f9ng \u00e2m thanh nh\u1eb9 nh\u00f5m v\u00e0 m\u00e0u s\u1eafc T\u00e2y Ban Nha truy\u1ec1n th\u1ed1ng.<\/p>","protected":false},"excerpt":{"rendered":"<p>M\u1ed9t c\u00e2y \u0111\u00e0n Nh\u1eadt ch\u1ea5t l\u01b0\u1ee3ng trong t\u1ea7m gi\u00e1 d\u01b0\u1edbi 20.000.000vnd. Mang d\u00e1ng v\u1ebb Ignacio Fleta c\u00f9ng \u00e2m thanh nh\u1eb9 nh\u00f5m v\u00e0 m\u00e0u s\u1eafc T\u00e2y Ban Nha truy\u1ec1n th\u1ed1ng.<\/p>","protected":false},"featured_media":4260,"template":"","meta":[],"product_cat":[20,15],"product_tag":[72,338,698],"class_list":["post-4257","product","type-product","status-publish","has-post-thumbnail","hentry","product_cat-dan-guitar","product_cat-chua-phan-loai","product_tag-emotion-guitar","product_tag-ghita-nhat-cu","product_tag-guitar-cu"],"_links":{"self":[{"href":"https:\/\/emotionguitars.com\/en\/wp-json\/wp\/v2\/product\/4257","targetHints":{"allow":["GET"]}}],"collection":[{"href":"https:\/\/emotionguitars.com\/en\/wp-json\/wp\/v2\/product"}],"about":[{"href":"https:\/\/emotionguitars.com\/en\/wp-json\/wp\/v2\/types\/product"}],"wp:featuredmedia":[{"embeddable":true,"href":"https:\/\/emotionguitars.com\/en\/wp-json\/wp\/v2\/media\/4260"}],"wp:attachment":[{"href":"https:\/\/emotionguitars.com\/en\/wp-json\/wp\/v2\/media?parent=4257"}],"wp:term":[{"taxonomy":"product_cat","embeddable":true,"href":"https:\/\/emotionguitars.com\/en\/wp-json\/wp\/v2\/product_cat?post=4257"},{"taxonomy":"product_tag","embeddable":true,"href":"https:\/\/emotionguitars.com\/en\/wp-json\/wp\/v2\/product_tag?post=4257"}],"curies":[{"name":"wp","href":"https:\/\/api.w.org\/{rel}","templated":true}]}}