{"id":4267,"date":"2023-06-23T12:54:28","date_gmt":"2023-06-23T05:54:28","guid":{"rendered":"https:\/\/emotionguitars.com\/?post_type=product&#038;p=4267"},"modified":"2025-04-29T23:50:36","modified_gmt":"2025-04-29T16:50:36","slug":"sakurai-concerto-j-2023-brand-new","status":"publish","type":"product","link":"https:\/\/emotionguitars.com\/en\/product\/sakurai-concerto-j-2023-brand-new\/","title":{"rendered":"Sakurai Concerto J &#8211; 2023 (brand new)"},"content":{"rendered":"<p>Masaki Sakurai l\u00e0 ngh\u1ec7 nh\u00e2n h\u00e0ng \u0111\u1ea7u Nh\u1eadt B\u1ea3n, \u00f4ng \u0111\u00e3 \u0111\u1ec3 l\u1ea1i cho \u0111\u1eddi nhi\u1ec1u t\u00e1c ph\u1ea9m ngh\u1ec7 thu\u1eadt th\u1ef1c s\u1ef1 th\u00f4ng qua c\u00e2y \u0111\u00e0n guitar classic.<br \/>\nConcerto J l\u00e0 model \u0111\u01b0\u1ee3c Sakurai th\u1ef1c hi\u1ec7n tr\u00ean g\u1ed7 Jacaranda cao c\u1ea5p, c\u00f9ng v\u1edbi Top spruce s\u1edf tr\u01b0\u1eddng, c\u00e2y \u0111\u00e0n c\u00f3 \u00e2m thanh tinh t\u01b0\u01a1m v\u00e0 d\u1ecbu m\u00e1t kh\u00f3 t\u1ea3.<br \/>\n\u0110\u1ec3 c\u00f3 \u0111\u01b0\u1ee3c 1 model concert J, c\u1ea7n 1 n\u0103m sau khi order m\u1edbi nh\u1eadn \u0111\u01b0\u1ee3c h\u00e0ng. \u0110\u00e2y l\u00e0 c\u01a1 h\u1ed9i t\u1ed1t cho ai mu\u1ed1n c\u00f3 1 guitar Sakurai m\u1edbi tinh khi m\u00e0 luthier Masaki Sakurai \u0111\u00e3 b\u01b0\u1edbc sang tu\u1ed5i 79.<\/p>","protected":false},"excerpt":{"rendered":"<p>Masaki Sakurai l\u00e0 ngh\u1ec7 nh\u00e2n h\u00e0ng \u0111\u1ea7u Nh\u1eadt B\u1ea3n, \u00f4ng \u0111\u00e3 \u0111\u1ec3 l\u1ea1i cho \u0111\u1eddi nhi\u1ec1u t\u00e1c ph\u1ea9m ngh\u1ec7 thu\u1eadt th\u1ef1c s\u1ef1 th\u00f4ng qua c\u00e2y \u0111\u00e0n guitar classic. Concerto J l\u00e0 model \u0111\u01b0\u1ee3c Sakurai th\u1ef1c hi\u1ec7n tr\u00ean g\u1ed7 Jacaranda cao c\u1ea5p, c\u00f9ng v\u1edbi Top spruce s\u1edf tr\u01b0\u1eddng, c\u00e2y \u0111\u00e0n c\u00f3 \u00e2m thanh tinh t\u01b0\u01a1m v\u00e0&#8230;<\/p>","protected":false},"featured_media":4268,"template":"","meta":[],"product_cat":[20,25,213],"product_tag":[699],"class_list":["post-4267","product","type-product","status-publish","has-post-thumbnail","hentry","product_cat-dan-guitar","product_cat-sakurai-kohno","product_cat-dan-cao-cap","product_tag-sakurai-concert-j"],"_links":{"self":[{"href":"https:\/\/emotionguitars.com\/en\/wp-json\/wp\/v2\/product\/4267","targetHints":{"allow":["GET"]}}],"collection":[{"href":"https:\/\/emotionguitars.com\/en\/wp-json\/wp\/v2\/product"}],"about":[{"href":"https:\/\/emotionguitars.com\/en\/wp-json\/wp\/v2\/types\/product"}],"wp:featuredmedia":[{"embeddable":true,"href":"https:\/\/emotionguitars.com\/en\/wp-json\/wp\/v2\/media\/4268"}],"wp:attachment":[{"href":"https:\/\/emotionguitars.com\/en\/wp-json\/wp\/v2\/media?parent=4267"}],"wp:term":[{"taxonomy":"product_cat","embeddable":true,"href":"https:\/\/emotionguitars.com\/en\/wp-json\/wp\/v2\/product_cat?post=4267"},{"taxonomy":"product_tag","embeddable":true,"href":"https:\/\/emotionguitars.com\/en\/wp-json\/wp\/v2\/product_tag?post=4267"}],"curies":[{"name":"wp","href":"https:\/\/api.w.org\/{rel}","templated":true}]}}