{"id":4276,"date":"2023-06-23T23:45:14","date_gmt":"2023-06-23T16:45:14","guid":{"rendered":"https:\/\/emotionguitars.com\/?post_type=product&#038;p=4276"},"modified":"2025-04-29T23:48:26","modified_gmt":"2025-04-29T16:48:26","slug":"sakurai-kohno-professional-j-2023-brand-new","status":"publish","type":"product","link":"https:\/\/emotionguitars.com\/en\/product\/sakurai-kohno-professional-j-2023-brand-new\/","title":{"rendered":"Sakurai Kohno Professional J &#8211; 2023 (brand new)"},"content":{"rendered":"<p>Model Professional J \u0111\u01b0\u1ee3c Masaki Sakurai th\u1ef1c hi\u1ec7n theo phong c\u00e1ch c\u1ee7a Masaru Kohno, v\u1edbi \u00e2m thanh l\u1eafng \u0111\u1ecdng v\u00e0 vang xa.<br \/>\n\u2022Th\u00f4ng s\u1ed1 \u0111\u00e0n:<br \/>\nTop: spruce<br \/>\nBack, side: madagasca rose wood<br \/>\nScale, nut: 650mm, 52mm<br \/>\nK\u00e8m case nguy\u00ean b\u1ea3n v\u00e0 d\u00e2y Savarez 510mrp<\/p>","protected":false},"excerpt":{"rendered":"<p>Model Professional J \u0111\u01b0\u1ee3c Masaki Sakurai th\u1ef1c hi\u1ec7n theo phong c\u00e1ch c\u1ee7a Masaru Kohno, v\u1edbi \u00e2m thanh l\u1eafng \u0111\u1ecdng v\u00e0 vang xa. \u2022Th\u00f4ng s\u1ed1 \u0111\u00e0n: Top: spruce Back, side: madagasca rose wood Scale, nut: 650mm, 52mm K\u00e8m case nguy\u00ean b\u1ea3n v\u00e0 d\u00e2y Savarez 510mrp<\/p>","protected":false},"featured_media":4277,"template":"","meta":[],"product_cat":[20,25,213],"product_tag":[],"class_list":["post-4276","product","type-product","status-publish","has-post-thumbnail","hentry","product_cat-dan-guitar","product_cat-sakurai-kohno","product_cat-dan-cao-cap"],"_links":{"self":[{"href":"https:\/\/emotionguitars.com\/en\/wp-json\/wp\/v2\/product\/4276","targetHints":{"allow":["GET"]}}],"collection":[{"href":"https:\/\/emotionguitars.com\/en\/wp-json\/wp\/v2\/product"}],"about":[{"href":"https:\/\/emotionguitars.com\/en\/wp-json\/wp\/v2\/types\/product"}],"wp:featuredmedia":[{"embeddable":true,"href":"https:\/\/emotionguitars.com\/en\/wp-json\/wp\/v2\/media\/4277"}],"wp:attachment":[{"href":"https:\/\/emotionguitars.com\/en\/wp-json\/wp\/v2\/media?parent=4276"}],"wp:term":[{"taxonomy":"product_cat","embeddable":true,"href":"https:\/\/emotionguitars.com\/en\/wp-json\/wp\/v2\/product_cat?post=4276"},{"taxonomy":"product_tag","embeddable":true,"href":"https:\/\/emotionguitars.com\/en\/wp-json\/wp\/v2\/product_tag?post=4276"}],"curies":[{"name":"wp","href":"https:\/\/api.w.org\/{rel}","templated":true}]}}