{"id":4289,"date":"2023-06-23T23:49:19","date_gmt":"2023-06-23T16:49:19","guid":{"rendered":"https:\/\/emotionguitars.com\/?post_type=product&#038;p=4289"},"modified":"2025-04-21T21:09:07","modified_gmt":"2025-04-21T14:09:07","slug":"jose-ramirez-2cwn-excellent","status":"publish","type":"product","link":"https:\/\/emotionguitars.com\/en\/product\/jose-ramirez-2cwn-excellent\/","title":{"rendered":"Jose Ramirez 2CWN (excellent)"},"content":{"rendered":"<p>Jose Ramirez l\u00e0 h\u00e3ng \u0111\u00e0n n\u1ed5i ti\u1ebfng b\u1eadc nh\u1ea5t t\u1ea1i T\u00e2y Ban Nha. Ch\u1ea5t \u00e2m r\u1ea5t nhi\u1ec7t c\u1ee7a Ramirez \u0111\u01b0\u1ee3c coi l\u00e0 bi\u1ec3u t\u01b0\u1ee3ng phong c\u00e1ch \u00e2m thanh c\u1ee7a tr\u01b0\u1eddng ph\u00e1i guitar Madrid.<br \/>\nTuy l\u00e0 c\u00e2y \u0111\u00e0n g\u1eafn \u00e2m thanh EQ nh\u01b0ng model 2CWN l\u1ea1i c\u00f3 ch\u1ea5t \u00e2m m\u1ed9c r\u1ea5t \u1ea5n t\u01b0\u1ee3ng, c\u00e2n b\u1eb1ng v\u00e0 \u0111\u1ea7y \u0111\u1eb7n. Khi ch\u01a1i qua loa khuy\u00each \u0111\u1ea1i, 2CWN th\u1ec3 hi\u1ec7n s\u1ef1 trong tr\u1ebbo, h\u1ea1n ch\u1ebf tri\u1ec7t \u0111\u1ec3 t\u1ea1p \u00e2m d\u01b0 th\u1eeba.<\/p>","protected":false},"excerpt":{"rendered":"<p>Jose Ramirez l\u00e0 h\u00e3ng \u0111\u00e0n n\u1ed5i ti\u1ebfng b\u1eadc nh\u1ea5t t\u1ea1i T\u00e2y Ban Nha. Ch\u1ea5t \u00e2m r\u1ea5t nhi\u1ec7t c\u1ee7a Ramirez \u0111\u01b0\u1ee3c coi l\u00e0 bi\u1ec3u t\u01b0\u1ee3ng phong c\u00e1ch \u00e2m thanh c\u1ee7a tr\u01b0\u1eddng ph\u00e1i guitar Madrid. Tuy l\u00e0 c\u00e2y \u0111\u00e0n g\u1eafn \u00e2m thanh EQ nh\u01b0ng model 2CWN l\u1ea1i c\u00f3 ch\u1ea5t \u00e2m m\u1ed9c r\u1ea5t \u1ea5n t\u01b0\u1ee3ng, c\u00e2n b\u1eb1ng v\u00e0&#8230;<\/p>","protected":false},"featured_media":4290,"template":"","meta":[],"product_cat":[20,28,213],"product_tag":[],"class_list":["post-4289","product","type-product","status-publish","has-post-thumbnail","hentry","product_cat-dan-guitar","product_cat-ramirez-guitar","product_cat-dan-cao-cap"],"_links":{"self":[{"href":"https:\/\/emotionguitars.com\/en\/wp-json\/wp\/v2\/product\/4289","targetHints":{"allow":["GET"]}}],"collection":[{"href":"https:\/\/emotionguitars.com\/en\/wp-json\/wp\/v2\/product"}],"about":[{"href":"https:\/\/emotionguitars.com\/en\/wp-json\/wp\/v2\/types\/product"}],"wp:featuredmedia":[{"embeddable":true,"href":"https:\/\/emotionguitars.com\/en\/wp-json\/wp\/v2\/media\/4290"}],"wp:attachment":[{"href":"https:\/\/emotionguitars.com\/en\/wp-json\/wp\/v2\/media?parent=4289"}],"wp:term":[{"taxonomy":"product_cat","embeddable":true,"href":"https:\/\/emotionguitars.com\/en\/wp-json\/wp\/v2\/product_cat?post=4289"},{"taxonomy":"product_tag","embeddable":true,"href":"https:\/\/emotionguitars.com\/en\/wp-json\/wp\/v2\/product_tag?post=4289"}],"curies":[{"name":"wp","href":"https:\/\/api.w.org\/{rel}","templated":true}]}}