{"id":4299,"date":"2023-06-25T00:52:36","date_gmt":"2023-06-24T17:52:36","guid":{"rendered":"https:\/\/emotionguitars.com\/?post_type=product&#038;p=4299"},"modified":"2025-04-27T00:33:27","modified_gmt":"2025-04-26T17:33:27","slug":"matsuoka-m100-very-good","status":"publish","type":"product","link":"https:\/\/emotionguitars.com\/en\/product\/matsuoka-m100-very-good\/","title":{"rendered":"Matsuoka M100 (very good)"},"content":{"rendered":"<p>V\u1edbi gi\u00e1 xu\u1ea5t x\u01b0\u1edfng 100.000\u00a5 c\u00e1ch \u0111\u00e2y kho\u1ea3ng 30 n\u0103m, Matsuoka l\u00e0 m\u1ed9t c\u00e2y \u0111\u00e0n t\u1ea7m trung th\u1eddi b\u1ea5y gi\u1edd v\u1edbi ch\u1ea5t l\u01b0\u1ee3ng v\u00e0 \u0111\u1ed9 b\u1ec1n cao.<\/p>\n<p>\u2022 Th\u00f4ng s\u1ed1 \u0111\u00e0n:<br \/>\nTop: spruce<br \/>\nBack, side: India rose wood<br \/>\nScale, nut: 650mm, 52mm<br \/>\nK\u00e8m hard case v\u00e0 d\u00e2y Savarez<\/p>","protected":false},"excerpt":{"rendered":"<p>V\u1edbi gi\u00e1 xu\u1ea5t x\u01b0\u1edfng 100.000\u00a5 c\u00e1ch \u0111\u00e2y kho\u1ea3ng 30 n\u0103m, Matsuoka l\u00e0 m\u1ed9t c\u00e2y \u0111\u00e0n t\u1ea7m trung th\u1eddi b\u1ea5y gi\u1edd v\u1edbi ch\u1ea5t l\u01b0\u1ee3ng v\u00e0 \u0111\u1ed9 b\u1ec1n cao. \u2022 Th\u00f4ng s\u1ed1 \u0111\u00e0n: Top: spruce Back, side: India rose wood Scale, nut: 650mm, 52mm K\u00e8m hard case v\u00e0 d\u00e2y Savarez<\/p>","protected":false},"featured_media":4300,"template":"","meta":[],"product_cat":[20],"product_tag":[700],"class_list":["post-4299","product","type-product","status-publish","has-post-thumbnail","hentry","product_cat-dan-guitar","product_tag-matsuoka-m100"],"_links":{"self":[{"href":"https:\/\/emotionguitars.com\/en\/wp-json\/wp\/v2\/product\/4299","targetHints":{"allow":["GET"]}}],"collection":[{"href":"https:\/\/emotionguitars.com\/en\/wp-json\/wp\/v2\/product"}],"about":[{"href":"https:\/\/emotionguitars.com\/en\/wp-json\/wp\/v2\/types\/product"}],"wp:featuredmedia":[{"embeddable":true,"href":"https:\/\/emotionguitars.com\/en\/wp-json\/wp\/v2\/media\/4300"}],"wp:attachment":[{"href":"https:\/\/emotionguitars.com\/en\/wp-json\/wp\/v2\/media?parent=4299"}],"wp:term":[{"taxonomy":"product_cat","embeddable":true,"href":"https:\/\/emotionguitars.com\/en\/wp-json\/wp\/v2\/product_cat?post=4299"},{"taxonomy":"product_tag","embeddable":true,"href":"https:\/\/emotionguitars.com\/en\/wp-json\/wp\/v2\/product_tag?post=4299"}],"curies":[{"name":"wp","href":"https:\/\/api.w.org\/{rel}","templated":true}]}}