{"id":4308,"date":"2023-06-25T01:04:12","date_gmt":"2023-06-24T18:04:12","guid":{"rendered":"https:\/\/emotionguitars.com\/?post_type=product&#038;p=4308"},"modified":"2025-04-21T21:10:05","modified_gmt":"2025-04-21T14:10:05","slug":"yamaha-gc30-excellent","status":"publish","type":"product","link":"https:\/\/emotionguitars.com\/en\/product\/yamaha-gc30-excellent\/","title":{"rendered":"Yamaha GC30 (excellent)"},"content":{"rendered":"<p>M\u1eabu Yamaha \u0111\u01b0\u1ee3c s\u1ea3n xu\u1ea5t t\u1ea1i \u0110\u00e0i Loan v\u1edbi \u0111\u1ed9 ho\u00e0n thi\u1ec7n r\u1ea5t ch\u1ec9n chu t\u1eeb h\u00ecnh th\u1ee9c \u0111\u1ebfn \u00e2m thanh.<\/p>\n<p>\u2022 Th\u00f4ng s\u1ed1 \u0111\u00e0n:<br \/>\nTop: spruce<br \/>\nBack, side: 650mm, 52mm<br \/>\nScale, nut: 650mm, 52mm<br \/>\nK\u00e8m hard case Yamaha v\u00e0 d\u00e2y Savarez<\/p>","protected":false},"excerpt":{"rendered":"<p>M\u1eabu Yamaha \u0111\u01b0\u1ee3c s\u1ea3n xu\u1ea5t t\u1ea1i \u0110\u00e0i Loan v\u1edbi \u0111\u1ed9 ho\u00e0n thi\u1ec7n r\u1ea5t ch\u1ec9n chu t\u1eeb h\u00ecnh th\u1ee9c \u0111\u1ebfn \u00e2m thanh. \u2022 Th\u00f4ng s\u1ed1 \u0111\u00e0n: Top: spruce Back, side: 650mm, 52mm Scale, nut: 650mm, 52mm K\u00e8m hard case Yamaha v\u00e0 d\u00e2y Savarez<\/p>","protected":false},"featured_media":4309,"template":"","meta":[],"product_cat":[20,23,213],"product_tag":[],"class_list":["post-4308","product","type-product","status-publish","has-post-thumbnail","hentry","product_cat-dan-guitar","product_cat-yamaha-guitar","product_cat-dan-cao-cap"],"_links":{"self":[{"href":"https:\/\/emotionguitars.com\/en\/wp-json\/wp\/v2\/product\/4308","targetHints":{"allow":["GET"]}}],"collection":[{"href":"https:\/\/emotionguitars.com\/en\/wp-json\/wp\/v2\/product"}],"about":[{"href":"https:\/\/emotionguitars.com\/en\/wp-json\/wp\/v2\/types\/product"}],"wp:featuredmedia":[{"embeddable":true,"href":"https:\/\/emotionguitars.com\/en\/wp-json\/wp\/v2\/media\/4309"}],"wp:attachment":[{"href":"https:\/\/emotionguitars.com\/en\/wp-json\/wp\/v2\/media?parent=4308"}],"wp:term":[{"taxonomy":"product_cat","embeddable":true,"href":"https:\/\/emotionguitars.com\/en\/wp-json\/wp\/v2\/product_cat?post=4308"},{"taxonomy":"product_tag","embeddable":true,"href":"https:\/\/emotionguitars.com\/en\/wp-json\/wp\/v2\/product_tag?post=4308"}],"curies":[{"name":"wp","href":"https:\/\/api.w.org\/{rel}","templated":true}]}}