{"id":4316,"date":"2023-06-25T01:09:10","date_gmt":"2023-06-24T18:09:10","guid":{"rendered":"https:\/\/emotionguitars.com\/?post_type=product&#038;p=4316"},"modified":"2025-04-30T00:02:02","modified_gmt":"2025-04-29T17:02:02","slug":"yamaha-g250-like-new","status":"publish","type":"product","link":"https:\/\/emotionguitars.com\/en\/product\/yamaha-g250-like-new\/","title":{"rendered":"Yamaha G250 (like new)"},"content":{"rendered":"<p>M\u1ed9t c\u00e2y \u0111\u00e0n ph\u1ed5 th\u00f4ng nh\u01b0ng x\u1ee9ng \u0111\u00e1ng l\u00e0 \u0111\u00e0n s\u01b0u t\u1eadp v\u00ec \u0111\u1ed9 m\u1edbi c\u1ee7a n\u00f3 \u0111\u1ebfn 99% d\u00f9 \u0111\u00e3 h\u01a1n 40 n\u0103m tu\u1ed5i \u0111\u1eddi.<\/p>","protected":false},"excerpt":{"rendered":"<p>M\u1ed9t c\u00e2y \u0111\u00e0n ph\u1ed5 th\u00f4ng nh\u01b0ng x\u1ee9ng \u0111\u00e1ng l\u00e0 \u0111\u00e0n s\u01b0u t\u1eadp v\u00ec \u0111\u1ed9 m\u1edbi c\u1ee7a n\u00f3 \u0111\u1ebfn 99% d\u00f9 \u0111\u00e3 h\u01a1n 40 n\u0103m tu\u1ed5i \u0111\u1eddi.<\/p>","protected":false},"featured_media":4317,"template":"","meta":[],"product_cat":[20,23],"product_tag":[],"class_list":["post-4316","product","type-product","status-publish","has-post-thumbnail","hentry","product_cat-dan-guitar","product_cat-yamaha-guitar"],"_links":{"self":[{"href":"https:\/\/emotionguitars.com\/en\/wp-json\/wp\/v2\/product\/4316","targetHints":{"allow":["GET"]}}],"collection":[{"href":"https:\/\/emotionguitars.com\/en\/wp-json\/wp\/v2\/product"}],"about":[{"href":"https:\/\/emotionguitars.com\/en\/wp-json\/wp\/v2\/types\/product"}],"wp:featuredmedia":[{"embeddable":true,"href":"https:\/\/emotionguitars.com\/en\/wp-json\/wp\/v2\/media\/4317"}],"wp:attachment":[{"href":"https:\/\/emotionguitars.com\/en\/wp-json\/wp\/v2\/media?parent=4316"}],"wp:term":[{"taxonomy":"product_cat","embeddable":true,"href":"https:\/\/emotionguitars.com\/en\/wp-json\/wp\/v2\/product_cat?post=4316"},{"taxonomy":"product_tag","embeddable":true,"href":"https:\/\/emotionguitars.com\/en\/wp-json\/wp\/v2\/product_tag?post=4316"}],"curies":[{"name":"wp","href":"https:\/\/api.w.org\/{rel}","templated":true}]}}