{"id":4359,"date":"2023-06-26T21:08:10","date_gmt":"2023-06-26T14:08:10","guid":{"rendered":"https:\/\/emotionguitars.com\/?post_type=product&#038;p=4359"},"modified":"2025-04-29T23:46:09","modified_gmt":"2025-04-29T16:46:09","slug":"picado-62-2023-brand-new","status":"publish","type":"product","link":"https:\/\/emotionguitars.com\/en\/product\/picado-62-2023-brand-new\/","title":{"rendered":"Picado 62 &#8211; 2023 (brand new)"},"content":{"rendered":"<p>Picado 62 s\u1edf h\u1eefu ngo\u1ea1i h\u00ecnh r\u1ea5t \u0111\u1eb9p, v\u1edbi top cedaz r\u1ea5t cao c\u1ea5p v\u00e0 l\u01b0ng h\u00f4ng Madagasca l\u01b0\u1ee3n s\u00f3ng.<br \/>\n\u00c2m thanh \u0111\u1eadm m\u00e0u T\u00e2y Ban Nha truy\u1ec1n th\u1ed1ng, v\u1edbi \u00e2m l\u01b0\u1ee3ng v\u00e0 s\u1ef1 tinh t\u1ebf \u1ea5n t\u01b0\u1ee3ng.<br \/>\nC\u00e1c r\u1ea3i \u00e2m ng\u00e2n l\u00ean t\u1ea1o th\u00e0nh s\u1ef1 h\u00f2a quy\u1ec7n \u0111\u00e1ng kinh ng\u1ea1c. \u00c2m thanh r\u1ea5t quy\u1ebfn r\u0169 v\u00e0 \u0111a m\u00e0u s\u1eafc, nh\u1ea1y c\u1ea3m.<\/p>","protected":false},"excerpt":{"rendered":"<p>Picado 62 s\u1edf h\u1eefu ngo\u1ea1i h\u00ecnh r\u1ea5t \u0111\u1eb9p, v\u1edbi top cedaz r\u1ea5t cao c\u1ea5p v\u00e0 l\u01b0ng h\u00f4ng Madagasca l\u01b0\u1ee3n s\u00f3ng. \u00c2m thanh \u0111\u1eadm m\u00e0u T\u00e2y Ban Nha truy\u1ec1n th\u1ed1ng, v\u1edbi \u00e2m l\u01b0\u1ee3ng v\u00e0 s\u1ef1 tinh t\u1ebf \u1ea5n t\u01b0\u1ee3ng. C\u00e1c r\u1ea3i \u00e2m ng\u00e2n l\u00ean t\u1ea1o th\u00e0nh s\u1ef1 h\u00f2a quy\u1ec7n \u0111\u00e1ng kinh ng\u1ea1c. \u00c2m thanh r\u1ea5t quy\u1ebfn&#8230;<\/p>","protected":false},"featured_media":4360,"template":"","meta":[],"product_cat":[20,84,213],"product_tag":[],"class_list":["post-4359","product","type-product","status-publish","has-post-thumbnail","hentry","product_cat-dan-guitar","product_cat-picado","product_cat-dan-cao-cap"],"_links":{"self":[{"href":"https:\/\/emotionguitars.com\/en\/wp-json\/wp\/v2\/product\/4359","targetHints":{"allow":["GET"]}}],"collection":[{"href":"https:\/\/emotionguitars.com\/en\/wp-json\/wp\/v2\/product"}],"about":[{"href":"https:\/\/emotionguitars.com\/en\/wp-json\/wp\/v2\/types\/product"}],"wp:featuredmedia":[{"embeddable":true,"href":"https:\/\/emotionguitars.com\/en\/wp-json\/wp\/v2\/media\/4360"}],"wp:attachment":[{"href":"https:\/\/emotionguitars.com\/en\/wp-json\/wp\/v2\/media?parent=4359"}],"wp:term":[{"taxonomy":"product_cat","embeddable":true,"href":"https:\/\/emotionguitars.com\/en\/wp-json\/wp\/v2\/product_cat?post=4359"},{"taxonomy":"product_tag","embeddable":true,"href":"https:\/\/emotionguitars.com\/en\/wp-json\/wp\/v2\/product_tag?post=4359"}],"curies":[{"name":"wp","href":"https:\/\/api.w.org\/{rel}","templated":true}]}}