{"id":4368,"date":"2023-06-27T01:36:20","date_gmt":"2023-06-26T18:36:20","guid":{"rendered":"https:\/\/emotionguitars.com\/?post_type=product&#038;p=4368"},"modified":"2025-04-21T21:14:25","modified_gmt":"2025-04-21T14:14:25","slug":"picado-c1-2023-brand-new","status":"publish","type":"product","link":"https:\/\/emotionguitars.com\/en\/product\/picado-c1-2023-brand-new\/","title":{"rendered":"Picado C1 &#8211; 2023 (brand new)"},"content":{"rendered":"<p>X\u00e9t v\u1ec1 v\u1eadt li\u1ec7u v\u00e0 ch\u1ea5t l\u01b0\u1ee3ng c\u00faa Picado Concerto C1, r\u00f5 r\u00e0ng \u0111\u00e2y l\u00e0 c\u00e2y \u0111\u00e0n qu\u00e1 \u1ea5n t\u01b0\u1ee3ng.<br \/>\nPicado v\u1eabn s\u1eed d\u1ee5ng g\u1ed7 Brazil cho l\u01b0ng v\u00e0 h\u00f4ng c\u1ee7a c\u00e1c model C1 n\u1ebfu \u0111\u01b0\u1ee3c y\u00eau c\u1ea7u. V\u1edbi h\u1ec7 nan double top, \u00e2m thanh c\u1ee7a \u0111\u00e0n r\u1ea5t r\u1ed9ng m\u1edf nh\u1eefng v\u1eabn n\u00f3ng b\u1ecfng \u0111\u00fang ch\u1ea5t T\u00e2y Ban Nha. \u0110\u00e0n r\u1ea5t d\u1ec5 ch\u01a1i v\u00e0 th\u00e2n thi\u1ec7n khi \u00f4m.<\/p>","protected":false},"excerpt":{"rendered":"<p>X\u00e9t v\u1ec1 v\u1eadt li\u1ec7u v\u00e0 ch\u1ea5t l\u01b0\u1ee3ng c\u00faa Picado Concerto C1, r\u00f5 r\u00e0ng \u0111\u00e2y l\u00e0 c\u00e2y \u0111\u00e0n qu\u00e1 \u1ea5n t\u01b0\u1ee3ng. Picado v\u1eabn s\u1eed d\u1ee5ng g\u1ed7 Brazil cho l\u01b0ng v\u00e0 h\u00f4ng c\u1ee7a c\u00e1c model C1 n\u1ebfu \u0111\u01b0\u1ee3c y\u00eau c\u1ea7u. V\u1edbi h\u1ec7 nan double top, \u00e2m thanh c\u1ee7a \u0111\u00e0n r\u1ea5t r\u1ed9ng m\u1edf nh\u1eefng v\u1eabn n\u00f3ng b\u1ecfng \u0111\u00fang&#8230;<\/p>","protected":false},"featured_media":4369,"template":"","meta":[],"product_cat":[20,84,213],"product_tag":[],"class_list":["post-4368","product","type-product","status-publish","has-post-thumbnail","hentry","product_cat-dan-guitar","product_cat-picado","product_cat-dan-cao-cap"],"_links":{"self":[{"href":"https:\/\/emotionguitars.com\/en\/wp-json\/wp\/v2\/product\/4368","targetHints":{"allow":["GET"]}}],"collection":[{"href":"https:\/\/emotionguitars.com\/en\/wp-json\/wp\/v2\/product"}],"about":[{"href":"https:\/\/emotionguitars.com\/en\/wp-json\/wp\/v2\/types\/product"}],"wp:featuredmedia":[{"embeddable":true,"href":"https:\/\/emotionguitars.com\/en\/wp-json\/wp\/v2\/media\/4369"}],"wp:attachment":[{"href":"https:\/\/emotionguitars.com\/en\/wp-json\/wp\/v2\/media?parent=4368"}],"wp:term":[{"taxonomy":"product_cat","embeddable":true,"href":"https:\/\/emotionguitars.com\/en\/wp-json\/wp\/v2\/product_cat?post=4368"},{"taxonomy":"product_tag","embeddable":true,"href":"https:\/\/emotionguitars.com\/en\/wp-json\/wp\/v2\/product_tag?post=4368"}],"curies":[{"name":"wp","href":"https:\/\/api.w.org\/{rel}","templated":true}]}}