{"id":4377,"date":"2023-07-01T05:30:21","date_gmt":"2023-06-30T22:30:21","guid":{"rendered":"https:\/\/emotionguitars.com\/?post_type=product&#038;p=4377"},"modified":"2023-07-01T05:30:22","modified_gmt":"2023-06-30T22:30:22","slug":"raimundo-128c-excellent","status":"publish","type":"product","link":"https:\/\/emotionguitars.com\/en\/product\/raimundo-128c-excellent\/","title":{"rendered":"Raimundo 128C (excellent)"},"content":{"rendered":"<p>C\u00e2y \u0111\u00e0n c\u00f3 k\u00edch c\u1ee1 640mm, nut 51mm, r\u1ea5t g\u1ecdn g\u00e0ng v\u00e0 thanh l\u1ecbch.<br \/>\n\u00c2m thanh \u1ea5n t\u01b0\u1ee3ng trong t\u1ea7m gi\u00e1 d\u01b0\u1edbi 20 tri\u1ec7u.<\/p>\n<p>\u2022 Th\u00f4ng s\u1ed1 \u0111\u00e0n:<br \/>\nTop: cedaz<br \/>\nBack, side: India rose wood<br \/>\nScale, nut: 640mm, nut 51mm<br \/>\nS\u01a1n b\u00f3ng PU<br \/>\nK\u00e8m theo case v\u00e0 d\u00e2y Augustine<\/p>","protected":false},"excerpt":{"rendered":"<p>C\u00e2y \u0111\u00e0n c\u00f3 k\u00edch c\u1ee1 640mm, nut 51mm, r\u1ea5t g\u1ecdn g\u00e0ng v\u00e0 thanh l\u1ecbch. \u00c2m thanh \u1ea5n t\u01b0\u1ee3ng trong t\u1ea7m gi\u00e1 d\u01b0\u1edbi 20 tri\u1ec7u. \u2022 Th\u00f4ng s\u1ed1 \u0111\u00e0n: Top: cedaz Back, side: India rose wood Scale, nut: 640mm, nut 51mm S\u01a1n b\u00f3ng PU K\u00e8m theo case v\u00e0 d\u00e2y Augustine<\/p>","protected":false},"featured_media":4378,"template":"","meta":[],"product_cat":[20,15],"product_tag":[506],"class_list":["post-4377","product","type-product","status-publish","has-post-thumbnail","hentry","product_cat-dan-guitar","product_cat-chua-phan-loai","product_tag-raimundo-128"],"_links":{"self":[{"href":"https:\/\/emotionguitars.com\/en\/wp-json\/wp\/v2\/product\/4377","targetHints":{"allow":["GET"]}}],"collection":[{"href":"https:\/\/emotionguitars.com\/en\/wp-json\/wp\/v2\/product"}],"about":[{"href":"https:\/\/emotionguitars.com\/en\/wp-json\/wp\/v2\/types\/product"}],"wp:featuredmedia":[{"embeddable":true,"href":"https:\/\/emotionguitars.com\/en\/wp-json\/wp\/v2\/media\/4378"}],"wp:attachment":[{"href":"https:\/\/emotionguitars.com\/en\/wp-json\/wp\/v2\/media?parent=4377"}],"wp:term":[{"taxonomy":"product_cat","embeddable":true,"href":"https:\/\/emotionguitars.com\/en\/wp-json\/wp\/v2\/product_cat?post=4377"},{"taxonomy":"product_tag","embeddable":true,"href":"https:\/\/emotionguitars.com\/en\/wp-json\/wp\/v2\/product_tag?post=4377"}],"curies":[{"name":"wp","href":"https:\/\/api.w.org\/{rel}","templated":true}]}}