{"id":4383,"date":"2023-07-02T22:34:03","date_gmt":"2023-07-02T15:34:03","guid":{"rendered":"https:\/\/emotionguitars.com\/?post_type=product&#038;p=4383"},"modified":"2025-04-29T23:52:10","modified_gmt":"2025-04-29T16:52:10","slug":"saers-a70-2023-brand-new","status":"publish","type":"product","link":"https:\/\/emotionguitars.com\/en\/product\/saers-a70-2023-brand-new\/","title":{"rendered":"Saers A70 &#8211; 2023 (brand new)"},"content":{"rendered":"<p><iframe loading=\"lazy\" title=\"So s\u00e1nh Guitar Saers A70 v\u00e0 Hernandez Concerto | Kh\u00f4ng c\u00f9ng phong c\u00e1ch\" width=\"1020\" height=\"574\" src=\"https:\/\/www.youtube.com\/embed\/U6uqNyON0TU?feature=oembed\" frameborder=\"0\" allow=\"accelerometer; autoplay; clipboard-write; encrypted-media; gyroscope; picture-in-picture; web-share\" allowfullscreen><\/iframe><\/p>","protected":false},"excerpt":{"rendered":"","protected":false},"featured_media":4384,"template":"","meta":[],"product_cat":[20,22,213],"product_tag":[],"class_list":["post-4383","product","type-product","status-publish","has-post-thumbnail","hentry","product_cat-dan-guitar","product_cat-saers-guitar","product_cat-dan-cao-cap"],"_links":{"self":[{"href":"https:\/\/emotionguitars.com\/en\/wp-json\/wp\/v2\/product\/4383","targetHints":{"allow":["GET"]}}],"collection":[{"href":"https:\/\/emotionguitars.com\/en\/wp-json\/wp\/v2\/product"}],"about":[{"href":"https:\/\/emotionguitars.com\/en\/wp-json\/wp\/v2\/types\/product"}],"wp:featuredmedia":[{"embeddable":true,"href":"https:\/\/emotionguitars.com\/en\/wp-json\/wp\/v2\/media\/4384"}],"wp:attachment":[{"href":"https:\/\/emotionguitars.com\/en\/wp-json\/wp\/v2\/media?parent=4383"}],"wp:term":[{"taxonomy":"product_cat","embeddable":true,"href":"https:\/\/emotionguitars.com\/en\/wp-json\/wp\/v2\/product_cat?post=4383"},{"taxonomy":"product_tag","embeddable":true,"href":"https:\/\/emotionguitars.com\/en\/wp-json\/wp\/v2\/product_tag?post=4383"}],"curies":[{"name":"wp","href":"https:\/\/api.w.org\/{rel}","templated":true}]}}