{"id":4393,"date":"2023-07-02T22:38:08","date_gmt":"2023-07-02T15:38:08","guid":{"rendered":"https:\/\/emotionguitars.com\/?post_type=product&#038;p=4393"},"modified":"2025-04-29T23:50:05","modified_gmt":"2025-04-29T16:50:05","slug":"sakurai-concert-r-2002-very-good","status":"publish","type":"product","link":"https:\/\/emotionguitars.com\/en\/product\/sakurai-concert-r-2002-very-good\/","title":{"rendered":"Sakurai Concert R &#8211; 2002 (very good)"},"content":{"rendered":"<p>C\u00e2y \u0111\u00e0n ti\u00eau chu\u1ea9n bi\u1ec3u di\u1ec5n c\u00f3 gi\u00e1 xu\u1ea5t x\u01b0\u1edfng l\u00e0 4500usd, cho ra ch\u1ea5t \u00e2m thanh s\u1ea1ch v\u00e0 ng\u1ecdt ng\u00e0o mang \u0111\u1eadm phong c\u00e1ch c\u1ee7a ngh\u1ec7 nh\u00e2n n\u1ed5i ti\u1ebfng Nh\u1eadt B\u1ea3n Masaki Sakurai.<br \/>\nC\u00e2y \u0111\u00e0n c\u00f3 ngo\u1ea1i h\u00ecnh \u0111\u1eb9p, m\u1ed9t s\u1ed1 v\u1ebft x\u01b0\u1edbc kh\u00f4ng \u1ea3nh h\u01b0\u1edfng \u0111\u1ebfn \u00e2m thanh c\u1ee7a \u0111\u00e0n.<\/p>\n<p>\u2022 Th\u00f4ng s\u1ed1 \u0111\u00e0n:<br \/>\nTop: spruce<br \/>\nBack, side: India rose wood<br \/>\nScale, nut: 650mm, 52mm<br \/>\nK\u00e8m case v\u00e0 d\u00e2y \u0111\u00e0n<\/p>","protected":false},"excerpt":{"rendered":"<p>C\u00e2y \u0111\u00e0n ti\u00eau chu\u1ea9n bi\u1ec3u di\u1ec5n c\u00f3 gi\u00e1 xu\u1ea5t x\u01b0\u1edfng l\u00e0 4500usd, cho ra ch\u1ea5t \u00e2m thanh s\u1ea1ch v\u00e0 ng\u1ecdt ng\u00e0o mang \u0111\u1eadm phong c\u00e1ch c\u1ee7a ngh\u1ec7 nh\u00e2n n\u1ed5i ti\u1ebfng Nh\u1eadt B\u1ea3n Masaki Sakurai. C\u00e2y \u0111\u00e0n c\u00f3 ngo\u1ea1i h\u00ecnh \u0111\u1eb9p, m\u1ed9t s\u1ed1 v\u1ebft x\u01b0\u1edbc kh\u00f4ng \u1ea3nh h\u01b0\u1edfng \u0111\u1ebfn \u00e2m thanh c\u1ee7a \u0111\u00e0n. \u2022 Th\u00f4ng s\u1ed1&#8230;<\/p>","protected":false},"featured_media":4394,"template":"","meta":[],"product_cat":[20,25,213],"product_tag":[],"class_list":["post-4393","product","type-product","status-publish","has-post-thumbnail","hentry","product_cat-dan-guitar","product_cat-sakurai-kohno","product_cat-dan-cao-cap"],"_links":{"self":[{"href":"https:\/\/emotionguitars.com\/en\/wp-json\/wp\/v2\/product\/4393","targetHints":{"allow":["GET"]}}],"collection":[{"href":"https:\/\/emotionguitars.com\/en\/wp-json\/wp\/v2\/product"}],"about":[{"href":"https:\/\/emotionguitars.com\/en\/wp-json\/wp\/v2\/types\/product"}],"wp:featuredmedia":[{"embeddable":true,"href":"https:\/\/emotionguitars.com\/en\/wp-json\/wp\/v2\/media\/4394"}],"wp:attachment":[{"href":"https:\/\/emotionguitars.com\/en\/wp-json\/wp\/v2\/media?parent=4393"}],"wp:term":[{"taxonomy":"product_cat","embeddable":true,"href":"https:\/\/emotionguitars.com\/en\/wp-json\/wp\/v2\/product_cat?post=4393"},{"taxonomy":"product_tag","embeddable":true,"href":"https:\/\/emotionguitars.com\/en\/wp-json\/wp\/v2\/product_tag?post=4393"}],"curies":[{"name":"wp","href":"https:\/\/api.w.org\/{rel}","templated":true}]}}