{"id":4414,"date":"2023-07-04T06:41:36","date_gmt":"2023-07-03T23:41:36","guid":{"rendered":"https:\/\/emotionguitars.com\/?post_type=product&#038;p=4414"},"modified":"2025-04-26T23:29:11","modified_gmt":"2025-04-26T16:29:11","slug":"hanika-he-double-top-2022-excellent","status":"publish","type":"product","link":"https:\/\/emotionguitars.com\/en\/product\/hanika-he-double-top-2022-excellent\/","title":{"rendered":"Hanika HE Double top &#8211; 2022 (excellent)"},"content":{"rendered":"<p>Hanika l\u00e0 h\u00e3ng \u0111\u00e0n n\u1ed5i ti\u1ebfng b\u1eadc nh\u1ea5t t\u1ea1i \u0110\u1ee9c th\u1eddi \u0111i\u1ec3m n\u00e0y.<br \/>\nHanika v\u1edbi chi\u1ebft l\u00fd \u00e2m thanh \u0111\u1ec1 cao s\u1ef1 c\u00e2n b\u1eb1ng v\u00e0 n\u1ed9i l\u1ef1c y chang nh\u01b0 con ng\u01b0\u1eddi \u0110\u1ee9c.<br \/>\nHanika HE double top l\u00e0 m\u1eabu model &#8220;\u00c1 h\u1eadu&#8221; c\u1ee7a Hanika, v\u1edbi m\u1eb7t sau s\u01a1n lacquer v\u00e0 m\u1eb7t tr\u01b0\u1edbc g\u1ed7 cedaz, s\u1eed d\u1ee5ng k\u1ef9 thu\u1eadt s\u01a1n sellad r\u1ea5t c\u1ea7u k\u1ef3 c\u00f9ng b\u1ed9 g\u1ed7 Ziricote l\u00e2u n\u0103m \u0111\u00e3 cho ra m\u1ed9t hi\u1ec7u qu\u1ea3 \u00e2m thanh \u0111\u00e1ng kinh ng\u1ea1c.<br \/>\nC\u00e2y \u0111\u00e0n sau \u0111\u00e2y \u0111\u01b0\u1ee3c s\u1eed d\u1ee5ng qua v\u00e0 v\u1eabn r\u1ea5t m\u1edbi.<\/p>","protected":false},"excerpt":{"rendered":"<p>Hanika l\u00e0 h\u00e3ng \u0111\u00e0n n\u1ed5i ti\u1ebfng b\u1eadc nh\u1ea5t t\u1ea1i \u0110\u1ee9c th\u1eddi \u0111i\u1ec3m n\u00e0y. Hanika v\u1edbi chi\u1ebft l\u00fd \u00e2m thanh \u0111\u1ec1 cao s\u1ef1 c\u00e2n b\u1eb1ng v\u00e0 n\u1ed9i l\u1ef1c y chang nh\u01b0 con ng\u01b0\u1eddi \u0110\u1ee9c. Hanika HE double top l\u00e0 m\u1eabu model &#8220;\u00c1 h\u1eadu&#8221; c\u1ee7a Hanika, v\u1edbi m\u1eb7t sau s\u01a1n lacquer v\u00e0 m\u1eb7t tr\u01b0\u1edbc g\u1ed7 cedaz, s\u1eed&#8230;<\/p>","protected":false},"featured_media":4415,"template":"","meta":[],"product_cat":[20,26,213],"product_tag":[72,70],"class_list":["post-4414","product","type-product","status-publish","has-post-thumbnail","hentry","product_cat-dan-guitar","product_cat-hanika-guitar","product_cat-dan-cao-cap","product_tag-emotion-guitar","product_tag-hanika-guitar"],"_links":{"self":[{"href":"https:\/\/emotionguitars.com\/en\/wp-json\/wp\/v2\/product\/4414","targetHints":{"allow":["GET"]}}],"collection":[{"href":"https:\/\/emotionguitars.com\/en\/wp-json\/wp\/v2\/product"}],"about":[{"href":"https:\/\/emotionguitars.com\/en\/wp-json\/wp\/v2\/types\/product"}],"wp:featuredmedia":[{"embeddable":true,"href":"https:\/\/emotionguitars.com\/en\/wp-json\/wp\/v2\/media\/4415"}],"wp:attachment":[{"href":"https:\/\/emotionguitars.com\/en\/wp-json\/wp\/v2\/media?parent=4414"}],"wp:term":[{"taxonomy":"product_cat","embeddable":true,"href":"https:\/\/emotionguitars.com\/en\/wp-json\/wp\/v2\/product_cat?post=4414"},{"taxonomy":"product_tag","embeddable":true,"href":"https:\/\/emotionguitars.com\/en\/wp-json\/wp\/v2\/product_tag?post=4414"}],"curies":[{"name":"wp","href":"https:\/\/api.w.org\/{rel}","templated":true}]}}