{"id":4424,"date":"2023-07-04T06:49:22","date_gmt":"2023-07-03T23:49:22","guid":{"rendered":"https:\/\/emotionguitars.com\/?post_type=product&#038;p=4424"},"modified":"2025-04-29T23:51:34","modified_gmt":"2025-04-29T16:51:34","slug":"saers-s5-brand-new","status":"publish","type":"product","link":"https:\/\/emotionguitars.com\/en\/product\/saers-s5-brand-new\/","title":{"rendered":"Saers S5 (brand new)"},"content":{"rendered":"<p>R\u1ea5t kh\u00f3 \u0111\u1ec3 t\u00ecm m\u1ed9t c\u00e2y \u0111\u00e0n d\u01b0\u1edbi 15 tri\u1ec7u m\u00e0 c\u00f3 \u00e2m thanh c\u0169ng nh\u01b0 k\u1ebft c\u1ea5u ngo\u1ea1i h\u00ecnh, k\u1ef9 thu\u1eadt l\u00e0m \u0111\u01b0\u1ee3c nh\u01b0 Saers S5.<br \/>\nS\u1eed d\u1ee5ng h\u1ec7 nan Lattice (m\u1eaft c\u00e1o), \u00e2m thanh c\u1ee7a Saers d\u00e2ud \u0111\u1eb7n v\u00e0 l\u1ea3 l\u01b0\u1ee3t, \u0111\u1eb7c bi\u1ec7t d\u1ec5 ch\u01a1i v\u00e0 ngo\u1ea1i h\u00ecnh r\u1ea5t \u0111\u1eb9p.<br \/>\n<iframe loading=\"lazy\" title=\"Guitar Saers S5 - t\u1ed1i \u01b0u cho d\u00f2ng guitar ph\u1ed5 th\u00f4ng d\u01b0\u1edbi 15 tri\u1ec7u\" width=\"1020\" height=\"574\" src=\"https:\/\/www.youtube.com\/embed\/WxeeDkK27jg?feature=oembed\" frameborder=\"0\" allow=\"accelerometer; autoplay; clipboard-write; encrypted-media; gyroscope; picture-in-picture; web-share\" allowfullscreen><\/iframe><\/p>","protected":false},"excerpt":{"rendered":"<p>R\u1ea5t kh\u00f3 \u0111\u1ec3 t\u00ecm m\u1ed9t c\u00e2y \u0111\u00e0n d\u01b0\u1edbi 15 tri\u1ec7u m\u00e0 c\u00f3 \u00e2m thanh c\u0169ng nh\u01b0 k\u1ebft c\u1ea5u ngo\u1ea1i h\u00ecnh, k\u1ef9 thu\u1eadt l\u00e0m \u0111\u01b0\u1ee3c nh\u01b0 Saers S5. S\u1eed d\u1ee5ng h\u1ec7 nan Lattice (m\u1eaft c\u00e1o), \u00e2m thanh c\u1ee7a Saers d\u00e2ud \u0111\u1eb7n v\u00e0 l\u1ea3 l\u01b0\u1ee3t, \u0111\u1eb7c bi\u1ec7t d\u1ec5 ch\u01a1i v\u00e0 ngo\u1ea1i h\u00ecnh r\u1ea5t \u0111\u1eb9p.<\/p>","protected":false},"featured_media":4425,"template":"","meta":[],"product_cat":[20,22],"product_tag":[177],"class_list":["post-4424","product","type-product","status-publish","has-post-thumbnail","hentry","product_cat-dan-guitar","product_cat-saers-guitar","product_tag-saers-s5-guitar"],"_links":{"self":[{"href":"https:\/\/emotionguitars.com\/en\/wp-json\/wp\/v2\/product\/4424","targetHints":{"allow":["GET"]}}],"collection":[{"href":"https:\/\/emotionguitars.com\/en\/wp-json\/wp\/v2\/product"}],"about":[{"href":"https:\/\/emotionguitars.com\/en\/wp-json\/wp\/v2\/types\/product"}],"wp:featuredmedia":[{"embeddable":true,"href":"https:\/\/emotionguitars.com\/en\/wp-json\/wp\/v2\/media\/4425"}],"wp:attachment":[{"href":"https:\/\/emotionguitars.com\/en\/wp-json\/wp\/v2\/media?parent=4424"}],"wp:term":[{"taxonomy":"product_cat","embeddable":true,"href":"https:\/\/emotionguitars.com\/en\/wp-json\/wp\/v2\/product_cat?post=4424"},{"taxonomy":"product_tag","embeddable":true,"href":"https:\/\/emotionguitars.com\/en\/wp-json\/wp\/v2\/product_tag?post=4424"}],"curies":[{"name":"wp","href":"https:\/\/api.w.org\/{rel}","templated":true}]}}