{"id":4435,"date":"2023-07-08T14:58:13","date_gmt":"2023-07-08T07:58:13","guid":{"rendered":"https:\/\/emotionguitars.com\/?post_type=product&#038;p=4435"},"modified":"2025-04-21T21:13:02","modified_gmt":"2025-04-21T14:13:02","slug":"sakurai-maestro-2023-brand-new","status":"publish","type":"product","link":"https:\/\/emotionguitars.com\/en\/product\/sakurai-maestro-2023-brand-new\/","title":{"rendered":"Sakurai Maestro &#8211; 2023 (brand new)"},"content":{"rendered":"<p>C\u00e2y \u0111\u00e0n Top model c\u1ee7a Masaki Sakurai. Mang h\u01a1i h\u01b0\u1edbng c\u1ee7a Masaru Kohno, c\u00e2y \u0111\u00e0n c\u00f3 gi\u1ecdng \u00e2m truy\u1ec1n th\u1ed1ng v\u00e0 n\u1ed9i l\u1ef1c. C\u00e1c d\u1ea3i cao tr\u00f2n v\u00e0 trong v\u1eaft, d\u1ea3i bass r\u1ec1n r\u0129 nh\u01b0 ti\u1ebfng cello.<\/p>\n<p>\u2022 Th\u00f4ng s\u1ed1 \u0111\u00e0n:<br \/>\nTop: spruce<br \/>\nBack, side: CSA rose wood<br \/>\nScale, nut: 650mm, 52mm<br \/>\nK\u00e8m case v\u00e0 d\u00e2y Savarez 510MRP<\/p>","protected":false},"excerpt":{"rendered":"<p>C\u00e2y \u0111\u00e0n Top model c\u1ee7a Masaki Sakurai. Mang h\u01a1i h\u01b0\u1edbng c\u1ee7a Masaru Kohno, c\u00e2y \u0111\u00e0n c\u00f3 gi\u1ecdng \u00e2m truy\u1ec1n th\u1ed1ng v\u00e0 n\u1ed9i l\u1ef1c. C\u00e1c d\u1ea3i cao tr\u00f2n v\u00e0 trong v\u1eaft, d\u1ea3i bass r\u1ec1n r\u0129 nh\u01b0 ti\u1ebfng cello. \u2022 Th\u00f4ng s\u1ed1 \u0111\u00e0n: Top: spruce Back, side: CSA rose wood Scale, nut: 650mm, 52mm K\u00e8m case v\u00e0&#8230;<\/p>","protected":false},"featured_media":4436,"template":"","meta":[],"product_cat":[20,25,213],"product_tag":[],"class_list":["post-4435","product","type-product","status-publish","has-post-thumbnail","hentry","product_cat-dan-guitar","product_cat-sakurai-kohno","product_cat-dan-cao-cap"],"_links":{"self":[{"href":"https:\/\/emotionguitars.com\/en\/wp-json\/wp\/v2\/product\/4435","targetHints":{"allow":["GET"]}}],"collection":[{"href":"https:\/\/emotionguitars.com\/en\/wp-json\/wp\/v2\/product"}],"about":[{"href":"https:\/\/emotionguitars.com\/en\/wp-json\/wp\/v2\/types\/product"}],"wp:featuredmedia":[{"embeddable":true,"href":"https:\/\/emotionguitars.com\/en\/wp-json\/wp\/v2\/media\/4436"}],"wp:attachment":[{"href":"https:\/\/emotionguitars.com\/en\/wp-json\/wp\/v2\/media?parent=4435"}],"wp:term":[{"taxonomy":"product_cat","embeddable":true,"href":"https:\/\/emotionguitars.com\/en\/wp-json\/wp\/v2\/product_cat?post=4435"},{"taxonomy":"product_tag","embeddable":true,"href":"https:\/\/emotionguitars.com\/en\/wp-json\/wp\/v2\/product_tag?post=4435"}],"curies":[{"name":"wp","href":"https:\/\/api.w.org\/{rel}","templated":true}]}}