{"id":4442,"date":"2023-07-11T01:05:39","date_gmt":"2023-07-10T18:05:39","guid":{"rendered":"https:\/\/emotionguitars.com\/?post_type=product&#038;p=4442"},"modified":"2025-04-21T21:08:58","modified_gmt":"2025-04-21T14:08:58","slug":"hanika-56sc","status":"publish","type":"product","link":"https:\/\/emotionguitars.com\/en\/product\/hanika-56sc\/","title":{"rendered":"Hanika 56SC"},"content":{"rendered":"<p>Hanika l\u00e0 h\u00e3ng \u0111\u00e0n \u0111\u01b0\u1ee3c \u01b0a chu\u1ed9ng t\u1ea1i \u0110\u1ee9c. S\u1ef1 c\u00e2n b\u1eb1ng v\u00e0 n\u1ed9i l\u1ef1c ch\u00ednh l\u00e0 \u0111i\u1ec3m m\u1ea1nh c\u00f9a Hanika.<br \/>\nModel 56SC c\u00f3 ngo\u1ea1i h\u00ecnh g\u1ecdn gh\u1ebd v\u00e0 trang nh\u00e3. Ph\u1ea7n l\u1edbp s\u01a1n b\u00f3ng c\u1ee7a m\u1eb7t sau v\u00e0 h\u00f4ng l\u00e0m t\u1eeb g\u1ed7 Santos t\u00f4n l\u00ean v\u1ebb trang tr\u1ecdng c\u1ee7a m\u1eb7t Top s\u01a1n vecni m\u1edd. Thanh ng\u1ef1a l\u00e0m u\u1ed1n cong \u0111\u1ea7y t\u00ednh th\u1ea9m m\u1ef9 r\u1ea5t duy\u00ean d\u00e1ng.<br \/>\n\u00c2m thanh c\u1ee7a Hanika 56SC r\u1ea5t \u0111\u0129nh \u0111\u1ea1c v\u00e0 c\u00f3 \u0111\u1ed9 long lanh l\u00f4i cu\u1ed1n, \u00e2m l\u01b0\u1ee3ng v\u1eeba \u0111\u1ee7, kh\u00f4ng \u1ed3n \u00e0o.<\/p>","protected":false},"excerpt":{"rendered":"<p>Hanika l\u00e0 h\u00e3ng \u0111\u00e0n \u0111\u01b0\u1ee3c \u01b0a chu\u1ed9ng t\u1ea1i \u0110\u1ee9c. S\u1ef1 c\u00e2n b\u1eb1ng v\u00e0 n\u1ed9i l\u1ef1c ch\u00ednh l\u00e0 \u0111i\u1ec3m m\u1ea1nh c\u00f9a Hanika. Model 56SC c\u00f3 ngo\u1ea1i h\u00ecnh g\u1ecdn gh\u1ebd v\u00e0 trang nh\u00e3. Ph\u1ea7n l\u1edbp s\u01a1n b\u00f3ng c\u1ee7a m\u1eb7t sau v\u00e0 h\u00f4ng l\u00e0m t\u1eeb g\u1ed7 Santos t\u00f4n l\u00ean v\u1ebb trang tr\u1ecdng c\u1ee7a m\u1eb7t Top s\u01a1n vecni m\u1edd&#8230;.<\/p>","protected":false},"featured_media":4443,"template":"","meta":[],"product_cat":[20,26,213],"product_tag":[],"class_list":["post-4442","product","type-product","status-publish","has-post-thumbnail","hentry","product_cat-dan-guitar","product_cat-hanika-guitar","product_cat-dan-cao-cap"],"_links":{"self":[{"href":"https:\/\/emotionguitars.com\/en\/wp-json\/wp\/v2\/product\/4442","targetHints":{"allow":["GET"]}}],"collection":[{"href":"https:\/\/emotionguitars.com\/en\/wp-json\/wp\/v2\/product"}],"about":[{"href":"https:\/\/emotionguitars.com\/en\/wp-json\/wp\/v2\/types\/product"}],"wp:featuredmedia":[{"embeddable":true,"href":"https:\/\/emotionguitars.com\/en\/wp-json\/wp\/v2\/media\/4443"}],"wp:attachment":[{"href":"https:\/\/emotionguitars.com\/en\/wp-json\/wp\/v2\/media?parent=4442"}],"wp:term":[{"taxonomy":"product_cat","embeddable":true,"href":"https:\/\/emotionguitars.com\/en\/wp-json\/wp\/v2\/product_cat?post=4442"},{"taxonomy":"product_tag","embeddable":true,"href":"https:\/\/emotionguitars.com\/en\/wp-json\/wp\/v2\/product_tag?post=4442"}],"curies":[{"name":"wp","href":"https:\/\/api.w.org\/{rel}","templated":true}]}}