{"id":4452,"date":"2023-07-17T08:59:08","date_gmt":"2023-07-17T01:59:08","guid":{"rendered":"https:\/\/emotionguitars.com\/?post_type=product&#038;p=4452"},"modified":"2025-05-16T05:37:09","modified_gmt":"2025-05-15T22:37:09","slug":"masaru-kohno-maestro-1986-very-good","status":"publish","type":"product","link":"https:\/\/emotionguitars.com\/en\/product\/masaru-kohno-maestro-1986-very-good\/","title":{"rendered":"Masaru Kohno Maestro &#8211; 1986 (very good)"},"content":{"rendered":"<p>\u0110\u00e2y l\u00e0 1 &#8220;b\u00e1u v\u1eadt&#8221; qu\u00fd gi\u00e1 c\u1ee7a nh\u00e0 Kohno. N\u0103m 1986 l\u00e0 th\u1eddi k\u1ef3 \u0111\u1ea7u khi c\u00e1c c\u00e2y \u0111\u00e0n c\u1ee7a Masaru Kohno chuy\u1ec3n t\u1eeb \u0111\u00e1nh s\u1ed1 model sang vi\u1ebft t\u00ean. Maestro l\u00e0 model cao nh\u1ea5t th\u1eddi \u0111i\u1ec3m \u0111\u00f3. V\u1edbi b\u1ed9 g\u1ed7 Brazil r\u1ea5t \u0111\u1eb9p, c\u00f9ng \u00e2m thanh trong tr\u1ebbo, \u0111\u01b0\u1ee3m \u0111\u00e0, \u0111\u00e3 g\u1ea7n 40 n\u0103m nh\u01b0ng c\u00e2y \u0111\u00e0n v\u1eabn th\u1eadt s\u1ef1 \u1ea5n t\u01b0\u1ee3ng \u1edf m\u1ecdi kh\u00eda c\u1ea1nh t\u1eeb ngo\u1ea1i h\u00ecnh \u0111\u1ebfn \u00e2m thanh.<\/p>\n<p>\u2022 Th\u00f4ng s\u1ed1 \u0111\u00e0n:<br \/>\nTop: spruce<br \/>\nBack, side: Brazil rose wood<br \/>\nScale, nut: 650mm, 52mm<\/p>","protected":false},"excerpt":{"rendered":"<p>\u0110\u00e2y l\u00e0 1 &#8220;b\u00e1u v\u1eadt&#8221; qu\u00fd gi\u00e1 c\u1ee7a nh\u00e0 Kohno. N\u0103m 1986 l\u00e0 th\u1eddi k\u1ef3 \u0111\u1ea7u khi c\u00e1c c\u00e2y \u0111\u00e0n c\u1ee7a Masaru Kohno chuy\u1ec3n t\u1eeb \u0111\u00e1nh s\u1ed1 model sang vi\u1ebft t\u00ean. Maestro l\u00e0 model cao nh\u1ea5t th\u1eddi \u0111i\u1ec3m \u0111\u00f3. V\u1edbi b\u1ed9 g\u1ed7 Brazil r\u1ea5t \u0111\u1eb9p, c\u00f9ng \u00e2m thanh trong tr\u1ebbo, \u0111\u01b0\u1ee3m \u0111\u00e0, \u0111\u00e3 g\u1ea7n 40&#8230;<\/p>","protected":false},"featured_media":4453,"template":"","meta":[],"product_cat":[20,25,213],"product_tag":[],"class_list":["post-4452","product","type-product","status-publish","has-post-thumbnail","hentry","product_cat-dan-guitar","product_cat-sakurai-kohno","product_cat-dan-cao-cap"],"_links":{"self":[{"href":"https:\/\/emotionguitars.com\/en\/wp-json\/wp\/v2\/product\/4452","targetHints":{"allow":["GET"]}}],"collection":[{"href":"https:\/\/emotionguitars.com\/en\/wp-json\/wp\/v2\/product"}],"about":[{"href":"https:\/\/emotionguitars.com\/en\/wp-json\/wp\/v2\/types\/product"}],"wp:featuredmedia":[{"embeddable":true,"href":"https:\/\/emotionguitars.com\/en\/wp-json\/wp\/v2\/media\/4453"}],"wp:attachment":[{"href":"https:\/\/emotionguitars.com\/en\/wp-json\/wp\/v2\/media?parent=4452"}],"wp:term":[{"taxonomy":"product_cat","embeddable":true,"href":"https:\/\/emotionguitars.com\/en\/wp-json\/wp\/v2\/product_cat?post=4452"},{"taxonomy":"product_tag","embeddable":true,"href":"https:\/\/emotionguitars.com\/en\/wp-json\/wp\/v2\/product_tag?post=4452"}],"curies":[{"name":"wp","href":"https:\/\/api.w.org\/{rel}","templated":true}]}}