{"id":4513,"date":"2023-08-27T18:50:54","date_gmt":"2023-08-27T11:50:54","guid":{"rendered":"https:\/\/emotionguitars.com\/?post_type=product&#038;p=4513"},"modified":"2025-04-21T21:08:02","modified_gmt":"2025-04-21T14:08:02","slug":"esteve-9-cb-brand-new","status":"publish","type":"product","link":"https:\/\/emotionguitars.com\/en\/product\/esteve-9-cb-brand-new\/","title":{"rendered":"Esteve 9 CB (brand new)"},"content":{"rendered":"<p>C\u00e2y \u0111\u00e0n c\u00f3 \u00e2m thanh m\u01b0\u1ee3t m\u00e0 v\u00e0 r\u1ea5t ho\u00e0 quy\u1ec7n. Ngo\u1ea1i h\u00ecnh l\u00e0 nh\u1eefng n\u00e9t tinh t\u1ebf v\u00e0 truy\u1ec1n th\u1ed1ng.<br \/>\n<iframe loading=\"lazy\" title=\"So s\u00e1nh 2 c\u00e2y \u0111\u00e0n T\u00e2y Ban Nha gi\u00e1 36 tri\u1ec7u | Picado 54 v\u00e0 Esteve 9\" width=\"1020\" height=\"574\" src=\"https:\/\/www.youtube.com\/embed\/sKJJfmLPt4g?feature=oembed\" frameborder=\"0\" allow=\"accelerometer; autoplay; clipboard-write; encrypted-media; gyroscope; picture-in-picture; web-share\" allowfullscreen><\/iframe><\/p>","protected":false},"excerpt":{"rendered":"<p>C\u00e2y \u0111\u00e0n c\u00f3 \u00e2m thanh m\u01b0\u1ee3t m\u00e0 v\u00e0 r\u1ea5t ho\u00e0 quy\u1ec7n. Ngo\u1ea1i h\u00ecnh l\u00e0 nh\u1eefng n\u00e9t tinh t\u1ebf v\u00e0 truy\u1ec1n th\u1ed1ng.<\/p>","protected":false},"featured_media":4514,"template":"","meta":[],"product_cat":[541,20,213],"product_tag":[],"class_list":["post-4513","product","type-product","status-publish","has-post-thumbnail","hentry","product_cat-esteve-adalid-guitar","product_cat-dan-guitar","product_cat-dan-cao-cap"],"_links":{"self":[{"href":"https:\/\/emotionguitars.com\/en\/wp-json\/wp\/v2\/product\/4513","targetHints":{"allow":["GET"]}}],"collection":[{"href":"https:\/\/emotionguitars.com\/en\/wp-json\/wp\/v2\/product"}],"about":[{"href":"https:\/\/emotionguitars.com\/en\/wp-json\/wp\/v2\/types\/product"}],"wp:featuredmedia":[{"embeddable":true,"href":"https:\/\/emotionguitars.com\/en\/wp-json\/wp\/v2\/media\/4514"}],"wp:attachment":[{"href":"https:\/\/emotionguitars.com\/en\/wp-json\/wp\/v2\/media?parent=4513"}],"wp:term":[{"taxonomy":"product_cat","embeddable":true,"href":"https:\/\/emotionguitars.com\/en\/wp-json\/wp\/v2\/product_cat?post=4513"},{"taxonomy":"product_tag","embeddable":true,"href":"https:\/\/emotionguitars.com\/en\/wp-json\/wp\/v2\/product_tag?post=4513"}],"curies":[{"name":"wp","href":"https:\/\/api.w.org\/{rel}","templated":true}]}}