{"id":4537,"date":"2023-10-15T12:21:32","date_gmt":"2023-10-15T05:21:32","guid":{"rendered":"https:\/\/emotionguitars.com\/?post_type=product&#038;p=4537"},"modified":"2025-04-29T23:56:13","modified_gmt":"2025-04-29T16:56:13","slug":"otto-vowinkel-concerto-2023-brand-new","status":"publish","type":"product","link":"https:\/\/emotionguitars.com\/en\/product\/otto-vowinkel-concerto-2023-brand-new\/","title":{"rendered":"Otto Vowinkel Concerto &#8211; 2023 (brand new)"},"content":{"rendered":"<p>Kh\u00f4ng qu\u00e1 \u0111\u1ec3 g\u1ecdi \u0111\u00e2y l\u00e0 m\u1ed9t t\u00e1c ph\u1ea9m ngh\u1ec7 thu\u1eadt th\u1eadt s\u1ef1.<br \/>\nB\u1ed9 g\u1ed7 CSA \u0111\u1eb9p m\u1ed9t c\u00e1ch k\u1ef3 b\u00ed c\u00f9ng nh\u1eefng \u0111\u01b0\u1eddng n\u00e9t g\u1ecdn g\u00e0ng thanh tao to\u00e1t l\u00ean t\u1eeb c\u00e2y \u0111\u00e0n n\u1ed5i ti\u1ebfng ch\u00e2u \u00c2u n\u00e0y.<br \/>\n\u00c2m thanh c\u1ee7a Otto Vowinkel concerto v\u00f4 c\u00f9ng \u1ea5n t\u01b0\u1ee3ng b\u1edfi s\u1ef1 t\u0129nh t\u1ea1i v\u00e0 c\u1ea3m gi\u00e1c ho\u00e0 quy\u1ec7n r\u1ea5t tinh t\u1ebf, s\u00e2u l\u1eafng.<\/p>","protected":false},"excerpt":{"rendered":"<p>Kh\u00f4ng qu\u00e1 \u0111\u1ec3 g\u1ecdi \u0111\u00e2y l\u00e0 m\u1ed9t t\u00e1c ph\u1ea9m ngh\u1ec7 thu\u1eadt th\u1eadt s\u1ef1. B\u1ed9 g\u1ed7 CSA \u0111\u1eb9p m\u1ed9t c\u00e1ch k\u1ef3 b\u00ed c\u00f9ng nh\u1eefng \u0111\u01b0\u1eddng n\u00e9t g\u1ecdn g\u00e0ng thanh tao to\u00e1t l\u00ean t\u1eeb c\u00e2y \u0111\u00e0n n\u1ed5i ti\u1ebfng ch\u00e2u \u00c2u n\u00e0y. \u00c2m thanh c\u1ee7a Otto Vowinkel concerto v\u00f4 c\u00f9ng \u1ea5n t\u01b0\u1ee3ng b\u1edfi s\u1ef1 t\u0129nh t\u1ea1i v\u00e0 c\u1ea3m&#8230;<\/p>","protected":false},"featured_media":4538,"template":"","meta":[],"product_cat":[20,27,213],"product_tag":[536,703],"class_list":["post-4537","product","type-product","status-publish","has-post-thumbnail","hentry","product_cat-dan-guitar","product_cat-otto-vowinkel","product_cat-dan-cao-cap","product_tag-otto-vowinkel-1a","product_tag-otto-vowinkel-1c"],"_links":{"self":[{"href":"https:\/\/emotionguitars.com\/en\/wp-json\/wp\/v2\/product\/4537","targetHints":{"allow":["GET"]}}],"collection":[{"href":"https:\/\/emotionguitars.com\/en\/wp-json\/wp\/v2\/product"}],"about":[{"href":"https:\/\/emotionguitars.com\/en\/wp-json\/wp\/v2\/types\/product"}],"wp:featuredmedia":[{"embeddable":true,"href":"https:\/\/emotionguitars.com\/en\/wp-json\/wp\/v2\/media\/4538"}],"wp:attachment":[{"href":"https:\/\/emotionguitars.com\/en\/wp-json\/wp\/v2\/media?parent=4537"}],"wp:term":[{"taxonomy":"product_cat","embeddable":true,"href":"https:\/\/emotionguitars.com\/en\/wp-json\/wp\/v2\/product_cat?post=4537"},{"taxonomy":"product_tag","embeddable":true,"href":"https:\/\/emotionguitars.com\/en\/wp-json\/wp\/v2\/product_tag?post=4537"}],"curies":[{"name":"wp","href":"https:\/\/api.w.org\/{rel}","templated":true}]}}