{"id":4562,"date":"2023-10-30T10:27:02","date_gmt":"2023-10-30T03:27:02","guid":{"rendered":"https:\/\/emotionguitars.com\/?post_type=product&#038;p=4562"},"modified":"2025-04-21T21:06:28","modified_gmt":"2025-04-21T14:06:28","slug":"masaru-kohno-10-1972","status":"publish","type":"product","link":"https:\/\/emotionguitars.com\/en\/product\/masaru-kohno-10-1972\/","title":{"rendered":"Masaru Kohno 10 &#8211; 1972"},"content":{"rendered":"<p>C\u00e2y \u0111\u00e0n r\u1ea5t qu\u00fd do s\u1ea3n xu\u1ea5t v\u00e0o n\u0103m 1972, l\u00fac \u0111\u1ed3ng Y\u00ean Nh\u1eadt v\u1eabn \u0111ang r\u1ea5t c\u00f3 gi\u00e1, h\u01a1n n\u1eefa \u0111\u01b0\u1ee3c th\u1ef1c hi\u1ec7n b\u1edfi Masaru Kohno th\u1eddi phong \u0111\u1ed9 \u0111ang v\u00e0o nh\u1ea5t.<br \/>\nNgo\u00e0i nh\u1eefng v\u1ebft x\u01b0\u1edbc nh\u1ecf tr\u00ean b\u1ec1 m\u1eb7t, c\u00e2y \u0111\u00e0n nh\u00ecn chung \u0111\u1eb9p v\u00e0 c\u00f3 m\u1ed9t \u00e2m thanh r\u1ea5t s\u00e2u l\u1eafng, tr\u00e0n \u0111\u1ea7y c\u1ea3m x\u00fac khi ng\u00e2n l\u00ean.<\/p>\n<p>\u2022 Th\u00f4ng s\u1ed1 \u0111\u00e0n:<br \/>\nTop: Cedaz<br \/>\nBack, side: India Rosewood<br \/>\nScale, nut: 660mm, 52mm<br \/>\nK\u00e8m case v\u00e0 d\u00e2y Savarez.<\/p>","protected":false},"excerpt":{"rendered":"<p>C\u00e2y \u0111\u00e0n r\u1ea5t qu\u00fd do s\u1ea3n xu\u1ea5t v\u00e0o n\u0103m 1972, l\u00fac \u0111\u1ed3ng Y\u00ean Nh\u1eadt v\u1eabn \u0111ang r\u1ea5t c\u00f3 gi\u00e1, h\u01a1n n\u1eefa \u0111\u01b0\u1ee3c th\u1ef1c hi\u1ec7n b\u1edfi Masaru Kohno th\u1eddi phong \u0111\u1ed9 \u0111ang v\u00e0o nh\u1ea5t. Ngo\u00e0i nh\u1eefng v\u1ebft x\u01b0\u1edbc nh\u1ecf tr\u00ean b\u1ec1 m\u1eb7t, c\u00e2y \u0111\u00e0n nh\u00ecn chung \u0111\u1eb9p v\u00e0 c\u00f3 m\u1ed9t \u00e2m thanh r\u1ea5t s\u00e2u l\u1eafng, tr\u00e0n&#8230;<\/p>","protected":false},"featured_media":4563,"template":"","meta":[],"product_cat":[20,25,213],"product_tag":[72,694],"class_list":["post-4562","product","type-product","status-publish","has-post-thumbnail","hentry","product_cat-dan-guitar","product_cat-sakurai-kohno","product_cat-dan-cao-cap","product_tag-emotion-guitar","product_tag-kohno-10"],"_links":{"self":[{"href":"https:\/\/emotionguitars.com\/en\/wp-json\/wp\/v2\/product\/4562","targetHints":{"allow":["GET"]}}],"collection":[{"href":"https:\/\/emotionguitars.com\/en\/wp-json\/wp\/v2\/product"}],"about":[{"href":"https:\/\/emotionguitars.com\/en\/wp-json\/wp\/v2\/types\/product"}],"wp:featuredmedia":[{"embeddable":true,"href":"https:\/\/emotionguitars.com\/en\/wp-json\/wp\/v2\/media\/4563"}],"wp:attachment":[{"href":"https:\/\/emotionguitars.com\/en\/wp-json\/wp\/v2\/media?parent=4562"}],"wp:term":[{"taxonomy":"product_cat","embeddable":true,"href":"https:\/\/emotionguitars.com\/en\/wp-json\/wp\/v2\/product_cat?post=4562"},{"taxonomy":"product_tag","embeddable":true,"href":"https:\/\/emotionguitars.com\/en\/wp-json\/wp\/v2\/product_tag?post=4562"}],"curies":[{"name":"wp","href":"https:\/\/api.w.org\/{rel}","templated":true}]}}