{"id":4575,"date":"2023-10-30T13:27:51","date_gmt":"2023-10-30T06:27:51","guid":{"rendered":"https:\/\/emotionguitars.com\/?post_type=product&#038;p=4575"},"modified":"2025-04-21T21:06:07","modified_gmt":"2025-04-21T14:06:07","slug":"masaki-sakurai-concert-j-1999-excellent","status":"publish","type":"product","link":"https:\/\/emotionguitars.com\/en\/product\/masaki-sakurai-concert-j-1999-excellent\/","title":{"rendered":"Masaki Sakurai Concert J &#8211; 1999 (Excellent)"},"content":{"rendered":"<p>Masaki Sakurai Concert J &#8211; 1999, v\u1ebb \u0111\u1eb9p m\u1ed9c m\u1ea1c nh\u01b0ng v\u1eabn ki\u00eau sa c\u00f9ng \u00e2m thanh ng\u1ecdt ng\u00e0o, \u1ea5m \u00e1p. <\/p>\n<p>\u2022 Th\u00f4ng s\u1ed1 \u0111\u00e0n:<br \/>\nTop: Spruce<br \/>\nBack, side: Jacaranda<br \/>\nScale, nut: 650mm, 52mm<br \/>\nT\u00ecnh tr\u1ea1ng: m\u1edbi \u0111\u1ebfn 90% v\u00e0 nguy\u00ean b\u1ea3n, c\u1ea7n th\u1eb3m t\u1eafp, action 3,7mm.<\/p>","protected":false},"excerpt":{"rendered":"<p>Masaki Sakurai Concert J &#8211; 1999, v\u1ebb \u0111\u1eb9p m\u1ed9c m\u1ea1c nh\u01b0ng v\u1eabn ki\u00eau sa c\u00f9ng \u00e2m thanh ng\u1ecdt ng\u00e0o, \u1ea5m \u00e1p. \u2022 Th\u00f4ng s\u1ed1 \u0111\u00e0n: Top: Spruce Back, side: Jacaranda Scale, nut: 650mm, 52mm T\u00ecnh tr\u1ea1ng: m\u1edbi \u0111\u1ebfn 90% v\u00e0 nguy\u00ean b\u1ea3n, c\u1ea7n th\u1eb3m t\u1eafp, action 3,7mm.<\/p>","protected":false},"featured_media":4576,"template":"","meta":[],"product_cat":[20,25,213],"product_tag":[],"class_list":["post-4575","product","type-product","status-publish","has-post-thumbnail","hentry","product_cat-dan-guitar","product_cat-sakurai-kohno","product_cat-dan-cao-cap"],"_links":{"self":[{"href":"https:\/\/emotionguitars.com\/en\/wp-json\/wp\/v2\/product\/4575","targetHints":{"allow":["GET"]}}],"collection":[{"href":"https:\/\/emotionguitars.com\/en\/wp-json\/wp\/v2\/product"}],"about":[{"href":"https:\/\/emotionguitars.com\/en\/wp-json\/wp\/v2\/types\/product"}],"wp:featuredmedia":[{"embeddable":true,"href":"https:\/\/emotionguitars.com\/en\/wp-json\/wp\/v2\/media\/4576"}],"wp:attachment":[{"href":"https:\/\/emotionguitars.com\/en\/wp-json\/wp\/v2\/media?parent=4575"}],"wp:term":[{"taxonomy":"product_cat","embeddable":true,"href":"https:\/\/emotionguitars.com\/en\/wp-json\/wp\/v2\/product_cat?post=4575"},{"taxonomy":"product_tag","embeddable":true,"href":"https:\/\/emotionguitars.com\/en\/wp-json\/wp\/v2\/product_tag?post=4575"}],"curies":[{"name":"wp","href":"https:\/\/api.w.org\/{rel}","templated":true}]}}