{"id":4584,"date":"2023-10-30T22:24:48","date_gmt":"2023-10-30T15:24:48","guid":{"rendered":"https:\/\/emotionguitars.com\/?post_type=product&#038;p=4584"},"modified":"2025-04-21T21:05:53","modified_gmt":"2025-04-21T14:05:53","slug":"armin-hanika-double-top-2022-excellent","status":"publish","type":"product","link":"https:\/\/emotionguitars.com\/en\/product\/armin-hanika-double-top-2022-excellent\/","title":{"rendered":"Armin Hanika Double Top &#8211; 2022 (Excellent)"},"content":{"rendered":"<p>C\u00e2y \u0111\u00e0n s\u1eed d\u1ee5ng l\u00e0m m\u1eabu trong show room Emotion Guitar h\u01a1n m\u1ed9t n\u0103m nay c\u00f9ng t\u00ecnh tr\u1ea1ng g\u1ea7n nh\u01b0 ho\u00e0n h\u1ea3o.<br \/>\nHanika Double top l\u00e0 m\u1eabu \u0111\u00e0n c\u00f3 gi\u00e1 cao nh\u1ea5t trong x\u01b0\u1edfng c\u1ee7a Hanika &#8211; h\u00e3ng \u0111\u00e0n n\u1ed5i ti\u1ebfng c\u1ee7a \u0110\u1ee9c.<br \/>\n\u00c2m thanh v\u1edbi s\u1ef1 c\u1ed9ng h\u01b0\u1edfng m\u1ea1nh m\u1ebd nh\u01b0ng r\u1ea5t tinh t\u1ebf, k\u1ebft h\u1ee3p v\u1edbi s\u1ef1 t\u1ed1i \u01b0u khi ti\u1ebfp x\u00fac tay v\u00e0o ph\u00edm, c\u1ea7n \u0111\u00e0n\u2026 Hanika l\u00e0 l\u1ef1a ch\u1ecdn ho\u00e0n h\u1ea3o cho nh\u1eefng ai kh\u00f3 t\u00ednh nh\u1ea5t.<\/p>\n<p>\u2022 Th\u00f4ng s\u1ed1 \u0111\u00e0n:<br \/>\nTop: Cedaz<br \/>\nBack, side: Ziricote<br \/>\nScale, nut: 650mm, 52mm<br \/>\nK\u00e8m case carbon h\u00e3ng tr\u1ecb gi\u00e1 1200\u20ac v\u00e0 2 b\u1ed9 d\u00e2y \u0111\u00e0n Knobloch, Savarez.<\/p>","protected":false},"excerpt":{"rendered":"<p>C\u00e2y \u0111\u00e0n s\u1eed d\u1ee5ng l\u00e0m m\u1eabu trong show room Emotion Guitar h\u01a1n m\u1ed9t n\u0103m nay c\u00f9ng t\u00ecnh tr\u1ea1ng g\u1ea7n nh\u01b0 ho\u00e0n h\u1ea3o. Hanika Double top l\u00e0 m\u1eabu \u0111\u00e0n c\u00f3 gi\u00e1 cao nh\u1ea5t trong x\u01b0\u1edfng c\u1ee7a Hanika &#8211; h\u00e3ng \u0111\u00e0n n\u1ed5i ti\u1ebfng c\u1ee7a \u0110\u1ee9c. \u00c2m thanh v\u1edbi s\u1ef1 c\u1ed9ng h\u01b0\u1edfng m\u1ea1nh m\u1ebd nh\u01b0ng r\u1ea5t tinh t\u1ebf,&#8230;<\/p>","protected":false},"featured_media":4585,"template":"","meta":[],"product_cat":[20,26,213],"product_tag":[705],"class_list":["post-4584","product","type-product","status-publish","has-post-thumbnail","hentry","product_cat-dan-guitar","product_cat-hanika-guitar","product_cat-dan-cao-cap","product_tag-hanika-double-top"],"_links":{"self":[{"href":"https:\/\/emotionguitars.com\/en\/wp-json\/wp\/v2\/product\/4584","targetHints":{"allow":["GET"]}}],"collection":[{"href":"https:\/\/emotionguitars.com\/en\/wp-json\/wp\/v2\/product"}],"about":[{"href":"https:\/\/emotionguitars.com\/en\/wp-json\/wp\/v2\/types\/product"}],"wp:featuredmedia":[{"embeddable":true,"href":"https:\/\/emotionguitars.com\/en\/wp-json\/wp\/v2\/media\/4585"}],"wp:attachment":[{"href":"https:\/\/emotionguitars.com\/en\/wp-json\/wp\/v2\/media?parent=4584"}],"wp:term":[{"taxonomy":"product_cat","embeddable":true,"href":"https:\/\/emotionguitars.com\/en\/wp-json\/wp\/v2\/product_cat?post=4584"},{"taxonomy":"product_tag","embeddable":true,"href":"https:\/\/emotionguitars.com\/en\/wp-json\/wp\/v2\/product_tag?post=4584"}],"curies":[{"name":"wp","href":"https:\/\/api.w.org\/{rel}","templated":true}]}}