{"id":4599,"date":"2023-10-31T10:04:38","date_gmt":"2023-10-31T03:04:38","guid":{"rendered":"https:\/\/emotionguitars.com\/?post_type=product&#038;p=4599"},"modified":"2025-04-29T23:50:28","modified_gmt":"2025-04-29T16:50:28","slug":"sakurai-kohno-maestro-2023-brand-new","status":"publish","type":"product","link":"https:\/\/emotionguitars.com\/en\/product\/sakurai-kohno-maestro-2023-brand-new\/","title":{"rendered":"Sakurai Kohno Maestro &#8211; 2023 (brand new)"},"content":{"rendered":"<p>HC\u00e2y \u0111\u00e0n v\u1edbi b\u1ed9 g\u1ed7 Jacaranda gi\u00e0 r\u1ea5t \u0111\u1eb9p c\u00f9ng \u00e2m thanh th\u1ef1c s\u1ef1 l\u1ea5y \u0111\u1ed9ng.<br \/>\nSakurai Kohno Maestro lu\u00f4n l\u00e0 m\u1eabu \u0111\u00e0n l\u00fd t\u01b0\u1edfng cho c\u00e1c concert v\u00e0 thu \u00e2m.<br \/>\nNgh\u1ec7 nh\u00e2n Masaki Sakurai \u0111\u00e3 80 tu\u1ed5i v\u00e0 nh\u1eefng c\u00e2y \u0111\u00e0n \u0111\u00f3 \u00f4ng ch\u1ebf t\u00e1c s\u1ebd ng\u00e0y c\u00e0ng c\u00f3 gi\u00e1 tr\u1ecb h\u01a1n v\u00ec s\u1ed1 l\u01b0\u1ee3ng ng\u00e0y m\u1ed9t \u00edt \u0111i.<\/p>","protected":false},"excerpt":{"rendered":"<p>HC\u00e2y \u0111\u00e0n v\u1edbi b\u1ed9 g\u1ed7 Jacaranda gi\u00e0 r\u1ea5t \u0111\u1eb9p c\u00f9ng \u00e2m thanh th\u1ef1c s\u1ef1 l\u1ea5y \u0111\u1ed9ng. Sakurai Kohno Maestro lu\u00f4n l\u00e0 m\u1eabu \u0111\u00e0n l\u00fd t\u01b0\u1edfng cho c\u00e1c concert v\u00e0 thu \u00e2m. Ngh\u1ec7 nh\u00e2n Masaki Sakurai \u0111\u00e3 80 tu\u1ed5i v\u00e0 nh\u1eefng c\u00e2y \u0111\u00e0n \u0111\u00f3 \u00f4ng ch\u1ebf t\u00e1c s\u1ebd ng\u00e0y c\u00e0ng c\u00f3 gi\u00e1 tr\u1ecb h\u01a1n v\u00ec s\u1ed1&#8230;<\/p>","protected":false},"featured_media":4600,"template":"","meta":[],"product_cat":[20,25,213],"product_tag":[706],"class_list":["post-4599","product","type-product","status-publish","has-post-thumbnail","hentry","product_cat-dan-guitar","product_cat-sakurai-kohno","product_cat-dan-cao-cap","product_tag-sakurai-kohno-maestro"],"_links":{"self":[{"href":"https:\/\/emotionguitars.com\/en\/wp-json\/wp\/v2\/product\/4599","targetHints":{"allow":["GET"]}}],"collection":[{"href":"https:\/\/emotionguitars.com\/en\/wp-json\/wp\/v2\/product"}],"about":[{"href":"https:\/\/emotionguitars.com\/en\/wp-json\/wp\/v2\/types\/product"}],"wp:featuredmedia":[{"embeddable":true,"href":"https:\/\/emotionguitars.com\/en\/wp-json\/wp\/v2\/media\/4600"}],"wp:attachment":[{"href":"https:\/\/emotionguitars.com\/en\/wp-json\/wp\/v2\/media?parent=4599"}],"wp:term":[{"taxonomy":"product_cat","embeddable":true,"href":"https:\/\/emotionguitars.com\/en\/wp-json\/wp\/v2\/product_cat?post=4599"},{"taxonomy":"product_tag","embeddable":true,"href":"https:\/\/emotionguitars.com\/en\/wp-json\/wp\/v2\/product_tag?post=4599"}],"curies":[{"name":"wp","href":"https:\/\/api.w.org\/{rel}","templated":true}]}}