{"id":4608,"date":"2023-11-02T23:51:31","date_gmt":"2023-11-02T16:51:31","guid":{"rendered":"https:\/\/emotionguitars.com\/?post_type=product&#038;p=4608"},"modified":"2025-05-16T05:29:22","modified_gmt":"2025-05-15T22:29:22","slug":"masaru-kohno-15-1974-excellent-2","status":"publish","type":"product","link":"https:\/\/emotionguitars.com\/en\/product\/masaru-kohno-15-1974-excellent-2\/","title":{"rendered":"Masaru Kohno 15 &#8211; 1974 (excellent)"},"content":{"rendered":"<p>C\u00e2y \u0111\u00e0n \u0111\u1eb7c bi\u1ec7t qu\u00fd hi\u1ebfm kh\u00f4ng \u0111\u01a1n thu\u1ea7n \u1edf th\u01b0\u01a1ng hi\u1ec7u, n\u0103m s\u1ea3n xu\u1ea5t m\u00e0 b\u1edfi ngo\u1ea1i h\u00ecnh c\u1ee7a c\u00e2y \u0111\u00e0n qu\u00e1 m\u1edbi m\u1eb7c d\u00f9 nguy\u00ean b\u1ea3n ho\u00e0n to\u00e0n. \u00c2m thanh c\u1ee7a c\u00e2y \u0111\u00e0n r\u1ea5t s\u00e2u s\u1eafc, truy\u1ec1n th\u1ed1ng v\u00e0 sang tr\u1ecdng. C\u00f3 th\u1ec3 n\u00f3i \u0111\u00e2y l\u00e0 m\u1ed9t t\u00e1c ph\u1ea9m ngh\u1ec7 thu\u1eadt v\u00e0 r\u1ea5t kh\u00f3 \u0111\u1ecbnh gi\u00e1.<\/p>\n<p>\u2022 Th\u00f4ng s\u1ed1 \u0111\u00e0n:<br \/>\nTop: Cedaz<br \/>\nBack, side: Brazil rosewood<br \/>\nScale, nut: 660mm, 52mm<\/p>","protected":false},"excerpt":{"rendered":"<p>C\u00e2y \u0111\u00e0n \u0111\u1eb7c bi\u1ec7t qu\u00fd hi\u1ebfm kh\u00f4ng \u0111\u01a1n thu\u1ea7n \u1edf th\u01b0\u01a1ng hi\u1ec7u, n\u0103m s\u1ea3n xu\u1ea5t m\u00e0 b\u1edfi ngo\u1ea1i h\u00ecnh c\u1ee7a c\u00e2y \u0111\u00e0n qu\u00e1 m\u1edbi m\u1eb7c d\u00f9 nguy\u00ean b\u1ea3n ho\u00e0n to\u00e0n. \u00c2m thanh c\u1ee7a c\u00e2y \u0111\u00e0n r\u1ea5t s\u00e2u s\u1eafc, truy\u1ec1n th\u1ed1ng v\u00e0 sang tr\u1ecdng. C\u00f3 th\u1ec3 n\u00f3i \u0111\u00e2y l\u00e0 m\u1ed9t t\u00e1c ph\u1ea9m ngh\u1ec7 thu\u1eadt v\u00e0 r\u1ea5t&#8230;<\/p>","protected":false},"featured_media":4607,"template":"","meta":[],"product_cat":[540,20,25,213],"product_tag":[],"class_list":["post-4608","product","type-product","status-publish","has-post-thumbnail","hentry","product_cat-juan-hernandez","product_cat-dan-guitar","product_cat-sakurai-kohno","product_cat-dan-cao-cap"],"_links":{"self":[{"href":"https:\/\/emotionguitars.com\/en\/wp-json\/wp\/v2\/product\/4608","targetHints":{"allow":["GET"]}}],"collection":[{"href":"https:\/\/emotionguitars.com\/en\/wp-json\/wp\/v2\/product"}],"about":[{"href":"https:\/\/emotionguitars.com\/en\/wp-json\/wp\/v2\/types\/product"}],"wp:featuredmedia":[{"embeddable":true,"href":"https:\/\/emotionguitars.com\/en\/wp-json\/wp\/v2\/media\/4607"}],"wp:attachment":[{"href":"https:\/\/emotionguitars.com\/en\/wp-json\/wp\/v2\/media?parent=4608"}],"wp:term":[{"taxonomy":"product_cat","embeddable":true,"href":"https:\/\/emotionguitars.com\/en\/wp-json\/wp\/v2\/product_cat?post=4608"},{"taxonomy":"product_tag","embeddable":true,"href":"https:\/\/emotionguitars.com\/en\/wp-json\/wp\/v2\/product_tag?post=4608"}],"curies":[{"name":"wp","href":"https:\/\/api.w.org\/{rel}","templated":true}]}}