{"id":4615,"date":"2023-11-03T00:00:33","date_gmt":"2023-11-02T17:00:33","guid":{"rendered":"https:\/\/emotionguitars.com\/?post_type=product&#038;p=4615"},"modified":"2025-04-29T23:25:10","modified_gmt":"2025-04-29T16:25:10","slug":"jose-ramirez-1a-1988-very-good","status":"publish","type":"product","link":"https:\/\/emotionguitars.com\/en\/product\/jose-ramirez-1a-1988-very-good\/","title":{"rendered":"Jose Ramirez 1a &#8211; 1988 (very good)"},"content":{"rendered":"<p>Jose Ramirez l\u00e0 h\u00e3ng n\u1ed5i ti\u1ebfng b\u1eadc nh\u1ea5t c\u1ee7a T\u00e2y Ban Nha, g\u1eafn li\u1ec1n v\u1edbi t\u00ean tu\u1ed5i ngh\u1ec7 s\u00ed v\u0129 \u0111\u1ea1i Andres Segovia. M\u1eabu \u0111\u00e0n 1a l\u00e0 model cao nh\u1ea5t c\u1ee7a Ramirez v\u1edbi nh\u1eefng t\u00ednh n\u0103ng v\u01b0\u1ee3t tr\u1ed9i \u0111\u1ec3 ph\u1ee5c v\u1ee5 cho nh\u1eefng bu\u1ed5i h\u00f2a nh\u1ea1c trang tr\u1ecdng.<br \/>\nC\u00e2y \u0111\u00e0n Ramirez 1a n\u00e0y l\u00e0 c\u00e2y th\u1ee9 6 m\u00e0 show room Emotion t\u1eebng s\u1edf h\u1eefu, \u00e2m thanh hay hi\u1ebfm c\u00f3 b\u1edfi \u0111\u1ed9 n\u1eb7ng v\u00e0 clear tuy\u1ec7t v\u1eddi c\u1ee7a \u00e2m thanh. \u0110\u1eb7c bi\u1ec7t ngo\u1ea1i h\u00ecnh g\u1ecdn g\u00e0ng do k\u00edch c\u1ee1 c\u1ea7n l\u00e0 647mm l\u00e0m t\u00f4 \u0111i\u1ec3m th\u00eam v\u1ebb duy\u00ean d\u00e1ng c\u1ee7a c\u00e2y \u0111\u00e0n.<br \/>\n\u2022 Th\u00f4ng s\u1ed1 \u0111\u00e0n:<br \/>\nTop: Cedaz<br \/>\nBack, side: Brazil rose wood<br \/>\nScale, nut: 647mm, 52mm<\/p>","protected":false},"excerpt":{"rendered":"<p>Jose Ramirez l\u00e0 h\u00e3ng n\u1ed5i ti\u1ebfng b\u1eadc nh\u1ea5t c\u1ee7a T\u00e2y Ban Nha, g\u1eafn li\u1ec1n v\u1edbi t\u00ean tu\u1ed5i ngh\u1ec7 s\u00ed v\u0129 \u0111\u1ea1i Andres Segovia. M\u1eabu \u0111\u00e0n 1a l\u00e0 model cao nh\u1ea5t c\u1ee7a Ramirez v\u1edbi nh\u1eefng t\u00ednh n\u0103ng v\u01b0\u1ee3t tr\u1ed9i \u0111\u1ec3 ph\u1ee5c v\u1ee5 cho nh\u1eefng bu\u1ed5i h\u00f2a nh\u1ea1c trang tr\u1ecdng. C\u00e2y \u0111\u00e0n Ramirez 1a n\u00e0y l\u00e0 c\u00e2y&#8230;<\/p>","protected":false},"featured_media":4616,"template":"","meta":[],"product_cat":[533,20,28,213],"product_tag":[74],"class_list":["post-4615","product","type-product","status-publish","has-post-thumbnail","hentry","product_cat-luxury","product_cat-dan-guitar","product_cat-ramirez-guitar","product_cat-dan-cao-cap","product_tag-ramirez-1a"],"_links":{"self":[{"href":"https:\/\/emotionguitars.com\/en\/wp-json\/wp\/v2\/product\/4615","targetHints":{"allow":["GET"]}}],"collection":[{"href":"https:\/\/emotionguitars.com\/en\/wp-json\/wp\/v2\/product"}],"about":[{"href":"https:\/\/emotionguitars.com\/en\/wp-json\/wp\/v2\/types\/product"}],"wp:featuredmedia":[{"embeddable":true,"href":"https:\/\/emotionguitars.com\/en\/wp-json\/wp\/v2\/media\/4616"}],"wp:attachment":[{"href":"https:\/\/emotionguitars.com\/en\/wp-json\/wp\/v2\/media?parent=4615"}],"wp:term":[{"taxonomy":"product_cat","embeddable":true,"href":"https:\/\/emotionguitars.com\/en\/wp-json\/wp\/v2\/product_cat?post=4615"},{"taxonomy":"product_tag","embeddable":true,"href":"https:\/\/emotionguitars.com\/en\/wp-json\/wp\/v2\/product_tag?post=4615"}],"curies":[{"name":"wp","href":"https:\/\/api.w.org\/{rel}","templated":true}]}}