{"id":4625,"date":"2023-11-03T23:47:59","date_gmt":"2023-11-03T16:47:59","guid":{"rendered":"https:\/\/emotionguitars.com\/?post_type=product&#038;p=4625"},"modified":"2025-04-29T23:40:05","modified_gmt":"2025-04-29T16:40:05","slug":"esteve-aniversario-2023-excellent","status":"publish","type":"product","link":"https:\/\/emotionguitars.com\/en\/product\/esteve-aniversario-2023-excellent\/","title":{"rendered":"Esteve Aniversario &#8211; 2023 (excellent)"},"content":{"rendered":"<p>C\u00e2y \u0111\u00e0n gi\u1edbi h\u1ea1n s\u1ed1 l\u01b0\u1ee3ng r\u1ea5t \u00edt v\u00e0 l\u00e0 m\u1eabu \u0111\u1eaft nh\u1ea5t c\u1ee7a h\u00e3ng Esteve t\u1eeb tr\u01b0\u1edbc \u0111\u1ebfn nay. N\u1ebfu nh\u00ecn v\u00e0o gi\u00e1 ti\u1ec1n, s\u1ebd kh\u00f4ng \u0111\u00e1nh gi\u00e1 \u0111\u00fang \u0111\u01b0\u1ee3c b\u1ea3n ch\u1ea5t tuy\u1ec7t v\u1eddi c\u1ee7a c\u00e2y \u0111\u00e0n. Ngo\u00e0i ngo\u1ea1i h\u00ecnh r\u1ea5t \u1ea5n t\u01b0\u1ee3ng, \u00e2m thanh c\u1ee7a Aniversario th\u1ef1c s\u1ef1 \u0111\u1eb3ng c\u1ea5p, th\u1eadm ch\u00ed c\u00f3 th\u1ec3 so s\u00e1nh v\u1edbi nh\u1eefng c\u00e2y \u0111\u00e0n ngo\u1ea1i h\u1ea1ng nh\u01b0 Hermann Hauser, Ignacio Fleta&#8230; \u00c2m thanh trong v\u1eaft v\u00e0 bi\u1ec3n chuy\u1ec3n phong ph\u00fa, s\u1ef1 c\u00e2n b\u1eb1ng t\u1ea1o n\u00ean nh\u1eefng h\u00f2a \u00e2m r\u1ea5t d\u1ec5 ch\u1ecbu.<br \/>\nC\u00e2y \u0111\u00e0n \u0111\u00e3 \u0111\u01b0\u1ee3c ngh\u1ec7 s\u0129 Elena Ortega ng\u01b0\u1eddi T\u00e2y Ban Nha bi\u1ec3u di\u1ec5n ng\u00e0y 21\/10\/2023 trong concert c\u1ee7a Festival guitar qu\u00f4cw t\u1ebf H\u00e0 N\u1ed9i l\u1ea7n th\u1ee9 5 do Emotion Guitar s\u00e1ng l\u1eadp v\u00e0 t\u1ed5 ch\u1ee9c.<\/p>","protected":false},"excerpt":{"rendered":"<p>C\u00e2y \u0111\u00e0n gi\u1edbi h\u1ea1n s\u1ed1 l\u01b0\u1ee3ng r\u1ea5t \u00edt v\u00e0 l\u00e0 m\u1eabu \u0111\u1eaft nh\u1ea5t c\u1ee7a h\u00e3ng Esteve t\u1eeb tr\u01b0\u1edbc \u0111\u1ebfn nay. N\u1ebfu nh\u00ecn v\u00e0o gi\u00e1 ti\u1ec1n, s\u1ebd kh\u00f4ng \u0111\u00e1nh gi\u00e1 \u0111\u00fang \u0111\u01b0\u1ee3c b\u1ea3n ch\u1ea5t tuy\u1ec7t v\u1eddi c\u1ee7a c\u00e2y \u0111\u00e0n. Ngo\u00e0i ngo\u1ea1i h\u00ecnh r\u1ea5t \u1ea5n t\u01b0\u1ee3ng, \u00e2m thanh c\u1ee7a Aniversario th\u1ef1c s\u1ef1 \u0111\u1eb3ng c\u1ea5p, th\u1eadm ch\u00ed c\u00f3&#8230;<\/p>","protected":false},"featured_media":4626,"template":"","meta":[],"product_cat":[541,533,20,213],"product_tag":[],"class_list":["post-4625","product","type-product","status-publish","has-post-thumbnail","hentry","product_cat-esteve-adalid-guitar","product_cat-luxury","product_cat-dan-guitar","product_cat-dan-cao-cap"],"_links":{"self":[{"href":"https:\/\/emotionguitars.com\/en\/wp-json\/wp\/v2\/product\/4625","targetHints":{"allow":["GET"]}}],"collection":[{"href":"https:\/\/emotionguitars.com\/en\/wp-json\/wp\/v2\/product"}],"about":[{"href":"https:\/\/emotionguitars.com\/en\/wp-json\/wp\/v2\/types\/product"}],"wp:featuredmedia":[{"embeddable":true,"href":"https:\/\/emotionguitars.com\/en\/wp-json\/wp\/v2\/media\/4626"}],"wp:attachment":[{"href":"https:\/\/emotionguitars.com\/en\/wp-json\/wp\/v2\/media?parent=4625"}],"wp:term":[{"taxonomy":"product_cat","embeddable":true,"href":"https:\/\/emotionguitars.com\/en\/wp-json\/wp\/v2\/product_cat?post=4625"},{"taxonomy":"product_tag","embeddable":true,"href":"https:\/\/emotionguitars.com\/en\/wp-json\/wp\/v2\/product_tag?post=4625"}],"curies":[{"name":"wp","href":"https:\/\/api.w.org\/{rel}","templated":true}]}}