{"id":4636,"date":"2023-11-09T15:26:56","date_gmt":"2023-11-09T08:26:56","guid":{"rendered":"https:\/\/emotionguitars.com\/?post_type=product&#038;p=4636"},"modified":"2025-04-29T23:50:58","modified_gmt":"2025-04-29T16:50:58","slug":"sakazo-nakade-no-2000-1976-very-good","status":"publish","type":"product","link":"https:\/\/emotionguitars.com\/en\/product\/sakazo-nakade-no-2000-1976-very-good\/","title":{"rendered":"Sakazo Nakade no.2000 &#8211; 1976 (very good)"},"content":{"rendered":"<p>C\u00e2y \u0111\u00e0n \u0111\u01b0\u1ee3c s\u1ea3n xu\u1ea5t t\u1eeb 47 n\u0103m v\u1ec1 tr\u01b0\u1edbc nh\u01b0ng t\u00ecnh tr\u1ea1ng v\u1eabn r\u1ea5t t\u1ed1t<br \/>\nngo\u00e0i c\u00e1c v\u1ebft x\u01b0\u1edbc tr\u00ean m\u1eb7t \u0111\u00e0n kh\u00f4ng nghi\u00eam tr\u1ecdng, c\u1ea7n \u0111\u00e0n th\u1eb3ng v\u00e0 action r\u1ea5t t\u1ed1t, d\u1ec5 b\u1ea5m.<br \/>\n\u00c2m thanh c\u1ee7a c\u00e2y \u0111\u00e0n \u1ea5m v\u00e0 kh\u00e1 vang.<\/p>\n<p>\u2022 Th\u00f4ng s\u1ed1 \u0111\u00e0n:<br \/>\nTop: spruce<br \/>\nBack, side: India rose wood<br \/>\nScale, nut:650mm, 52mm<br \/>\nK\u00e8m case v\u00e0 d\u00e2y \u0111\u00e0n.<\/p>","protected":false},"excerpt":{"rendered":"<p>C\u00e2y \u0111\u00e0n \u0111\u01b0\u1ee3c s\u1ea3n xu\u1ea5t t\u1eeb 47 n\u0103m v\u1ec1 tr\u01b0\u1edbc nh\u01b0ng t\u00ecnh tr\u1ea1ng v\u1eabn r\u1ea5t t\u1ed1t ngo\u00e0i c\u00e1c v\u1ebft x\u01b0\u1edbc tr\u00ean m\u1eb7t \u0111\u00e0n kh\u00f4ng nghi\u00eam tr\u1ecdng, c\u1ea7n \u0111\u00e0n th\u1eb3ng v\u00e0 action r\u1ea5t t\u1ed1t, d\u1ec5 b\u1ea5m. \u00c2m thanh c\u1ee7a c\u00e2y \u0111\u00e0n \u1ea5m v\u00e0 kh\u00e1 vang. \u2022 Th\u00f4ng s\u1ed1 \u0111\u00e0n: Top: spruce Back, side: India rose wood&#8230;<\/p>","protected":false},"featured_media":4638,"template":"","meta":[],"product_cat":[20,213],"product_tag":[707],"class_list":["post-4636","product","type-product","status-publish","has-post-thumbnail","hentry","product_cat-dan-guitar","product_cat-dan-cao-cap","product_tag-nakade-2000"],"_links":{"self":[{"href":"https:\/\/emotionguitars.com\/en\/wp-json\/wp\/v2\/product\/4636","targetHints":{"allow":["GET"]}}],"collection":[{"href":"https:\/\/emotionguitars.com\/en\/wp-json\/wp\/v2\/product"}],"about":[{"href":"https:\/\/emotionguitars.com\/en\/wp-json\/wp\/v2\/types\/product"}],"wp:featuredmedia":[{"embeddable":true,"href":"https:\/\/emotionguitars.com\/en\/wp-json\/wp\/v2\/media\/4638"}],"wp:attachment":[{"href":"https:\/\/emotionguitars.com\/en\/wp-json\/wp\/v2\/media?parent=4636"}],"wp:term":[{"taxonomy":"product_cat","embeddable":true,"href":"https:\/\/emotionguitars.com\/en\/wp-json\/wp\/v2\/product_cat?post=4636"},{"taxonomy":"product_tag","embeddable":true,"href":"https:\/\/emotionguitars.com\/en\/wp-json\/wp\/v2\/product_tag?post=4636"}],"curies":[{"name":"wp","href":"https:\/\/api.w.org\/{rel}","templated":true}]}}