{"id":4654,"date":"2023-11-16T07:57:25","date_gmt":"2023-11-16T00:57:25","guid":{"rendered":"https:\/\/emotionguitars.com\/?post_type=product&#038;p=4654"},"modified":"2025-04-29T23:28:08","modified_gmt":"2025-04-29T16:28:08","slug":"kodaira-ast-100s-brand-new","status":"publish","type":"product","link":"https:\/\/emotionguitars.com\/en\/product\/kodaira-ast-100s-brand-new\/","title":{"rendered":"Kodaira Ast 100S (brand new)"},"content":{"rendered":"<p>Kodaira l\u00e0 d\u00f2ng \u0111\u00e0n ph\u1ed5 th\u00f4ng \u1edf Nh\u1eadt, tuy nhi\u00ean h\u1ea7u h\u1ebft ch\u00fang ta ch\u1ec9 bi\u1ebft \u0111\u1ebfn nh\u1eefng c\u00e2y \u0111\u00e0n c\u0169 t\u1eeb v\u00e0i ch\u1ee5c n\u0103m v\u1ec1 tr\u01b0\u1edbc. \u0110\u00e2y c\u00f3 l\u1ebd l\u00e0 nh\u1eefng c\u00e2y \u0111\u00e0n Kodaira new hi\u1ebfm hoi t\u1eebng c\u00f3 t\u1ea1i Vi\u1ec7t Nam.<br \/>\nV\u1edbi ngo\u1ea1i h\u00ecnh v\u00e0 \u00e2m thanh truy\u1ec1n th\u1ed1ng, t\u1ea1o ra s\u1ef1 thanh tho\u00e1t nh\u1ea5t \u0111\u1ecbnh, c\u00e1c m\u1eabu \u0111\u00e0n Kodaira th\u1ef1c s\u1ef1 r\u1ea5t \u1ea5n t\u01b0\u1ee3ng.<\/p>","protected":false},"excerpt":{"rendered":"<p>Kodaira l\u00e0 d\u00f2ng \u0111\u00e0n ph\u1ed5 th\u00f4ng \u1edf Nh\u1eadt, tuy nhi\u00ean h\u1ea7u h\u1ebft ch\u00fang ta ch\u1ec9 bi\u1ebft \u0111\u1ebfn nh\u1eefng c\u00e2y \u0111\u00e0n c\u0169 t\u1eeb v\u00e0i ch\u1ee5c n\u0103m v\u1ec1 tr\u01b0\u1edbc. \u0110\u00e2y c\u00f3 l\u1ebd l\u00e0 nh\u1eefng c\u00e2y \u0111\u00e0n Kodaira new hi\u1ebfm hoi t\u1eebng c\u00f3 t\u1ea1i Vi\u1ec7t Nam. V\u1edbi ngo\u1ea1i h\u00ecnh v\u00e0 \u00e2m thanh truy\u1ec1n th\u1ed1ng, t\u1ea1o ra s\u1ef1 thanh&#8230;<\/p>","protected":false},"featured_media":4655,"template":"","meta":[],"product_cat":[20,213],"product_tag":[],"class_list":["post-4654","product","type-product","status-publish","has-post-thumbnail","hentry","product_cat-dan-guitar","product_cat-dan-cao-cap"],"_links":{"self":[{"href":"https:\/\/emotionguitars.com\/en\/wp-json\/wp\/v2\/product\/4654","targetHints":{"allow":["GET"]}}],"collection":[{"href":"https:\/\/emotionguitars.com\/en\/wp-json\/wp\/v2\/product"}],"about":[{"href":"https:\/\/emotionguitars.com\/en\/wp-json\/wp\/v2\/types\/product"}],"wp:featuredmedia":[{"embeddable":true,"href":"https:\/\/emotionguitars.com\/en\/wp-json\/wp\/v2\/media\/4655"}],"wp:attachment":[{"href":"https:\/\/emotionguitars.com\/en\/wp-json\/wp\/v2\/media?parent=4654"}],"wp:term":[{"taxonomy":"product_cat","embeddable":true,"href":"https:\/\/emotionguitars.com\/en\/wp-json\/wp\/v2\/product_cat?post=4654"},{"taxonomy":"product_tag","embeddable":true,"href":"https:\/\/emotionguitars.com\/en\/wp-json\/wp\/v2\/product_tag?post=4654"}],"curies":[{"name":"wp","href":"https:\/\/api.w.org\/{rel}","templated":true}]}}