{"id":4681,"date":"2023-12-02T11:48:17","date_gmt":"2023-12-02T04:48:17","guid":{"rendered":"https:\/\/emotionguitars.com\/?post_type=product&#038;p=4681"},"modified":"2025-04-29T23:25:53","modified_gmt":"2025-04-29T16:25:53","slug":"jose-ramirez-1a-1985-like-new","status":"publish","type":"product","link":"https:\/\/emotionguitars.com\/en\/product\/jose-ramirez-1a-1985-like-new\/","title":{"rendered":"Jose Ramirez 1a 650mm &#8211; 1985 (like new)"},"content":{"rendered":"<p>C\u00e2y Ram\u00edrez 1a n\u00e0y c\u00f3 c\u00e1c ti\u00eau ch\u00ed m\u00e0 kh\u00f3 \u0111\u00e0n c\u00f9ng model n\u00e0o c\u00f3 dc:<br \/>\n&#8211; S\u1ea3n xu\u1ea5t n\u0103m 1985 v\u00e0 c\u1ee1 c\u1ea7n 650mm, 52mm &#8211; th\u1eddi k\u1ef3 Ram\u00edrez ch\u1ec9 l\u00e0m 664mm, tr\u1eeb c\u00e1c c\u00e2y custom y\u00eau c\u1ea7u.<br \/>\n&#8211; \u0110\u00e0n g\u1ea7n nh\u01b0 ch\u01b0a s\u1eed d\u1ee5ng, m\u1edbi 100% t\u1eeb h\u00ecnh th\u1ee9c \u0111\u1ebfn \u00e2m thanh, kh\u00f4ng m\u1ed9t v\u1ebft x\u01b0\u1edbc d\u0103m nh\u1ecf, kh\u00f4ng m\u1ed9t d\u1ea5u hi\u1ec7u c\u1ee7a tu\u1ed5i gi\u00e0 d\u00f9 \u0111\u00e0n nguy\u00ean b\u1ea3n 100%.<br \/>\n&#8211; G\u1ed7 Brazil si\u00eau gi\u00e0, \u0111\u1eb7c qu\u00e1nh c\u00e1c v\u00e2n nh\u01b0 keo.<br \/>\n&#8211; Ram\u00edrez 38 n\u0103m nh\u01b0ng action ch\u1ec9 3,5mm, m\u1ecdi ti\u00eau ch\u00ed \u0111\u1ec1u chu\u1ea9n m\u1ef1c tuy\u1ec7t \u0111\u1ed1i.<br \/>\n&#8211; \u00c2m thanh n\u1ed5, ch\u1eafc nh\u01b0 b\u1ea1c, \u0111\u01b0\u1ee3m nh\u01b0 m\u1eadt ong r\u1eebng, long lanh nh\u01b0 gi\u1ecdt n\u01b0\u1edbc m\u1eaft tr\u1ef1c r\u01a1i..<\/p>","protected":false},"excerpt":{"rendered":"<p>C\u00e2y Ram\u00edrez 1a n\u00e0y c\u00f3 c\u00e1c ti\u00eau ch\u00ed m\u00e0 kh\u00f3 \u0111\u00e0n c\u00f9ng model n\u00e0o c\u00f3 dc: &#8211; S\u1ea3n xu\u1ea5t n\u0103m 1985 v\u00e0 c\u1ee1 c\u1ea7n 650mm, 52mm &#8211; th\u1eddi k\u1ef3 Ram\u00edrez ch\u1ec9 l\u00e0m 664mm, tr\u1eeb c\u00e1c c\u00e2y custom y\u00eau c\u1ea7u. &#8211; \u0110\u00e0n g\u1ea7n nh\u01b0 ch\u01b0a s\u1eed d\u1ee5ng, m\u1edbi 100% t\u1eeb h\u00ecnh th\u1ee9c \u0111\u1ebfn \u00e2m thanh, kh\u00f4ng&#8230;<\/p>","protected":false},"featured_media":4682,"template":"","meta":[],"product_cat":[533,20,28,213],"product_tag":[],"class_list":["post-4681","product","type-product","status-publish","has-post-thumbnail","hentry","product_cat-luxury","product_cat-dan-guitar","product_cat-ramirez-guitar","product_cat-dan-cao-cap"],"_links":{"self":[{"href":"https:\/\/emotionguitars.com\/en\/wp-json\/wp\/v2\/product\/4681","targetHints":{"allow":["GET"]}}],"collection":[{"href":"https:\/\/emotionguitars.com\/en\/wp-json\/wp\/v2\/product"}],"about":[{"href":"https:\/\/emotionguitars.com\/en\/wp-json\/wp\/v2\/types\/product"}],"wp:featuredmedia":[{"embeddable":true,"href":"https:\/\/emotionguitars.com\/en\/wp-json\/wp\/v2\/media\/4682"}],"wp:attachment":[{"href":"https:\/\/emotionguitars.com\/en\/wp-json\/wp\/v2\/media?parent=4681"}],"wp:term":[{"taxonomy":"product_cat","embeddable":true,"href":"https:\/\/emotionguitars.com\/en\/wp-json\/wp\/v2\/product_cat?post=4681"},{"taxonomy":"product_tag","embeddable":true,"href":"https:\/\/emotionguitars.com\/en\/wp-json\/wp\/v2\/product_tag?post=4681"}],"curies":[{"name":"wp","href":"https:\/\/api.w.org\/{rel}","templated":true}]}}