{"id":4695,"date":"2023-12-02T11:55:34","date_gmt":"2023-12-02T04:55:34","guid":{"rendered":"https:\/\/emotionguitars.com\/?post_type=product&#038;p=4695"},"modified":"2025-04-30T00:00:21","modified_gmt":"2025-04-29T17:00:21","slug":"yamaha-gc30a-650mm-1983-excellent","status":"publish","type":"product","link":"https:\/\/emotionguitars.com\/en\/product\/yamaha-gc30a-650mm-1983-excellent\/","title":{"rendered":"Yamaha GC30A 650mm &#8211; 1983 (excellent)"},"content":{"rendered":"<p>C\u00e2y \u0111\u00e0n voi c\u00f9ng qu\u00fd hi\u1ebfm b\u1edfi v\u1ebb \u0111\u1eb9p c\u1ee7a h\u00ecnh th\u1ee9c v\u00e0 \u00e2m thanh, \u0111\u1eb7c bi\u1ec7t k\u00edch c\u1ee1 650mm l\u00e0 r\u1ea5t hi\u1ebfm \u0111\u1ed1i v\u1edbi Yamaha Top model th\u1eddi \u0111i\u1ec3m th\u1eadp ni\u00ean 80,90.<\/p>\n<p>Th\u00f4ng s\u1ed1 \u0111\u00e0n:<br \/>\nTop: spruce<br \/>\nBack, side: Brazil rosewood<br \/>\nScales, nut: 650mm, 52mm<br \/>\nCase Yamaha zin<\/p>","protected":false},"excerpt":{"rendered":"<p>C\u00e2y \u0111\u00e0n voi c\u00f9ng qu\u00fd hi\u1ebfm b\u1edfi v\u1ebb \u0111\u1eb9p c\u1ee7a h\u00ecnh th\u1ee9c v\u00e0 \u00e2m thanh, \u0111\u1eb7c bi\u1ec7t k\u00edch c\u1ee1 650mm l\u00e0 r\u1ea5t hi\u1ebfm \u0111\u1ed1i v\u1edbi Yamaha Top model th\u1eddi \u0111i\u1ec3m th\u1eadp ni\u00ean 80,90. Th\u00f4ng s\u1ed1 \u0111\u00e0n: Top: spruce Back, side: Brazil rosewood Scales, nut: 650mm, 52mm Case Yamaha zin<\/p>","protected":false},"featured_media":4696,"template":"","meta":[],"product_cat":[533,20,23,213],"product_tag":[708],"class_list":["post-4695","product","type-product","status-publish","has-post-thumbnail","hentry","product_cat-luxury","product_cat-dan-guitar","product_cat-yamaha-guitar","product_cat-dan-cao-cap","product_tag-yamaha-gc30a"],"_links":{"self":[{"href":"https:\/\/emotionguitars.com\/en\/wp-json\/wp\/v2\/product\/4695","targetHints":{"allow":["GET"]}}],"collection":[{"href":"https:\/\/emotionguitars.com\/en\/wp-json\/wp\/v2\/product"}],"about":[{"href":"https:\/\/emotionguitars.com\/en\/wp-json\/wp\/v2\/types\/product"}],"wp:featuredmedia":[{"embeddable":true,"href":"https:\/\/emotionguitars.com\/en\/wp-json\/wp\/v2\/media\/4696"}],"wp:attachment":[{"href":"https:\/\/emotionguitars.com\/en\/wp-json\/wp\/v2\/media?parent=4695"}],"wp:term":[{"taxonomy":"product_cat","embeddable":true,"href":"https:\/\/emotionguitars.com\/en\/wp-json\/wp\/v2\/product_cat?post=4695"},{"taxonomy":"product_tag","embeddable":true,"href":"https:\/\/emotionguitars.com\/en\/wp-json\/wp\/v2\/product_tag?post=4695"}],"curies":[{"name":"wp","href":"https:\/\/api.w.org\/{rel}","templated":true}]}}