{"id":4706,"date":"2023-12-04T23:02:12","date_gmt":"2023-12-04T16:02:12","guid":{"rendered":"https:\/\/emotionguitars.com\/?post_type=product&#038;p=4706"},"modified":"2025-04-29T23:24:48","modified_gmt":"2025-04-29T16:24:48","slug":"jose-ramirez-125-anos-2011-very-good","status":"publish","type":"product","link":"https:\/\/emotionguitars.com\/en\/product\/jose-ramirez-125-anos-2011-very-good\/","title":{"rendered":"Jose Ramirez 125 Anos &#8211; 2011 (very good)"},"content":{"rendered":"<p>C\u00e2y \u0111\u00e0n \u0111\u01b0\u1ee3c l\u00e0m nh\u00e2n k\u1ef7 ni\u1ec7m 125 n\u0103m c\u1ee7a h\u00e3ng \u0111\u00e0n Ramirez n\u1ed5i ti\u1ebfng b\u1eadc nh\u1ea5t t\u1ea1i T\u00e2y Ban Nha. \u0110\u00e0n c\u00f3 r\u1ea5t \u00edt v\u1ebft x\u01b0\u1edbc v\u00e0 t\u00ecnh tr\u1ea1ng c\u1ea7n ph\u00edm ho\u00e0n h\u1ea3o. L\u01b0ng c\u00f3 nh\u1eefng v\u1ebft \u1ed1 s\u01a1n nh\u01b0ng kh\u00f4ng \u1ea3nh h\u01b0\u1edfng \u0111\u1ebfn ch\u1ea5t l\u01b0\u1ee3ng \u00e2m thanh.<\/p>\n<p>\u2022 Th\u00f4ng s\u1ed1 \u0111\u00e0n:<br \/>\nTop: spruce<br \/>\nBack, side: India rosewood<br \/>\nScale, nut: 650mm, 52mm<br \/>\nS\u01a1n PU<br \/>\nK\u00e8m case v\u00e0 d\u00e2y \u0111\u00e0n.<\/p>","protected":false},"excerpt":{"rendered":"<p>C\u00e2y \u0111\u00e0n \u0111\u01b0\u1ee3c l\u00e0m nh\u00e2n k\u1ef7 ni\u1ec7m 125 n\u0103m c\u1ee7a h\u00e3ng \u0111\u00e0n Ramirez n\u1ed5i ti\u1ebfng b\u1eadc nh\u1ea5t t\u1ea1i T\u00e2y Ban Nha. \u0110\u00e0n c\u00f3 r\u1ea5t \u00edt v\u1ebft x\u01b0\u1edbc v\u00e0 t\u00ecnh tr\u1ea1ng c\u1ea7n ph\u00edm ho\u00e0n h\u1ea3o. L\u01b0ng c\u00f3 nh\u1eefng v\u1ebft \u1ed1 s\u01a1n nh\u01b0ng kh\u00f4ng \u1ea3nh h\u01b0\u1edfng \u0111\u1ebfn ch\u1ea5t l\u01b0\u1ee3ng \u00e2m thanh. \u2022 Th\u00f4ng s\u1ed1 \u0111\u00e0n: Top: spruce&#8230;<\/p>","protected":false},"featured_media":4707,"template":"","meta":[],"product_cat":[20,28,213],"product_tag":[],"class_list":["post-4706","product","type-product","status-publish","has-post-thumbnail","hentry","product_cat-dan-guitar","product_cat-ramirez-guitar","product_cat-dan-cao-cap"],"_links":{"self":[{"href":"https:\/\/emotionguitars.com\/en\/wp-json\/wp\/v2\/product\/4706","targetHints":{"allow":["GET"]}}],"collection":[{"href":"https:\/\/emotionguitars.com\/en\/wp-json\/wp\/v2\/product"}],"about":[{"href":"https:\/\/emotionguitars.com\/en\/wp-json\/wp\/v2\/types\/product"}],"wp:featuredmedia":[{"embeddable":true,"href":"https:\/\/emotionguitars.com\/en\/wp-json\/wp\/v2\/media\/4707"}],"wp:attachment":[{"href":"https:\/\/emotionguitars.com\/en\/wp-json\/wp\/v2\/media?parent=4706"}],"wp:term":[{"taxonomy":"product_cat","embeddable":true,"href":"https:\/\/emotionguitars.com\/en\/wp-json\/wp\/v2\/product_cat?post=4706"},{"taxonomy":"product_tag","embeddable":true,"href":"https:\/\/emotionguitars.com\/en\/wp-json\/wp\/v2\/product_tag?post=4706"}],"curies":[{"name":"wp","href":"https:\/\/api.w.org\/{rel}","templated":true}]}}