{"id":4716,"date":"2023-12-16T21:03:39","date_gmt":"2023-12-16T14:03:39","guid":{"rendered":"https:\/\/emotionguitars.com\/?post_type=product&#038;p=4716"},"modified":"2025-05-16T06:08:26","modified_gmt":"2025-05-15T23:08:26","slug":"ignacio-fleta-1965-brazil-rosewood","status":"publish","type":"product","link":"https:\/\/emotionguitars.com\/en\/product\/ignacio-fleta-1965-brazil-rosewood\/","title":{"rendered":"Ignacio Fleta 1965 Brazil Rosewood"},"content":{"rendered":"<p>Ignacio Fleta (1897-1877) \u0111\u01b0\u1ee3c coi l\u00e0 m\u1ed9t trong v\u00e0i ngh\u1ec7 nh\u00e2n v\u0129 \u0111\u1ea1i v\u00e0 c\u00f3 \u1ea3nh h\u01b0\u1edfng l\u1edbn nh\u1ea5t xuy\u00ean su\u1ed1t chi\u1ec1u d\u00e0i l\u1ecbch s\u1eed ph\u00e1t tri\u1ec3n ch\u1ebf t\u00e1c Guitar c\u1ed5 \u0111i\u1ec3n. \u00c2m thanh \u0111\u00e0n Fleta l\u00e0 s\u1ef1 \u00e1m \u1ea3nh nh\u01b0ng \u0111\u1ea7y \u0111\u1ee7 nh\u1ea5t, \u0111\u00fang ngh\u0129a nh\u1ea5t \u0111\u1ec3 th\u1ec3 hi\u1ec7n b\u1ea3n ch\u1ea5t th\u1ef1c s\u1ef1 c\u1ee7a m\u1ed9t c\u00e2y \u0111\u00e0n guitar c\u1ed5 \u0111i\u1ec3n.<br \/>\nC\u00e2y \u0111\u00e0n v\u00f4 c\u00f9ng qu\u00fd hi\u1ebfm 1965 n\u00e0y kh\u00f4ng c\u00f3 n\u1ee9t v\u1ee1 v\u00e0 ho\u00e0n to\u00e0n nguy\u00ean b\u1ea3n, c\u00f3 nh\u1eefng v\u1ebft x\u01b0\u1edbc tr\u00ean Top nh\u01b0ng kh\u00f4ng nghi\u00eam tr\u1ecdng.<br \/>\n\u00c2m thanh m\u1ea1nh m\u1ebd, n\u00f3ng b\u1ecfng nh\u01b0ng v\u00f4 c\u00f9ng t\u0129nh t\u1ea1i, thanh tho\u00e1t, nh\u1eefng b\u1ed9i \u00e2m li\u00ean mi\u00ean t\u1ea1o c\u1ea3m gi\u00e1c v\u00e1ng v\u1ea5t \u0111\u1ea7y \u00e1m \u1ea3nh sau khi nghe.<br \/>\nTop spruce v\u00e0 back, side v\u1edbi g\u1ed7 Brazil l\u00e0 v\u00f4 c\u00f9ng qu\u00fd gi\u00e1 v\u00e0 hi\u1ebfm khi th\u1ea5y \u1edf c\u00e1c c\u00e2y \u0111\u00e0n Fleta.<br \/>\nM\u1ed9t c\u00e2y \u0111\u00e0n \u201cv\u00f4 gi\u00e1\u201d.<\/p>","protected":false},"excerpt":{"rendered":"<p>Ignacio Fleta (1897-1877) \u0111\u01b0\u1ee3c coi l\u00e0 m\u1ed9t trong v\u00e0i ngh\u1ec7 nh\u00e2n v\u0129 \u0111\u1ea1i v\u00e0 c\u00f3 \u1ea3nh h\u01b0\u1edfng l\u1edbn nh\u1ea5t xuy\u00ean su\u1ed1t chi\u1ec1u d\u00e0i l\u1ecbch s\u1eed ph\u00e1t tri\u1ec3n ch\u1ebf t\u00e1c Guitar c\u1ed5 \u0111i\u1ec3n. \u00c2m thanh \u0111\u00e0n Fleta l\u00e0 s\u1ef1 \u00e1m \u1ea3nh nh\u01b0ng \u0111\u1ea7y \u0111\u1ee7 nh\u1ea5t, \u0111\u00fang ngh\u0129a nh\u1ea5t \u0111\u1ec3 th\u1ec3 hi\u1ec7n b\u1ea3n ch\u1ea5t th\u1ef1c s\u1ef1 c\u1ee7a&#8230;<\/p>","protected":false},"featured_media":4717,"template":"","meta":[],"product_cat":[533,20,213],"product_tag":[710,711,709],"class_list":["post-4716","product","type-product","status-publish","has-post-thumbnail","hentry","product_cat-luxury","product_cat-dan-guitar","product_cat-dan-cao-cap","product_tag-fleta-1965","product_tag-fleta-guitar","product_tag-ignacio-fleta-1965"],"_links":{"self":[{"href":"https:\/\/emotionguitars.com\/en\/wp-json\/wp\/v2\/product\/4716","targetHints":{"allow":["GET"]}}],"collection":[{"href":"https:\/\/emotionguitars.com\/en\/wp-json\/wp\/v2\/product"}],"about":[{"href":"https:\/\/emotionguitars.com\/en\/wp-json\/wp\/v2\/types\/product"}],"wp:featuredmedia":[{"embeddable":true,"href":"https:\/\/emotionguitars.com\/en\/wp-json\/wp\/v2\/media\/4717"}],"wp:attachment":[{"href":"https:\/\/emotionguitars.com\/en\/wp-json\/wp\/v2\/media?parent=4716"}],"wp:term":[{"taxonomy":"product_cat","embeddable":true,"href":"https:\/\/emotionguitars.com\/en\/wp-json\/wp\/v2\/product_cat?post=4716"},{"taxonomy":"product_tag","embeddable":true,"href":"https:\/\/emotionguitars.com\/en\/wp-json\/wp\/v2\/product_tag?post=4716"}],"curies":[{"name":"wp","href":"https:\/\/api.w.org\/{rel}","templated":true}]}}