{"id":4726,"date":"2023-12-16T21:11:46","date_gmt":"2023-12-16T14:11:46","guid":{"rendered":"https:\/\/emotionguitars.com\/?post_type=product&#038;p=4726"},"modified":"2024-04-02T12:56:01","modified_gmt":"2024-04-02T05:56:01","slug":"masaki-sakurai-pc-2023-brand-new","status":"publish","type":"product","link":"https:\/\/emotionguitars.com\/en\/product\/masaki-sakurai-pc-2023-brand-new\/","title":{"rendered":"Masaki Sakurai PC &#8211; 2023 (brand new)"},"content":{"rendered":"<p>C\u00e2y \u0111\u00e0n tuy\u1ec7t v\u1eddi \u0111\u01b0\u1ee3c ch\u1ebf t\u00e1c b\u1edfi ngh\u1ec7 nh\u00e2n Masaki Sakurai, c\u0169ng l\u00e0 m\u1eabu \u0111\u00e0n \u0111\u01b0\u1ee3c gi\u1ea3i nh\u1ea5t t\u1ea1i Paris n\u0103m 1988 c\u1ee7a \u00f4ng.<br \/>\nC\u00e2y \u0111\u00e0n v\u1edbi v\u1ebb \u0111\u1eb9p kh\u00f4ng th\u1ec3 di\u1ec5n t\u1ea3 c\u00f9ng \u00e2m thanh v\u00f4 c\u00f9ng tinh t\u1ebf, l\u1eafng \u0111\u1ecdng l\u00e0 l\u1ef1a ch\u1ecdn kh\u00f4ng th\u1ec3 t\u1ed1t h\u01a1n.<\/p>","protected":false},"excerpt":{"rendered":"<p>C\u00e2y \u0111\u00e0n tuy\u1ec7t v\u1eddi \u0111\u01b0\u1ee3c ch\u1ebf t\u00e1c b\u1edfi ngh\u1ec7 nh\u00e2n Masaki Sakurai, c\u0169ng l\u00e0 m\u1eabu \u0111\u00e0n \u0111\u01b0\u1ee3c gi\u1ea3i nh\u1ea5t t\u1ea1i Paris n\u0103m 1988 c\u1ee7a \u00f4ng. C\u00e2y \u0111\u00e0n v\u1edbi v\u1ebb \u0111\u1eb9p kh\u00f4ng th\u1ec3 di\u1ec5n t\u1ea3 c\u00f9ng \u00e2m thanh v\u00f4 c\u00f9ng tinh t\u1ebf, l\u1eafng \u0111\u1ecdng l\u00e0 l\u1ef1a ch\u1ecdn kh\u00f4ng th\u1ec3 t\u1ed1t h\u01a1n.<\/p>","protected":false},"featured_media":4727,"template":"","meta":[],"product_cat":[20,25,213],"product_tag":[549],"class_list":["post-4726","product","type-product","status-publish","has-post-thumbnail","hentry","product_cat-dan-guitar","product_cat-sakurai-kohno","product_cat-dan-cao-cap","product_tag-sakurai-pc"],"_links":{"self":[{"href":"https:\/\/emotionguitars.com\/en\/wp-json\/wp\/v2\/product\/4726","targetHints":{"allow":["GET"]}}],"collection":[{"href":"https:\/\/emotionguitars.com\/en\/wp-json\/wp\/v2\/product"}],"about":[{"href":"https:\/\/emotionguitars.com\/en\/wp-json\/wp\/v2\/types\/product"}],"wp:featuredmedia":[{"embeddable":true,"href":"https:\/\/emotionguitars.com\/en\/wp-json\/wp\/v2\/media\/4727"}],"wp:attachment":[{"href":"https:\/\/emotionguitars.com\/en\/wp-json\/wp\/v2\/media?parent=4726"}],"wp:term":[{"taxonomy":"product_cat","embeddable":true,"href":"https:\/\/emotionguitars.com\/en\/wp-json\/wp\/v2\/product_cat?post=4726"},{"taxonomy":"product_tag","embeddable":true,"href":"https:\/\/emotionguitars.com\/en\/wp-json\/wp\/v2\/product_tag?post=4726"}],"curies":[{"name":"wp","href":"https:\/\/api.w.org\/{rel}","templated":true}]}}