{"id":4742,"date":"2023-12-19T13:53:48","date_gmt":"2023-12-19T06:53:48","guid":{"rendered":"https:\/\/emotionguitars.com\/?post_type=product&#038;p=4742"},"modified":"2025-05-16T06:08:40","modified_gmt":"2025-05-15T23:08:40","slug":"masaki-sakurai-pc-2012-like-new","status":"publish","type":"product","link":"https:\/\/emotionguitars.com\/en\/product\/masaki-sakurai-pc-2012-like-new\/","title":{"rendered":"Masaki Sakurai PC &#8211; 2012 (like new)"},"content":{"rendered":"<p>C\u00e2y \u0111\u00e0n th\u1ef1c s\u1ef1 \u1ea5n t\u01b0\u1ee3ng b\u1edfi v\u1ebb b\u1ec1 ngo\u00e0i nh\u00e3 nh\u1eb7n v\u00e0 tinh t\u1ebf, \u00e2m thanh trong tr\u1ebbo, gi\u00e0u nh\u1ea1c t\u00ednh.<\/p>\n<p>\u2022 Th\u00f4ng s\u1ed1 \u0111\u00e0n<br \/>\nTop: spruce<br \/>\nBack, side: Jacaranda<br \/>\nScale, nut: 650mm, 52mm<br \/>\nK\u00e8m case v\u00e0 d\u00e2y Savarez 510mrp<\/p>","protected":false},"excerpt":{"rendered":"<p>C\u00e2y \u0111\u00e0n th\u1ef1c s\u1ef1 \u1ea5n t\u01b0\u1ee3ng b\u1edfi v\u1ebb b\u1ec1 ngo\u00e0i nh\u00e3 nh\u1eb7n v\u00e0 tinh t\u1ebf, \u00e2m thanh trong tr\u1ebbo, gi\u00e0u nh\u1ea1c t\u00ednh. \u2022 Th\u00f4ng s\u1ed1 \u0111\u00e0n Top: spruce Back, side: Jacaranda Scale, nut: 650mm, 52mm K\u00e8m case v\u00e0 d\u00e2y Savarez 510mrp<\/p>","protected":false},"featured_media":4743,"template":"","meta":[],"product_cat":[20,25,213],"product_tag":[549],"class_list":["post-4742","product","type-product","status-publish","has-post-thumbnail","hentry","product_cat-dan-guitar","product_cat-sakurai-kohno","product_cat-dan-cao-cap","product_tag-sakurai-pc"],"_links":{"self":[{"href":"https:\/\/emotionguitars.com\/en\/wp-json\/wp\/v2\/product\/4742","targetHints":{"allow":["GET"]}}],"collection":[{"href":"https:\/\/emotionguitars.com\/en\/wp-json\/wp\/v2\/product"}],"about":[{"href":"https:\/\/emotionguitars.com\/en\/wp-json\/wp\/v2\/types\/product"}],"wp:featuredmedia":[{"embeddable":true,"href":"https:\/\/emotionguitars.com\/en\/wp-json\/wp\/v2\/media\/4743"}],"wp:attachment":[{"href":"https:\/\/emotionguitars.com\/en\/wp-json\/wp\/v2\/media?parent=4742"}],"wp:term":[{"taxonomy":"product_cat","embeddable":true,"href":"https:\/\/emotionguitars.com\/en\/wp-json\/wp\/v2\/product_cat?post=4742"},{"taxonomy":"product_tag","embeddable":true,"href":"https:\/\/emotionguitars.com\/en\/wp-json\/wp\/v2\/product_tag?post=4742"}],"curies":[{"name":"wp","href":"https:\/\/api.w.org\/{rel}","templated":true}]}}