{"id":4750,"date":"2023-12-27T13:52:56","date_gmt":"2023-12-27T06:52:56","guid":{"rendered":"https:\/\/emotionguitars.com\/?post_type=product&#038;p=4750"},"modified":"2025-05-06T21:55:47","modified_gmt":"2025-05-06T14:55:47","slug":"masaki-sakurai-77th-2021-brand-new","status":"publish","type":"product","link":"https:\/\/emotionguitars.com\/en\/product\/masaki-sakurai-77th-2021-brand-new\/","title":{"rendered":"Masaki Sakurai 77th &#8211; 2021 (brand new)"},"content":{"rendered":"<p>Ch\u1ec9 c\u00f3 20 c\u00e2y tr\u00ean th\u1ebf gi\u1edbi v\u1edbi b\u1ed9 g\u1ed7 Brazil h\u01a1n 300 n\u0103m tu\u1ed5i do Masaru Kohno mua c\u1ee7a nh\u00e0 Hermann Hauser 1 nh\u1eefng n\u0103m 60 th\u1ebf k\u1ef7 tr\u01b0\u1edbc.<br \/>\nXin ch\u00fac m\u1eebng cho nh\u1eefng ai \u0111\u00e3 may m\u1eafn s\u1edf h\u1eefu \u0111\u01b0\u1ee3c 1 trong s\u1ed1 20 c\u00e2y n\u00e0y, v\u00e0 nh\u1edb \u0111\u1eebng n\u00f3ng v\u1ed9i b\u00e1n d\u01b0\u1edbi 2 tri\u1ec7u \u00a5 Nh\u1eadt v\u00ec \u00e2m thanh c\u1ee7a Sakurai 77th kh\u00f4ng h\u1ec1 thua k\u00e9m guitar c\u1ee7a c\u00e1c huy\u1ec1n tho\u1ea1i \u0111\u00e3 khu\u1ea5t n\u00fai nh\u1eefng n\u0103m xa, v\u00e0 l\u1ecbch s\u1eed sau n\u00e0y s\u1ebd ch\u1ee9ng minh, n\u00f3 kh\u00f4ng h\u1ec1 k\u00e9m \u1edf gi\u00e1 tr\u1ecb s\u01b0u t\u1ea7m.<\/p>","protected":false},"excerpt":{"rendered":"<p>Ch\u1ec9 c\u00f3 20 c\u00e2y tr\u00ean th\u1ebf gi\u1edbi v\u1edbi b\u1ed9 g\u1ed7 Brazil h\u01a1n 300 n\u0103m tu\u1ed5i do Masaru Kohno mua c\u1ee7a nh\u00e0 Hermann Hauser 1 nh\u1eefng n\u0103m 60 th\u1ebf k\u1ef7 tr\u01b0\u1edbc. Xin ch\u00fac m\u1eebng cho nh\u1eefng ai \u0111\u00e3 may m\u1eafn s\u1edf h\u1eefu \u0111\u01b0\u1ee3c 1 trong s\u1ed1 20 c\u00e2y n\u00e0y, v\u00e0 nh\u1edb \u0111\u1eebng n\u00f3ng v\u1ed9i b\u00e1n d\u01b0\u1edbi&#8230;<\/p>","protected":false},"featured_media":4751,"template":"","meta":[],"product_cat":[533,20,25,213],"product_tag":[667],"class_list":["post-4750","product","type-product","status-publish","has-post-thumbnail","hentry","product_cat-luxury","product_cat-dan-guitar","product_cat-sakurai-kohno","product_cat-dan-cao-cap","product_tag-sakurai-77th"],"_links":{"self":[{"href":"https:\/\/emotionguitars.com\/en\/wp-json\/wp\/v2\/product\/4750","targetHints":{"allow":["GET"]}}],"collection":[{"href":"https:\/\/emotionguitars.com\/en\/wp-json\/wp\/v2\/product"}],"about":[{"href":"https:\/\/emotionguitars.com\/en\/wp-json\/wp\/v2\/types\/product"}],"wp:featuredmedia":[{"embeddable":true,"href":"https:\/\/emotionguitars.com\/en\/wp-json\/wp\/v2\/media\/4751"}],"wp:attachment":[{"href":"https:\/\/emotionguitars.com\/en\/wp-json\/wp\/v2\/media?parent=4750"}],"wp:term":[{"taxonomy":"product_cat","embeddable":true,"href":"https:\/\/emotionguitars.com\/en\/wp-json\/wp\/v2\/product_cat?post=4750"},{"taxonomy":"product_tag","embeddable":true,"href":"https:\/\/emotionguitars.com\/en\/wp-json\/wp\/v2\/product_tag?post=4750"}],"curies":[{"name":"wp","href":"https:\/\/api.w.org\/{rel}","templated":true}]}}