{"id":4758,"date":"2023-12-29T10:17:21","date_gmt":"2023-12-29T03:17:21","guid":{"rendered":"https:\/\/emotionguitars.com\/?post_type=product&#038;p=4758"},"modified":"2025-04-29T23:57:54","modified_gmt":"2025-04-29T16:57:54","slug":"matsuoka-no-100-1972-very-good","status":"publish","type":"product","link":"https:\/\/emotionguitars.com\/en\/product\/matsuoka-no-100-1972-very-good\/","title":{"rendered":"Matsuoka no.100 &#8211; 1972 (very good)"},"content":{"rendered":"<p>C\u00e2y \u0111\u00e0n r\u1ea5t hi\u1ebfm, th\u1eadm ch\u00ed c\u00f3 th\u1ec3 kh\u00f4ng c\u00f3 c\u00e2y th\u1ee9 2 t\u1ea1i Vi\u1ec7t Nam.<br \/>\nM\u1ed9t c\u00e2y \u0111\u00e0n Top c\u1ee7a Matsuoka v\u1edbi \u00e2m thanh r\u1ea5t clear v\u00e0 tinh t\u1ebf<\/p>","protected":false},"excerpt":{"rendered":"<p>C\u00e2y \u0111\u00e0n r\u1ea5t hi\u1ebfm, th\u1eadm ch\u00ed c\u00f3 th\u1ec3 kh\u00f4ng c\u00f3 c\u00e2y th\u1ee9 2 t\u1ea1i Vi\u1ec7t Nam. M\u1ed9t c\u00e2y \u0111\u00e0n Top c\u1ee7a Matsuoka v\u1edbi \u00e2m thanh r\u1ea5t clear v\u00e0 tinh t\u1ebf<\/p>","protected":false},"featured_media":4759,"template":"","meta":[],"product_cat":[533,20,213],"product_tag":[],"class_list":["post-4758","product","type-product","status-publish","has-post-thumbnail","hentry","product_cat-luxury","product_cat-dan-guitar","product_cat-dan-cao-cap"],"_links":{"self":[{"href":"https:\/\/emotionguitars.com\/en\/wp-json\/wp\/v2\/product\/4758","targetHints":{"allow":["GET"]}}],"collection":[{"href":"https:\/\/emotionguitars.com\/en\/wp-json\/wp\/v2\/product"}],"about":[{"href":"https:\/\/emotionguitars.com\/en\/wp-json\/wp\/v2\/types\/product"}],"wp:featuredmedia":[{"embeddable":true,"href":"https:\/\/emotionguitars.com\/en\/wp-json\/wp\/v2\/media\/4759"}],"wp:attachment":[{"href":"https:\/\/emotionguitars.com\/en\/wp-json\/wp\/v2\/media?parent=4758"}],"wp:term":[{"taxonomy":"product_cat","embeddable":true,"href":"https:\/\/emotionguitars.com\/en\/wp-json\/wp\/v2\/product_cat?post=4758"},{"taxonomy":"product_tag","embeddable":true,"href":"https:\/\/emotionguitars.com\/en\/wp-json\/wp\/v2\/product_tag?post=4758"}],"curies":[{"name":"wp","href":"https:\/\/api.w.org\/{rel}","templated":true}]}}